{"id":2925,"date":"2023-03-23T11:03:46","date_gmt":"2023-03-23T09:03:46","guid":{"rendered":"https:\/\/ostacbd.ee\/mahdolliset-sovellukset\/"},"modified":"2023-03-28T12:26:45","modified_gmt":"2023-03-28T10:26:45","slug":"mahdolliset-sovellukset","status":"publish","type":"page","link":"https:\/\/ostacbd.ee\/fi\/mahdolliset-sovellukset\/","title":{"rendered":"Mahdolliset sovellukset"},"content":{"rendered":"\t\t<div data-elementor-type=\"wp-page\" data-elementor-id=\"2925\" class=\"elementor elementor-2925 elementor-1562\">\n\t\t\t\t\t\t\t<div class=\"elementor-element elementor-element-5ed1d30 e-flex e-con-boxed elementor-invisible e-con e-parent\" data-id=\"5ed1d30\" data-element_type=\"container\" data-settings=\"{&quot;animation&quot;:&quot;fadeIn&quot;,&quot;animation_mobile&quot;:&quot;none&quot;,&quot;content_width&quot;:&quot;boxed&quot;}\" data-core-v316-plus=\"true\">\n\t\t\t\t\t<div class=\"e-con-inner\">\n\t\t\t\t<div class=\"elementor-element elementor-element-10741e7 elementor-widget elementor-widget-heading\" data-id=\"10741e7\" data-element_type=\"widget\" data-widget_type=\"heading.default\">\n\t\t\t\t<div class=\"elementor-widget-container\">\n\t\t\t<style>\/*! elementor - v3.16.0 - 20-09-2023 *\/\n.elementor-heading-title{padding:0;margin:0;line-height:1}.elementor-widget-heading .elementor-heading-title[class*=elementor-size-]>a{color:inherit;font-size:inherit;line-height:inherit}.elementor-widget-heading .elementor-heading-title.elementor-size-small{font-size:15px}.elementor-widget-heading .elementor-heading-title.elementor-size-medium{font-size:19px}.elementor-widget-heading .elementor-heading-title.elementor-size-large{font-size:29px}.elementor-widget-heading .elementor-heading-title.elementor-size-xl{font-size:39px}.elementor-widget-heading .elementor-heading-title.elementor-size-xxl{font-size:59px}<\/style><h2 class=\"elementor-heading-title elementor-size-default\">Mahdolliset sovellukset<\/h2>\t\t<\/div>\n\t\t\t\t<\/div>\n\t\t\t\t<div class=\"elementor-element elementor-element-5eb32d8 elementor-widget__width-initial elementor-widget elementor-widget-text-editor\" data-id=\"5eb32d8\" data-element_type=\"widget\" data-widget_type=\"text-editor.default\">\n\t\t\t\t<div class=\"elementor-widget-container\">\n\t\t\t<style>\/*! elementor - v3.16.0 - 20-09-2023 *\/\n.elementor-widget-text-editor.elementor-drop-cap-view-stacked .elementor-drop-cap{background-color:#69727d;color:#fff}.elementor-widget-text-editor.elementor-drop-cap-view-framed .elementor-drop-cap{color:#69727d;border:3px solid;background-color:transparent}.elementor-widget-text-editor:not(.elementor-drop-cap-view-default) .elementor-drop-cap{margin-top:8px}.elementor-widget-text-editor:not(.elementor-drop-cap-view-default) .elementor-drop-cap-letter{width:1em;height:1em}.elementor-widget-text-editor .elementor-drop-cap{float:left;text-align:center;line-height:1;font-size:50px}.elementor-widget-text-editor .elementor-drop-cap-letter{display:inline-block}<\/style>\t\t\t\t<p>Kirjoitimme t\u00e4m\u00e4n artikkelin n\u00e4ytt\u00e4\u00e4ksemme, miten ihmiset ymp\u00e4ri maailmaa k\u00e4ytt\u00e4v\u00e4t <strong>CBD-tuotteita<\/strong> omiin tarkoituksiinsa. Jos haluat k\u00e4ytt\u00e4\u00e4 <strong>CBD:t\u00e4<\/strong> l\u00e4\u00e4kkeen\u00e4, ota yhteys kotil\u00e4\u00e4k\u00e4riin.<\/p>\n\t\t\t\t\t\t<\/div>\n\t\t\t\t<\/div>\n\t\t\t\t<div class=\"elementor-element elementor-element-87971d9 elementor-widget elementor-widget-heading\" data-id=\"87971d9\" data-element_type=\"widget\" data-widget_type=\"heading.default\">\n\t\t\t\t<div class=\"elementor-widget-container\">\n\t\t\t<h2 class=\"elementor-heading-title elementor-size-default\">CBD-\u00f6ljy<\/h2>\t\t<\/div>\n\t\t\t\t<\/div>\n\t\t\t\t<div class=\"elementor-element elementor-element-1be9751 elementor-widget elementor-widget-text-editor\" data-id=\"1be9751\" data-element_type=\"widget\" data-widget_type=\"text-editor.default\">\n\t\t\t\t<div class=\"elementor-widget-container\">\n\t\t\t\t\t\t\t<ul>\n<li>Sekoittaminen ruokaan tai juomaan.<\/li>\n<li>Otetaan pipetill\u00e4 tai tiputtimella. CBD-\u00f6ljyn k\u00e4ytt\u00e4miseksi tiputa yksi tai useampi tippa kielen alle ja pid\u00e4 annosta 30-60 sekuntia nielem\u00e4tt\u00e4.<\/li>\n<li>Kapselien nieleminen (veden kanssa).<\/li>\n<li>Hieromalla \u00f6ljy\u00e4 ihoon.<\/li>\n<\/ul>\n\t\t\t\t\t\t<\/div>\n\t\t\t\t<\/div>\n\t\t\t\t<div class=\"elementor-element elementor-element-28baea1 elementor-widget elementor-widget-heading\" data-id=\"28baea1\" data-element_type=\"widget\" data-widget_type=\"heading.default\">\n\t\t\t\t<div class=\"elementor-widget-container\">\n\t\t\t<h2 class=\"elementor-heading-title elementor-size-default\">CBD tee<\/h2>\t\t<\/div>\n\t\t\t\t<\/div>\n\t\t\t\t<div class=\"elementor-element elementor-element-530b17e elementor-widget elementor-widget-text-editor\" data-id=\"530b17e\" data-element_type=\"widget\" data-widget_type=\"text-editor.default\">\n\t\t\t\t<div class=\"elementor-widget-container\">\n\t\t\t\t\t\t\t<ul>\n<li>Monet k\u00e4ytt\u00e4v\u00e4t sit\u00e4 ennen nukkumaanmenoa.<\/li>\n<li>Jotta kannabinoidit imeytyisiv\u00e4t mahdollisimman hyvin, on suositeltavaa juoda CBD-kannabisteet\u00e4 tyhj\u00e4\u00e4n vatsaan.<\/li>\n<li>Ihmiset juovat kannabisteet\u00e4 monenlaisten terveysongelmien hoitoon, aamupahoinvoinnista stressiin.<\/li>\n<li>Kaada p\u00e4\u00e4lle kuumaa vett\u00e4 ja anna liota 5 minuuttia. Tarvitset 250 ml vett\u00e4 ja 1-3 g kannabisteet\u00e4.<\/li>\n<\/ul>\n\t\t\t\t\t\t<\/div>\n\t\t\t\t<\/div>\n\t\t\t\t<div class=\"elementor-element elementor-element-cce598e elementor-widget elementor-widget-heading\" data-id=\"cce598e\" data-element_type=\"widget\" data-widget_type=\"heading.default\">\n\t\t\t\t<div class=\"elementor-widget-container\">\n\t\t\t<h2 class=\"elementor-heading-title elementor-size-default\">CBD kukat<\/h2>\t\t<\/div>\n\t\t\t\t<\/div>\n\t\t\t\t<div class=\"elementor-element elementor-element-a7f3033 elementor-widget elementor-widget-text-editor\" data-id=\"a7f3033\" data-element_type=\"widget\" data-widget_type=\"text-editor.default\">\n\t\t\t\t<div class=\"elementor-widget-container\">\n\t\t\t\t\t\t\t<ul>\n \t<li>Ruoka: CBD:n kukat ovat sy\u00f6t\u00e4vi\u00e4, ja niit\u00e4 voidaan k\u00e4ytt\u00e4\u00e4 elintarvikkeissa, kuten kekseiss\u00e4 voikapseleissa.<\/li>\n \t<li>Samaan aikaan monet ihmiset k\u00e4ytt\u00e4v\u00e4t niit\u00e4 aromina (ruokamuruna).<\/li>\n \t<li>Teet\u00e4: Jotkut valmistavat CBD-kukkateet\u00e4.<\/li>\n \t<li>Tupakointi: kuten tavallista kannabista, my\u00f6s CBD-kukkia voi polttaa.<\/li>\n \t<li>H\u00f6yrystyminen: CBD-nuput voivat haihtua. T\u00e4t\u00e4 menetelm\u00e4\u00e4 kutsutaan kuivien yrttien j\u00e4\u00e4hdytt\u00e4miseksi.<\/li>\n \t<li>CBD on parasta s\u00e4ilytt\u00e4\u00e4 j\u00e4\u00e4kaapissa ja pime\u00e4ss\u00e4. Sen j\u00e4lkeen vaikutus kest\u00e4\u00e4 jopa vuoden.<\/li>\n<\/ul>\t\t\t\t\t\t<\/div>\n\t\t\t\t<\/div>\n\t\t\t\t\t<\/div>\n\t\t\t\t<\/div>\n\t\t\t\t\t\t\t<\/div>\n\t\t","protected":false},"excerpt":{"rendered":"<p>Kirjoitimme t\u00e4m\u00e4n artikkelin n\u00e4ytt\u00e4\u00e4ksemme, miten ihmiset ymp\u00e4ri maailmaa k\u00e4ytt\u00e4v\u00e4t CBD-tuotteita omiin tarkoituksiinsa. Jos haluat k\u00e4ytt\u00e4\u00e4 CBD:t\u00e4 l\u00e4\u00e4kkeen\u00e4, ota yhteys kotil\u00e4\u00e4k\u00e4riin. CBD-\u00f6ljy Sekoittaminen ruokaan tai juomaan. Otetaan pipetill\u00e4 tai tiputtimella. CBD-\u00f6ljyn k\u00e4ytt\u00e4miseksi tiputa yksi tai useampi tippa kielen alle ja pid\u00e4 annosta 30-60 sekuntia nielem\u00e4tt\u00e4. Kapselien nieleminen (veden kanssa). Hieromalla \u00f6ljy\u00e4 ihoon. CBD tee Monet k\u00e4ytt\u00e4v\u00e4t [&hellip;]<\/p>\n","protected":false},"author":1,"featured_media":2701,"parent":0,"menu_order":0,"comment_status":"closed","ping_status":"closed","template":"","meta":{"footnotes":""},"class_list":["post-2925","page","type-page","status-publish","has-post-thumbnail","hentry"],"acf":[],"yoast_head":"<!-- This site is optimized with the Yoast SEO plugin v21.2 - https:\/\/yoast.com\/wordpress\/plugins\/seo\/ -->\n<title>Mahdolliset sovellukset &#8226; OstaCBD<\/title>\n<meta name=\"robots\" content=\"index, follow, max-snippet:-1, max-image-preview:large, max-video-preview:-1\" \/>\n<link rel=\"canonical\" href=\"https:\/\/ostacbd.ee\/fi\/mahdolliset-sovellukset\/\" \/>\n<meta property=\"og:locale\" content=\"fi_FI\" \/>\n<meta property=\"og:type\" content=\"article\" \/>\n<meta property=\"og:title\" content=\"Mahdolliset sovellukset &#8226; OstaCBD\" \/>\n<meta property=\"og:description\" content=\"Kirjoitimme t\u00e4m\u00e4n artikkelin n\u00e4ytt\u00e4\u00e4ksemme, miten ihmiset ymp\u00e4ri maailmaa k\u00e4ytt\u00e4v\u00e4t CBD-tuotteita omiin tarkoituksiinsa. Jos haluat k\u00e4ytt\u00e4\u00e4 CBD:t\u00e4 l\u00e4\u00e4kkeen\u00e4, ota yhteys kotil\u00e4\u00e4k\u00e4riin. CBD-\u00f6ljy Sekoittaminen ruokaan tai juomaan. Otetaan pipetill\u00e4 tai tiputtimella. CBD-\u00f6ljyn k\u00e4ytt\u00e4miseksi tiputa yksi tai useampi tippa kielen alle ja pid\u00e4 annosta 30-60 sekuntia nielem\u00e4tt\u00e4. Kapselien nieleminen (veden kanssa). Hieromalla \u00f6ljy\u00e4 ihoon. CBD tee Monet k\u00e4ytt\u00e4v\u00e4t [&hellip;]\" \/>\n<meta property=\"og:url\" content=\"https:\/\/ostacbd.ee\/fi\/mahdolliset-sovellukset\/\" \/>\n<meta property=\"og:site_name\" content=\"OstaCBD\" \/>\n<meta property=\"article:modified_time\" content=\"2023-03-28T10:26:45+00:00\" \/>\n<meta property=\"og:image\" content=\"https:\/\/ostacbd.ee\/wp-content\/uploads\/2023\/03\/cropped-cbd-favicon.jpg\" \/>\n\t<meta property=\"og:image:width\" content=\"512\" \/>\n\t<meta property=\"og:image:height\" content=\"512\" \/>\n\t<meta property=\"og:image:type\" content=\"image\/jpeg\" \/>\n<meta name=\"twitter:card\" content=\"summary_large_image\" \/>\n<meta name=\"twitter:label1\" content=\"Arvioitu lukuaika\" \/>\n\t<meta name=\"twitter:data1\" content=\"1 minuutti\" \/>\n<!-- \/ Yoast SEO plugin. -->","yoast_head_json":{"title":"Mahdolliset sovellukset &#8226; OstaCBD","robots":{"index":"index","follow":"follow","max-snippet":"max-snippet:-1","max-image-preview":"max-image-preview:large","max-video-preview":"max-video-preview:-1"},"canonical":"https:\/\/ostacbd.ee\/fi\/mahdolliset-sovellukset\/","og_locale":"fi_FI","og_type":"article","og_title":"Mahdolliset sovellukset &#8226; OstaCBD","og_description":"Kirjoitimme t\u00e4m\u00e4n artikkelin n\u00e4ytt\u00e4\u00e4ksemme, miten ihmiset ymp\u00e4ri maailmaa k\u00e4ytt\u00e4v\u00e4t CBD-tuotteita omiin tarkoituksiinsa. Jos haluat k\u00e4ytt\u00e4\u00e4 CBD:t\u00e4 l\u00e4\u00e4kkeen\u00e4, ota yhteys kotil\u00e4\u00e4k\u00e4riin. CBD-\u00f6ljy Sekoittaminen ruokaan tai juomaan. Otetaan pipetill\u00e4 tai tiputtimella. CBD-\u00f6ljyn k\u00e4ytt\u00e4miseksi tiputa yksi tai useampi tippa kielen alle ja pid\u00e4 annosta 30-60 sekuntia nielem\u00e4tt\u00e4. Kapselien nieleminen (veden kanssa). Hieromalla \u00f6ljy\u00e4 ihoon. CBD tee Monet k\u00e4ytt\u00e4v\u00e4t [&hellip;]","og_url":"https:\/\/ostacbd.ee\/fi\/mahdolliset-sovellukset\/","og_site_name":"OstaCBD","article_modified_time":"2023-03-28T10:26:45+00:00","og_image":[{"width":512,"height":512,"url":"https:\/\/ostacbd.ee\/wp-content\/uploads\/2023\/03\/cropped-cbd-favicon.jpg","type":"image\/jpeg"}],"twitter_card":"summary_large_image","twitter_misc":{"Arvioitu lukuaika":"1 minuutti"},"schema":{"@context":"https:\/\/schema.org","@graph":[{"@type":"WebPage","@id":"https:\/\/ostacbd.ee\/fi\/mahdolliset-sovellukset\/","url":"https:\/\/ostacbd.ee\/fi\/mahdolliset-sovellukset\/","name":"Mahdolliset sovellukset &#8226; OstaCBD","isPartOf":{"@id":"https:\/\/ostacbd.ee\/fi\/#website"},"datePublished":"2023-03-23T09:03:46+00:00","dateModified":"2023-03-28T10:26:45+00:00","breadcrumb":{"@id":"https:\/\/ostacbd.ee\/fi\/mahdolliset-sovellukset\/#breadcrumb"},"inLanguage":"fi","potentialAction":[{"@type":"ReadAction","target":["https:\/\/ostacbd.ee\/fi\/mahdolliset-sovellukset\/"]}]},{"@type":"BreadcrumbList","@id":"https:\/\/ostacbd.ee\/fi\/mahdolliset-sovellukset\/#breadcrumb","itemListElement":[{"@type":"ListItem","position":1,"name":"Home","item":"https:\/\/ostacbd.ee\/fi\/"},{"@type":"ListItem","position":2,"name":"Mahdolliset sovellukset"}]},{"@type":"WebSite","@id":"https:\/\/ostacbd.ee\/fi\/#website","url":"https:\/\/ostacbd.ee\/fi\/","name":"OstaCBD","description":"","publisher":{"@id":"https:\/\/ostacbd.ee\/fi\/#organization"},"potentialAction":[{"@type":"SearchAction","target":{"@type":"EntryPoint","urlTemplate":"https:\/\/ostacbd.ee\/fi\/?s={search_term_string}"},"query-input":"required name=search_term_string"}],"inLanguage":"fi"},{"@type":"Organization","@id":"https:\/\/ostacbd.ee\/fi\/#organization","name":"OstaCBD.ee \u2022 Parim CBD Eestis","url":"https:\/\/ostacbd.ee\/fi\/","logo":{"@type":"ImageObject","inLanguage":"fi","@id":"https:\/\/ostacbd.ee\/fi\/#\/schema\/logo\/image\/","url":"https:\/\/ostacbd.ee\/wp-content\/uploads\/2023\/03\/cbd-favicon.jpg","contentUrl":"https:\/\/ostacbd.ee\/wp-content\/uploads\/2023\/03\/cbd-favicon.jpg","width":512,"height":512,"caption":"OstaCBD.ee \u2022 Parim CBD Eestis"},"image":{"@id":"https:\/\/ostacbd.ee\/fi\/#\/schema\/logo\/image\/"}}]}},"_links":{"self":[{"href":"https:\/\/ostacbd.ee\/fi\/wp-json\/wp\/v2\/pages\/2925","targetHints":{"allow":["GET"]}}],"collection":[{"href":"https:\/\/ostacbd.ee\/fi\/wp-json\/wp\/v2\/pages"}],"about":[{"href":"https:\/\/ostacbd.ee\/fi\/wp-json\/wp\/v2\/types\/page"}],"author":[{"embeddable":true,"href":"https:\/\/ostacbd.ee\/fi\/wp-json\/wp\/v2\/users\/1"}],"replies":[{"embeddable":true,"href":"https:\/\/ostacbd.ee\/fi\/wp-json\/wp\/v2\/comments?post=2925"}],"version-history":[{"count":2,"href":"https:\/\/ostacbd.ee\/fi\/wp-json\/wp\/v2\/pages\/2925\/revisions"}],"predecessor-version":[{"id":2927,"href":"https:\/\/ostacbd.ee\/fi\/wp-json\/wp\/v2\/pages\/2925\/revisions\/2927"}],"wp:featuredmedia":[{"embeddable":true,"href":"https:\/\/ostacbd.ee\/fi\/wp-json\/wp\/v2\/media\/2701"}],"wp:attachment":[{"href":"https:\/\/ostacbd.ee\/fi\/wp-json\/wp\/v2\/media?parent=2925"}],"curies":[{"name":"wp","href":"https:\/\/api.w.org\/{rel}","templated":true}]}}