{"id":3167,"date":"2023-03-25T13:03:01","date_gmt":"2023-03-25T11:03:01","guid":{"rendered":"https:\/\/ostacbd.ee\/ota-yhteytta\/"},"modified":"2023-03-28T12:28:06","modified_gmt":"2023-03-28T10:28:06","slug":"ota-yhteytta","status":"publish","type":"page","link":"https:\/\/ostacbd.ee\/fi\/ota-yhteytta\/","title":{"rendered":"Ota yhteytt\u00e4"},"content":{"rendered":"\t\t<div data-elementor-type=\"wp-page\" data-elementor-id=\"3167\" class=\"elementor elementor-3167 elementor-1878\">\n\t\t\t\t\t\t\t<div class=\"elementor-element elementor-element-2708921 e-flex e-con-boxed elementor-invisible e-con e-parent\" data-id=\"2708921\" data-element_type=\"container\" data-settings=\"{&quot;animation&quot;:&quot;fadeIn&quot;,&quot;animation_mobile&quot;:&quot;none&quot;,&quot;content_width&quot;:&quot;boxed&quot;}\" data-core-v316-plus=\"true\">\n\t\t\t\t\t<div class=\"e-con-inner\">\n\t\t\t\t<div class=\"elementor-element elementor-element-8ad7e49 elementor-widget elementor-widget-heading\" data-id=\"8ad7e49\" data-element_type=\"widget\" data-widget_type=\"heading.default\">\n\t\t\t\t<div class=\"elementor-widget-container\">\n\t\t\t<style>\/*! elementor - v3.16.0 - 20-09-2023 *\/\n.elementor-heading-title{padding:0;margin:0;line-height:1}.elementor-widget-heading .elementor-heading-title[class*=elementor-size-]>a{color:inherit;font-size:inherit;line-height:inherit}.elementor-widget-heading .elementor-heading-title.elementor-size-small{font-size:15px}.elementor-widget-heading .elementor-heading-title.elementor-size-medium{font-size:19px}.elementor-widget-heading .elementor-heading-title.elementor-size-large{font-size:29px}.elementor-widget-heading .elementor-heading-title.elementor-size-xl{font-size:39px}.elementor-widget-heading .elementor-heading-title.elementor-size-xxl{font-size:59px}<\/style><h2 class=\"elementor-heading-title elementor-size-default\">Ota yhteytt\u00e4<\/h2>\t\t<\/div>\n\t\t\t\t<\/div>\n\t\t\t\t<div class=\"elementor-element elementor-element-47ac835 elementor-widget__width-initial elementor-widget elementor-widget-text-editor\" data-id=\"47ac835\" data-element_type=\"widget\" data-widget_type=\"text-editor.default\">\n\t\t\t\t<div class=\"elementor-widget-container\">\n\t\t\t<style>\/*! elementor - v3.16.0 - 20-09-2023 *\/\n.elementor-widget-text-editor.elementor-drop-cap-view-stacked .elementor-drop-cap{background-color:#69727d;color:#fff}.elementor-widget-text-editor.elementor-drop-cap-view-framed .elementor-drop-cap{color:#69727d;border:3px solid;background-color:transparent}.elementor-widget-text-editor:not(.elementor-drop-cap-view-default) .elementor-drop-cap{margin-top:8px}.elementor-widget-text-editor:not(.elementor-drop-cap-view-default) .elementor-drop-cap-letter{width:1em;height:1em}.elementor-widget-text-editor .elementor-drop-cap{float:left;text-align:center;line-height:1;font-size:50px}.elementor-widget-text-editor .elementor-drop-cap-letter{display:inline-block}<\/style>\t\t\t\t<p>Hei! Jos sinulla on kysytt\u00e4v\u00e4\u00e4, kommentteja tai ehdotuksia, ota rohkeasti yhteytt\u00e4 meihin. Arvostamme palautettasi ja olemme aina valmiita auttamaan. K\u00e4yt\u00e4 alla olevaa lomaketta tai l\u00e4het\u00e4 meille s\u00e4hk\u00f6postia osoitteeseen. Otamme sinuun yhteytt\u00e4 mahdollisimman pian. Kiitos etuk\u00e4teen ja odotamme innolla yhteydenottoanne!<\/p>\n\t\t\t\t\t\t<\/div>\n\t\t\t\t<\/div>\n\t\t<div class=\"elementor-element elementor-element-8a6a150 e-flex e-con-boxed e-con e-parent\" data-id=\"8a6a150\" data-element_type=\"container\" data-settings=\"{&quot;content_width&quot;:&quot;boxed&quot;}\" data-core-v316-plus=\"true\">\n\t\t\t\t\t<div class=\"e-con-inner\">\n\t\t\t\t<div class=\"elementor-element elementor-element-33cc90c elementor-widget__width-initial elementor-widget elementor-widget-shortcode\" data-id=\"33cc90c\" data-element_type=\"widget\" data-widget_type=\"shortcode.default\">\n\t\t\t\t<div class=\"elementor-widget-container\">\n\t\t\t\t\t<div class=\"elementor-shortcode\"><script type=\"text\/javascript\">var gform;gform||(document.addEventListener(\"gform_main_scripts_loaded\",function(){gform.scriptsLoaded=!0}),window.addEventListener(\"DOMContentLoaded\",function(){gform.domLoaded=!0}),gform={domLoaded:!1,scriptsLoaded:!1,initializeOnLoaded:function(o){gform.domLoaded&&gform.scriptsLoaded?o():!gform.domLoaded&&gform.scriptsLoaded?window.addEventListener(\"DOMContentLoaded\",o):document.addEventListener(\"gform_main_scripts_loaded\",o)},hooks:{action:{},filter:{}},addAction:function(o,n,r,t){gform.addHook(\"action\",o,n,r,t)},addFilter:function(o,n,r,t){gform.addHook(\"filter\",o,n,r,t)},doAction:function(o){gform.doHook(\"action\",o,arguments)},applyFilters:function(o){return gform.doHook(\"filter\",o,arguments)},removeAction:function(o,n){gform.removeHook(\"action\",o,n)},removeFilter:function(o,n,r){gform.removeHook(\"filter\",o,n,r)},addHook:function(o,n,r,t,i){null==gform.hooks[o][n]&&(gform.hooks[o][n]=[]);var e=gform.hooks[o][n];null==i&&(i=n+\"_\"+e.length),gform.hooks[o][n].push({tag:i,callable:r,priority:t=null==t?10:t})},doHook:function(n,o,r){var t;if(r=Array.prototype.slice.call(r,1),null!=gform.hooks[n][o]&&((o=gform.hooks[n][o]).sort(function(o,n){return o.priority-n.priority}),o.forEach(function(o){\"function\"!=typeof(t=o.callable)&&(t=window[t]),\"action\"==n?t.apply(null,r):r[0]=t.apply(null,r)})),\"filter\"==n)return r[0]},removeHook:function(o,n,t,i){var r;null!=gform.hooks[o][n]&&(r=(r=gform.hooks[o][n]).filter(function(o,n,r){return!!(null!=i&&i!=o.tag||null!=t&&t!=o.priority)}),gform.hooks[o][n]=r)}});<\/script>\n                <div class='gf_browser_gecko gform_wrapper gravity-theme gform-theme--no-framework' data-form-theme='gravity-theme' data-form-index='0' id='gform_wrapper_4' ><div id='gf_4' class='gform_anchor' tabindex='-1'><\/div>\n                        <div class='gform_heading'>\n                            <h2 class=\"gform_title\">Contact<\/h2>\n                        <\/div><form method='post' enctype='multipart\/form-data' target='gform_ajax_frame_4' id='gform_4'  action='\/fi\/wp-json\/wp\/v2\/pages\/3167#gf_4' data-formid='4' novalidate>\n                        <div class='gform-body gform_body'><div id='gform_fields_4' class='gform_fields top_label form_sublabel_below description_below'><div id=\"field_4_1\"  class=\"gfield gfield--type-text field_sublabel_below gfield--no-description field_description_below gfield_visibility_visible\"  data-js-reload=\"field_4_1\"><label class='gfield_label gform-field-label' for='input_4_1' >Nimi<\/label><div class='ginput_container ginput_container_text'><input name='input_1' id='input_4_1' type='text' value='' class='large'    placeholder='Nimi'  aria-invalid=\"false\"   \/> <\/div><\/div><div id=\"field_4_3\"  class=\"gfield gfield--type-email gfield--width-full gfield_contains_required field_sublabel_below gfield--no-description field_description_below gfield_visibility_visible\"  data-js-reload=\"field_4_3\"><label class='gfield_label gform-field-label' for='input_4_3' >S\u00e4hk\u00f6posti<span class=\"gfield_required\"><span class=\"gfield_required gfield_required_text\">(Edellytet\u00e4\u00e4n)<\/span><\/span><\/label><div class='ginput_container ginput_container_email'>\n                            <input name='input_3' id='input_4_3' type='email' value='' class='large'   placeholder='S\u00e4hk\u00f6posti' aria-required=\"true\" aria-invalid=\"false\"  \/>\n                        <\/div><\/div><div id=\"field_4_4\"  class=\"gfield gfield--type-textarea gfield--width-full gfield_contains_required field_sublabel_below gfield--no-description field_description_below gfield_visibility_visible\"  data-js-reload=\"field_4_4\"><label class='gfield_label gform-field-label' for='input_4_4' >Viesti<span class=\"gfield_required\"><span class=\"gfield_required gfield_required_text\">(Edellytet\u00e4\u00e4n)<\/span><\/span><\/label><div class='ginput_container ginput_container_textarea'><textarea name='input_4' id='input_4_4' class='textarea small'    placeholder='Viesti' aria-required=\"true\" aria-invalid=\"false\"   rows='10' cols='50'><\/textarea><\/div><\/div><\/div><\/div>\n        <div class='gform_footer before'> <input type='submit' id='gform_submit_button_4' class='gform_button button' value='L\u00e4hett\u00e4\u00e4'  onclick='if(window[\"gf_submitting_4\"]){return false;}  if( !jQuery(\"#gform_4\")[0].checkValidity || jQuery(\"#gform_4\")[0].checkValidity()){window[\"gf_submitting_4\"]=true;}  ' onkeypress='if( event.keyCode == 13 ){ if(window[\"gf_submitting_4\"]){return false;} if( !jQuery(\"#gform_4\")[0].checkValidity || jQuery(\"#gform_4\")[0].checkValidity()){window[\"gf_submitting_4\"]=true;}  jQuery(\"#gform_4\").trigger(\"submit\",[true]); }' \/> <input type='hidden' name='gform_ajax' value='form_id=4&amp;title=1&amp;description=&amp;tabindex=0' \/>\n            <input type='hidden' class='gform_hidden' name='is_submit_4' value='1' \/>\n            <input type='hidden' class='gform_hidden' name='gform_submit' value='4' \/>\n            \n            <input type='hidden' class='gform_hidden' name='gform_unique_id' value='' \/>\n            <input type='hidden' class='gform_hidden' name='state_4' value='WyJbXSIsImI4MDNiMzM3OGQ3YTFmN2RmYWU3NWJlNmNiMzQ0YWZiIl0=' \/>\n            <input type='hidden' class='gform_hidden' name='gform_target_page_number_4' id='gform_target_page_number_4' value='0' \/>\n            <input type='hidden' class='gform_hidden' name='gform_source_page_number_4' id='gform_source_page_number_4' value='1' \/>\n            <input type='hidden' name='gform_field_values' value='' \/>\n            \n        <\/div>\n                        <\/form>\n                        <\/div>\n\t\t                <iframe style='display:none;width:0px;height:0px;' src='about:blank' name='gform_ajax_frame_4' id='gform_ajax_frame_4' title='This iframe contains the logic required to handle Ajax powered Gravity Forms.'><\/iframe>\n\t\t                <script>\ngform.initializeOnLoaded( function() {gformInitSpinner( 4, 'https:\/\/ostacbd.ee\/wp-content\/plugins\/gravityforms\/images\/spinner.svg', true );jQuery('#gform_ajax_frame_4').on('load',function(){var contents = jQuery(this).contents().find('*').html();var is_postback = contents.indexOf('GF_AJAX_POSTBACK') >= 0;if(!is_postback){return;}var form_content = jQuery(this).contents().find('#gform_wrapper_4');var is_confirmation = jQuery(this).contents().find('#gform_confirmation_wrapper_4').length > 0;var is_redirect = contents.indexOf('gformRedirect(){') >= 0;var is_form = form_content.length > 0 && ! is_redirect && ! is_confirmation;var mt = parseInt(jQuery('html').css('margin-top'), 10) + parseInt(jQuery('body').css('margin-top'), 10) + 100;if(is_form){jQuery('#gform_wrapper_4').html(form_content.html());if(form_content.hasClass('gform_validation_error')){jQuery('#gform_wrapper_4').addClass('gform_validation_error');} else {jQuery('#gform_wrapper_4').removeClass('gform_validation_error');}setTimeout( function() { \/* delay the scroll by 50 milliseconds to fix a bug in chrome *\/ jQuery(document).scrollTop(jQuery('#gform_wrapper_4').offset().top - mt); }, 50 );if(window['gformInitDatepicker']) {gformInitDatepicker();}if(window['gformInitPriceFields']) {gformInitPriceFields();}var current_page = jQuery('#gform_source_page_number_4').val();gformInitSpinner( 4, 'https:\/\/ostacbd.ee\/wp-content\/plugins\/gravityforms\/images\/spinner.svg', true );jQuery(document).trigger('gform_page_loaded', [4, current_page]);window['gf_submitting_4'] = false;}else if(!is_redirect){var confirmation_content = jQuery(this).contents().find('.GF_AJAX_POSTBACK').html();if(!confirmation_content){confirmation_content = contents;}setTimeout(function(){jQuery('#gform_wrapper_4').replaceWith(confirmation_content);jQuery(document).scrollTop(jQuery('#gf_4').offset().top - mt);jQuery(document).trigger('gform_confirmation_loaded', [4]);window['gf_submitting_4'] = false;wp.a11y.speak(jQuery('#gform_confirmation_message_4').text());}, 50);}else{jQuery('#gform_4').append(contents);if(window['gformRedirect']) {gformRedirect();}}jQuery(document).trigger('gform_post_render', [4, current_page]);gform.utils.trigger({ event: 'gform\/postRender', native: false, data: { formId: 4, currentPage: current_page } });} );} );\n<\/script>\n<\/div>\n\t\t\t\t<\/div>\n\t\t\t\t<\/div>\n\t\t<div class=\"elementor-element elementor-element-6d19d85 e-flex e-con-boxed e-con e-parent\" data-id=\"6d19d85\" data-element_type=\"container\" data-settings=\"{&quot;content_width&quot;:&quot;boxed&quot;}\" data-core-v316-plus=\"true\">\n\t\t\t\t\t<div class=\"e-con-inner\">\n\t\t\t\t<div class=\"elementor-element elementor-element-50a1e13 elementor-widget elementor-widget-image\" data-id=\"50a1e13\" data-element_type=\"widget\" data-widget_type=\"image.default\">\n\t\t\t\t<div class=\"elementor-widget-container\">\n\t\t\t<style>\/*! elementor - v3.16.0 - 20-09-2023 *\/\n.elementor-widget-image{text-align:center}.elementor-widget-image a{display:inline-block}.elementor-widget-image a img[src$=\".svg\"]{width:48px}.elementor-widget-image img{vertical-align:middle;display:inline-block}<\/style>\t\t\t\t\t\t\t\t\t\t\t\t<img decoding=\"async\" width=\"232\" height=\"50\" src=\"https:\/\/ostacbd.ee\/wp-content\/uploads\/2023\/03\/cbd-ostacbd-logo.svg\" class=\"attachment-large size-large wp-image-12\" alt=\"CBD\" \/>\t\t\t\t\t\t\t\t\t\t\t\t\t\t\t<\/div>\n\t\t\t\t<\/div>\n\t\t\t\t<div class=\"elementor-element elementor-element-c5fe127 elementor-widget elementor-widget-text-editor\" data-id=\"c5fe127\" data-element_type=\"widget\" data-widget_type=\"text-editor.default\">\n\t\t\t\t<div class=\"elementor-widget-container\">\n\t\t\t\t\t\t\t<p><a href=\"mailto:tere@ostacbd.ee\" title=\"Tere@ostacbd.ee\">tere@ostacbd.ee<\/a><\/p>\n<p><strong>MYSYNDICATE LTD<\/strong><\/p>\n<p>Kemp House, 160 City Road,  <br \/>Lontoo, Yhdistynyt kuningaskunta,  <br \/>EC1V 2NX<\/p>\n\t\t\t\t\t\t<\/div>\n\t\t\t\t<\/div>\n\t\t\t\t\t<\/div>\n\t\t\t\t<\/div>\n\t\t\t\t\t<\/div>\n\t\t\t\t<\/div>\n\t\t\t\t\t<\/div>\n\t\t\t\t<\/div>\n\t\t\t\t\t\t\t<\/div>\n\t\t","protected":false},"excerpt":{"rendered":"<p>Hei! Jos sinulla on kysytt\u00e4v\u00e4\u00e4, kommentteja tai ehdotuksia, ota rohkeasti yhteytt\u00e4 meihin. Arvostamme palautettasi ja olemme aina valmiita auttamaan. K\u00e4yt\u00e4 alla olevaa lomaketta tai l\u00e4het\u00e4 meille s\u00e4hk\u00f6postia osoitteeseen. Otamme sinuun yhteytt\u00e4 mahdollisimman pian. Kiitos etuk\u00e4teen ja odotamme innolla yhteydenottoanne! tere@ostacbd.ee MYSYNDICATE LTD Kemp House, 160 City Road, Lontoo, Yhdistynyt kuningaskunta, EC1V 2NX<\/p>\n","protected":false},"author":1,"featured_media":2701,"parent":0,"menu_order":0,"comment_status":"closed","ping_status":"closed","template":"","meta":{"footnotes":""},"class_list":["post-3167","page","type-page","status-publish","has-post-thumbnail","hentry"],"acf":[],"yoast_head":"<!-- This site is optimized with the Yoast SEO plugin v21.2 - https:\/\/yoast.com\/wordpress\/plugins\/seo\/ -->\n<title>Ota yhteytt\u00e4 &#8226; OstaCBD<\/title>\n<meta name=\"robots\" content=\"index, follow, max-snippet:-1, max-image-preview:large, max-video-preview:-1\" \/>\n<link rel=\"canonical\" href=\"https:\/\/ostacbd.ee\/fi\/ota-yhteytta\/\" \/>\n<meta property=\"og:locale\" content=\"fi_FI\" \/>\n<meta property=\"og:type\" content=\"article\" \/>\n<meta property=\"og:title\" content=\"Ota yhteytt\u00e4 &#8226; OstaCBD\" \/>\n<meta property=\"og:description\" content=\"Hei! Jos sinulla on kysytt\u00e4v\u00e4\u00e4, kommentteja tai ehdotuksia, ota rohkeasti yhteytt\u00e4 meihin. Arvostamme palautettasi ja olemme aina valmiita auttamaan. K\u00e4yt\u00e4 alla olevaa lomaketta tai l\u00e4het\u00e4 meille s\u00e4hk\u00f6postia osoitteeseen. Otamme sinuun yhteytt\u00e4 mahdollisimman pian. Kiitos etuk\u00e4teen ja odotamme innolla yhteydenottoanne! tere@ostacbd.ee MYSYNDICATE LTD Kemp House, 160 City Road, Lontoo, Yhdistynyt kuningaskunta, EC1V 2NX\" \/>\n<meta property=\"og:url\" content=\"https:\/\/ostacbd.ee\/fi\/ota-yhteytta\/\" \/>\n<meta property=\"og:site_name\" content=\"OstaCBD\" \/>\n<meta property=\"article:modified_time\" content=\"2023-03-28T10:28:06+00:00\" \/>\n<meta property=\"og:image\" content=\"https:\/\/ostacbd.ee\/wp-content\/uploads\/2023\/03\/cropped-cbd-favicon.jpg\" \/>\n\t<meta property=\"og:image:width\" content=\"512\" \/>\n\t<meta property=\"og:image:height\" content=\"512\" \/>\n\t<meta property=\"og:image:type\" content=\"image\/jpeg\" \/>\n<meta name=\"twitter:card\" content=\"summary_large_image\" \/>\n<!-- \/ Yoast SEO plugin. -->","yoast_head_json":{"title":"Ota yhteytt\u00e4 &#8226; OstaCBD","robots":{"index":"index","follow":"follow","max-snippet":"max-snippet:-1","max-image-preview":"max-image-preview:large","max-video-preview":"max-video-preview:-1"},"canonical":"https:\/\/ostacbd.ee\/fi\/ota-yhteytta\/","og_locale":"fi_FI","og_type":"article","og_title":"Ota yhteytt\u00e4 &#8226; OstaCBD","og_description":"Hei! Jos sinulla on kysytt\u00e4v\u00e4\u00e4, kommentteja tai ehdotuksia, ota rohkeasti yhteytt\u00e4 meihin. Arvostamme palautettasi ja olemme aina valmiita auttamaan. K\u00e4yt\u00e4 alla olevaa lomaketta tai l\u00e4het\u00e4 meille s\u00e4hk\u00f6postia osoitteeseen. Otamme sinuun yhteytt\u00e4 mahdollisimman pian. Kiitos etuk\u00e4teen ja odotamme innolla yhteydenottoanne! tere@ostacbd.ee MYSYNDICATE LTD Kemp House, 160 City Road, Lontoo, Yhdistynyt kuningaskunta, EC1V 2NX","og_url":"https:\/\/ostacbd.ee\/fi\/ota-yhteytta\/","og_site_name":"OstaCBD","article_modified_time":"2023-03-28T10:28:06+00:00","og_image":[{"width":512,"height":512,"url":"https:\/\/ostacbd.ee\/wp-content\/uploads\/2023\/03\/cropped-cbd-favicon.jpg","type":"image\/jpeg"}],"twitter_card":"summary_large_image","schema":{"@context":"https:\/\/schema.org","@graph":[{"@type":"WebPage","@id":"https:\/\/ostacbd.ee\/fi\/ota-yhteytta\/","url":"https:\/\/ostacbd.ee\/fi\/ota-yhteytta\/","name":"Ota yhteytt\u00e4 &#8226; OstaCBD","isPartOf":{"@id":"https:\/\/ostacbd.ee\/fi\/#website"},"datePublished":"2023-03-25T11:03:01+00:00","dateModified":"2023-03-28T10:28:06+00:00","breadcrumb":{"@id":"https:\/\/ostacbd.ee\/fi\/ota-yhteytta\/#breadcrumb"},"inLanguage":"fi","potentialAction":[{"@type":"ReadAction","target":["https:\/\/ostacbd.ee\/fi\/ota-yhteytta\/"]}]},{"@type":"BreadcrumbList","@id":"https:\/\/ostacbd.ee\/fi\/ota-yhteytta\/#breadcrumb","itemListElement":[{"@type":"ListItem","position":1,"name":"Home","item":"https:\/\/ostacbd.ee\/fi\/"},{"@type":"ListItem","position":2,"name":"Ota yhteytt\u00e4"}]},{"@type":"WebSite","@id":"https:\/\/ostacbd.ee\/fi\/#website","url":"https:\/\/ostacbd.ee\/fi\/","name":"OstaCBD","description":"","publisher":{"@id":"https:\/\/ostacbd.ee\/fi\/#organization"},"potentialAction":[{"@type":"SearchAction","target":{"@type":"EntryPoint","urlTemplate":"https:\/\/ostacbd.ee\/fi\/?s={search_term_string}"},"query-input":"required name=search_term_string"}],"inLanguage":"fi"},{"@type":"Organization","@id":"https:\/\/ostacbd.ee\/fi\/#organization","name":"OstaCBD.ee \u2022 Parim CBD Eestis","url":"https:\/\/ostacbd.ee\/fi\/","logo":{"@type":"ImageObject","inLanguage":"fi","@id":"https:\/\/ostacbd.ee\/fi\/#\/schema\/logo\/image\/","url":"https:\/\/ostacbd.ee\/wp-content\/uploads\/2023\/03\/cbd-favicon.jpg","contentUrl":"https:\/\/ostacbd.ee\/wp-content\/uploads\/2023\/03\/cbd-favicon.jpg","width":512,"height":512,"caption":"OstaCBD.ee \u2022 Parim CBD Eestis"},"image":{"@id":"https:\/\/ostacbd.ee\/fi\/#\/schema\/logo\/image\/"}}]}},"_links":{"self":[{"href":"https:\/\/ostacbd.ee\/fi\/wp-json\/wp\/v2\/pages\/3167","targetHints":{"allow":["GET"]}}],"collection":[{"href":"https:\/\/ostacbd.ee\/fi\/wp-json\/wp\/v2\/pages"}],"about":[{"href":"https:\/\/ostacbd.ee\/fi\/wp-json\/wp\/v2\/types\/page"}],"author":[{"embeddable":true,"href":"https:\/\/ostacbd.ee\/fi\/wp-json\/wp\/v2\/users\/1"}],"replies":[{"embeddable":true,"href":"https:\/\/ostacbd.ee\/fi\/wp-json\/wp\/v2\/comments?post=3167"}],"version-history":[{"count":3,"href":"https:\/\/ostacbd.ee\/fi\/wp-json\/wp\/v2\/pages\/3167\/revisions"}],"predecessor-version":[{"id":3184,"href":"https:\/\/ostacbd.ee\/fi\/wp-json\/wp\/v2\/pages\/3167\/revisions\/3184"}],"wp:featuredmedia":[{"embeddable":true,"href":"https:\/\/ostacbd.ee\/fi\/wp-json\/wp\/v2\/media\/2701"}],"wp:attachment":[{"href":"https:\/\/ostacbd.ee\/fi\/wp-json\/wp\/v2\/media?parent=3167"}],"curies":[{"name":"wp","href":"https:\/\/api.w.org\/{rel}","templated":true}]}}