{"id":3177,"date":"2023-03-23T10:25:38","date_gmt":"2023-03-23T08:25:38","guid":{"rendered":"https:\/\/ostacbd.ee\/tavaroiden-vastaanotto\/"},"modified":"2023-03-28T12:28:06","modified_gmt":"2023-03-28T10:28:06","slug":"tavaroiden-vastaanotto","status":"publish","type":"page","link":"https:\/\/ostacbd.ee\/fi\/tavaroiden-vastaanotto\/","title":{"rendered":"Tavaroiden vastaanotto"},"content":{"rendered":"\t\t<div data-elementor-type=\"wp-page\" data-elementor-id=\"3177\" class=\"elementor elementor-3177 elementor-1511\">\n\t\t\t\t\t\t\t<div class=\"elementor-element elementor-element-376747e e-flex e-con-boxed elementor-invisible e-con e-parent\" data-id=\"376747e\" data-element_type=\"container\" data-settings=\"{&quot;animation&quot;:&quot;fadeIn&quot;,&quot;animation_mobile&quot;:&quot;none&quot;,&quot;content_width&quot;:&quot;boxed&quot;}\" data-core-v316-plus=\"true\">\n\t\t\t\t\t<div class=\"e-con-inner\">\n\t\t\t\t<div class=\"elementor-element elementor-element-3c2e28c elementor-widget elementor-widget-heading\" data-id=\"3c2e28c\" data-element_type=\"widget\" data-widget_type=\"heading.default\">\n\t\t\t\t<div class=\"elementor-widget-container\">\n\t\t\t<style>\/*! elementor - v3.16.0 - 20-09-2023 *\/\n.elementor-heading-title{padding:0;margin:0;line-height:1}.elementor-widget-heading .elementor-heading-title[class*=elementor-size-]>a{color:inherit;font-size:inherit;line-height:inherit}.elementor-widget-heading .elementor-heading-title.elementor-size-small{font-size:15px}.elementor-widget-heading .elementor-heading-title.elementor-size-medium{font-size:19px}.elementor-widget-heading .elementor-heading-title.elementor-size-large{font-size:29px}.elementor-widget-heading .elementor-heading-title.elementor-size-xl{font-size:39px}.elementor-widget-heading .elementor-heading-title.elementor-size-xxl{font-size:59px}<\/style><h2 class=\"elementor-heading-title elementor-size-default\">Tavaroiden vastaanotto<\/h2>\t\t<\/div>\n\t\t\t\t<\/div>\n\t\t\t\t<div class=\"elementor-element elementor-element-1b11382 elementor-widget elementor-widget-heading\" data-id=\"1b11382\" data-element_type=\"widget\" data-widget_type=\"heading.default\">\n\t\t\t\t<div class=\"elementor-widget-container\">\n\t\t\t<h2 class=\"elementor-heading-title elementor-size-default\">Viro<\/h2>\t\t<\/div>\n\t\t\t\t<\/div>\n\t\t\t\t<div class=\"elementor-element elementor-element-53e5e07 elementor-widget elementor-widget-text-editor\" data-id=\"53e5e07\" data-element_type=\"widget\" data-widget_type=\"text-editor.default\">\n\t\t\t\t<div class=\"elementor-widget-container\">\n\t\t\t<style>\/*! elementor - v3.16.0 - 20-09-2023 *\/\n.elementor-widget-text-editor.elementor-drop-cap-view-stacked .elementor-drop-cap{background-color:#69727d;color:#fff}.elementor-widget-text-editor.elementor-drop-cap-view-framed .elementor-drop-cap{color:#69727d;border:3px solid;background-color:transparent}.elementor-widget-text-editor:not(.elementor-drop-cap-view-default) .elementor-drop-cap{margin-top:8px}.elementor-widget-text-editor:not(.elementor-drop-cap-view-default) .elementor-drop-cap-letter{width:1em;height:1em}.elementor-widget-text-editor .elementor-drop-cap{float:left;text-align:center;line-height:1;font-size:50px}.elementor-widget-text-editor .elementor-drop-cap-letter{display:inline-block}<\/style>\t\t\t\t<p><strong>Ilmainen toimitus kaikkialle Viroon.<\/strong><\/p>\n<p>Normaali toimitusaika: maanantaista torstaihin ennen klo 18.30 ostetut tavarat saapuvat pakettiautomaattiin viimeist\u00e4\u00e4n seuraavana p\u00e4iv\u00e4n\u00e4 myyntisopimuksen voimaantulosta. Kello 18.30 j\u00e4lkeen tehdyt tilaukset toimitetaan pakettiautomaattiin viimeist\u00e4\u00e4n seuraavana p\u00e4iv\u00e4n\u00e4. Perjantaista sunnuntaihin ostetut tavarat saapuvat pakettiautomaattiin viimeist\u00e4\u00e4n 3 p\u00e4iv\u00e4n kuluttua myyntisopimuksen voimaantulop\u00e4iv\u00e4st\u00e4.<\/p>\n<p>Paketti saapuu saaren pakettiautomaatteihin 4 ty\u00f6p\u00e4iv\u00e4n kuluessa kauppasopimuksen voimaantulop\u00e4iv\u00e4st\u00e4.<\/p>\n<p>Asiakkaalle ilmoitetaan tavaroiden saapumisesta pakettiautomaattiin tekstiviestill\u00e4, joka sis\u00e4lt\u00e4\u00e4 yksil\u00f6llisen ovikoodin pakettiautomaatin oven avaamiseksi.  <strong>NB!<\/strong>  Tekstiviesti-ilmoitukset l\u00e4hetet\u00e4\u00e4n vain virolaisiin puhelinnumeroihin.<\/p>\n<p><strong>NB!<\/strong>  Useita tuotteita sis\u00e4lt\u00e4v\u00e4t tilaukset voivat my\u00f6s saada useita eri l\u00e4hetyksi\u00e4 &#8211; riippuen siit\u00e4, milloin tilaamasi tuotteet l\u00e4hetet\u00e4\u00e4n varastosta, paketit voivat saapua eri p\u00e4ivin\u00e4.<\/p>\n<p>Voit noutaa tavarasi kahdella tavalla:<\/p>\n\t\t\t\t\t\t<\/div>\n\t\t\t\t<\/div>\n\t\t<div class=\"elementor-element elementor-element-c945650 e-flex e-con-boxed e-con e-parent\" data-id=\"c945650\" data-element_type=\"container\" data-settings=\"{&quot;content_width&quot;:&quot;boxed&quot;}\" data-core-v316-plus=\"true\">\n\t\t\t\t\t<div class=\"e-con-inner\">\n\t\t\t\t<div class=\"elementor-element elementor-element-8863666 elementor-widget__width-auto elementor-widget elementor-widget-image\" data-id=\"8863666\" data-element_type=\"widget\" data-widget_type=\"image.default\">\n\t\t\t\t<div class=\"elementor-widget-container\">\n\t\t\t<style>\/*! elementor - v3.16.0 - 20-09-2023 *\/\n.elementor-widget-image{text-align:center}.elementor-widget-image a{display:inline-block}.elementor-widget-image a img[src$=\".svg\"]{width:48px}.elementor-widget-image img{vertical-align:middle;display:inline-block}<\/style>\t\t\t\t\t\t\t\t\t\t\t\t<img decoding=\"async\" width=\"414\" height=\"165\" src=\"https:\/\/ostacbd.ee\/wp-content\/uploads\/2023\/03\/smartpost_logo.webp\" class=\"attachment-large size-large wp-image-1523\" alt=\"\" srcset=\"https:\/\/ostacbd.ee\/wp-content\/uploads\/2023\/03\/smartpost_logo.webp 414w, https:\/\/ostacbd.ee\/wp-content\/uploads\/2023\/03\/smartpost_logo-300x120.webp 300w\" sizes=\"(max-width: 414px) 100vw, 414px\" \/>\t\t\t\t\t\t\t\t\t\t\t\t\t\t\t<\/div>\n\t\t\t\t<\/div>\n\t\t\t\t<div class=\"elementor-element elementor-element-5ab3f8c elementor-widget__width-auto elementor-widget elementor-widget-image\" data-id=\"5ab3f8c\" data-element_type=\"widget\" data-widget_type=\"image.default\">\n\t\t\t\t<div class=\"elementor-widget-container\">\n\t\t\t\t\t\t\t\t\t\t\t\t\t\t\t<img decoding=\"async\" width=\"1\" height=\"1\" src=\"https:\/\/ostacbd.ee\/wp-content\/uploads\/2023\/03\/Omniva_logo.svg\" class=\"attachment-large size-large wp-image-1531\" alt=\"\" \/>\t\t\t\t\t\t\t\t\t\t\t\t\t\t\t<\/div>\n\t\t\t\t<\/div>\n\t\t\t\t\t<\/div>\n\t\t\t\t<\/div>\n\t\t\t\t<div class=\"elementor-element elementor-element-a695c6a elementor-widget elementor-widget-heading\" data-id=\"a695c6a\" data-element_type=\"widget\" data-widget_type=\"heading.default\">\n\t\t\t\t<div class=\"elementor-widget-container\">\n\t\t\t<h2 class=\"elementor-heading-title elementor-size-default\">Suomi<\/h2>\t\t<\/div>\n\t\t\t\t<\/div>\n\t\t\t\t<div class=\"elementor-element elementor-element-a178313 elementor-widget elementor-widget-text-editor\" data-id=\"a178313\" data-element_type=\"widget\" data-widget_type=\"text-editor.default\">\n\t\t\t\t<div class=\"elementor-widget-container\">\n\t\t\t\t\t\t\t<p><strong>Toimituksen hinta on 9,90 euroa.<\/strong><\/p>\n<p>Normaali toimitusaika: maanantaista torstaihin ennen klo 18.30 ostetut tavarat saapuvat pakettiautomaattiin viimeist\u00e4\u00e4n seuraavana p\u00e4iv\u00e4n\u00e4 myyntisopimuksen voimaantulosta. Kello 18.30 j\u00e4lkeen tehdyt tilaukset toimitetaan pakettiautomaattiin viimeist\u00e4\u00e4n seuraavana p\u00e4iv\u00e4n\u00e4. Perjantaista sunnuntaihin ostetut tavarat saapuvat pakettiautomaattiin viimeist\u00e4\u00e4n 7 p\u00e4iv\u00e4n kuluttua myyntisopimuksen voimaantulop\u00e4iv\u00e4st\u00e4.<\/p>\n<p>Paketti saapuu saaren pakettiautomaatteihin 14 ty\u00f6p\u00e4iv\u00e4n kuluessa kauppasopimuksen voimaantulop\u00e4iv\u00e4st\u00e4.<\/p>\n<p>Asiakkaalle ilmoitetaan tavaroiden saapumisesta pakettiautomaattiin tekstiviestill\u00e4, joka sis\u00e4lt\u00e4\u00e4 yksil\u00f6llisen ovikoodin pakettiautomaatin oven avaamiseksi.  <strong>NB!<\/strong>  Tekstiviesti-ilmoitukset l\u00e4hetet\u00e4\u00e4n vain suomalaisiin puhelinnumeroihin.<\/p>\n<p><strong>NB!<\/strong>  Useita tuotteita sis\u00e4lt\u00e4v\u00e4t tilaukset voivat my\u00f6s saada useita eri l\u00e4hetyksi\u00e4 &#8211; riippuen siit\u00e4, milloin tilaamasi tuotteet l\u00e4hetet\u00e4\u00e4n varastosta, paketit voivat saapua eri p\u00e4ivin\u00e4.<\/p>\n\t\t\t\t\t\t<\/div>\n\t\t\t\t<\/div>\n\t\t<div class=\"elementor-element elementor-element-9d4dc96 e-flex e-con-boxed e-con e-parent\" data-id=\"9d4dc96\" data-element_type=\"container\" data-settings=\"{&quot;content_width&quot;:&quot;boxed&quot;}\" data-core-v316-plus=\"true\">\n\t\t\t\t\t<div class=\"e-con-inner\">\n\t\t\t\t<div class=\"elementor-element elementor-element-d8a675a elementor-widget__width-auto elementor-widget elementor-widget-image\" data-id=\"d8a675a\" data-element_type=\"widget\" data-widget_type=\"image.default\">\n\t\t\t\t<div class=\"elementor-widget-container\">\n\t\t\t\t\t\t\t\t\t\t\t\t\t\t\t<img decoding=\"async\" width=\"120\" height=\"56\" src=\"https:\/\/ostacbd.ee\/wp-content\/uploads\/2023\/03\/Posti_Group.svg\" class=\"attachment-large size-large wp-image-1536\" alt=\"\" \/>\t\t\t\t\t\t\t\t\t\t\t\t\t\t\t<\/div>\n\t\t\t\t<\/div>\n\t\t\t\t\t<\/div>\n\t\t\t\t<\/div>\n\t\t\t\t<div class=\"elementor-element elementor-element-6e148cf elementor-widget elementor-widget-heading\" data-id=\"6e148cf\" data-element_type=\"widget\" data-widget_type=\"heading.default\">\n\t\t\t\t<div class=\"elementor-widget-container\">\n\t\t\t<h2 class=\"elementor-heading-title elementor-size-default\">Latvia \/ Liettua<\/h2>\t\t<\/div>\n\t\t\t\t<\/div>\n\t\t\t\t<div class=\"elementor-element elementor-element-578f99c elementor-widget elementor-widget-text-editor\" data-id=\"578f99c\" data-element_type=\"widget\" data-widget_type=\"text-editor.default\">\n\t\t\t\t<div class=\"elementor-widget-container\">\n\t\t\t\t\t\t\t<p><strong>Toimituksen hinta on 9,90 euroa.<\/strong><\/p>\n<p>Normaali toimitusaika: maanantaista torstaihin ennen klo 18.30 ostetut tavarat saapuvat pakettiautomaattiin viimeist\u00e4\u00e4n seuraavana p\u00e4iv\u00e4n\u00e4 myyntisopimuksen voimaantulosta. Kello 18.30 j\u00e4lkeen tehdyt tilaukset toimitetaan pakettiautomaattiin viimeist\u00e4\u00e4n seuraavana p\u00e4iv\u00e4n\u00e4. Perjantaista sunnuntaihin ostetut tavarat saapuvat pakettiautomaattiin viimeist\u00e4\u00e4n 7 p\u00e4iv\u00e4n kuluttua myyntisopimuksen voimaantulop\u00e4iv\u00e4st\u00e4.<\/p>\n<p>Paketti saapuu saaren pakettiautomaatteihin 14 ty\u00f6p\u00e4iv\u00e4n kuluessa kauppasopimuksen voimaantulop\u00e4iv\u00e4st\u00e4.<\/p>\n<p>Asiakkaalle ilmoitetaan tavaroiden saapumisesta pakettiautomaattiin tekstiviestill\u00e4, joka sis\u00e4lt\u00e4\u00e4 yksil\u00f6llisen ovikoodin pakettiautomaatin oven avaamiseksi.  <strong>NB!<\/strong>  Tekstiviesti-ilmoitukset l\u00e4hetet\u00e4\u00e4n vain latvialaisiin\/litvialaisiin puhelinnumeroihin.<\/p>\n<p><strong>NB!<\/strong>  Useita tuotteita sis\u00e4lt\u00e4v\u00e4t tilaukset voivat my\u00f6s saada useita eri l\u00e4hetyksi\u00e4 &#8211; riippuen siit\u00e4, milloin tilaamasi tuotteet l\u00e4hetet\u00e4\u00e4n varastosta, paketit voivat saapua eri p\u00e4ivin\u00e4.<\/p>\n\t\t\t\t\t\t<\/div>\n\t\t\t\t<\/div>\n\t\t<div class=\"elementor-element elementor-element-1153101 e-flex e-con-boxed e-con e-parent\" data-id=\"1153101\" data-element_type=\"container\" data-settings=\"{&quot;content_width&quot;:&quot;boxed&quot;}\" data-core-v316-plus=\"true\">\n\t\t\t\t\t<div class=\"e-con-inner\">\n\t\t\t\t<div class=\"elementor-element elementor-element-1f37baf elementor-widget__width-auto elementor-widget elementor-widget-image\" data-id=\"1f37baf\" data-element_type=\"widget\" data-widget_type=\"image.default\">\n\t\t\t\t<div class=\"elementor-widget-container\">\n\t\t\t\t\t\t\t\t\t\t\t\t\t\t\t<img decoding=\"async\" width=\"414\" height=\"165\" src=\"https:\/\/ostacbd.ee\/wp-content\/uploads\/2023\/03\/smartpost_logo.webp\" class=\"attachment-large size-large wp-image-1523\" alt=\"\" srcset=\"https:\/\/ostacbd.ee\/wp-content\/uploads\/2023\/03\/smartpost_logo.webp 414w, https:\/\/ostacbd.ee\/wp-content\/uploads\/2023\/03\/smartpost_logo-300x120.webp 300w\" sizes=\"(max-width: 414px) 100vw, 414px\" \/>\t\t\t\t\t\t\t\t\t\t\t\t\t\t\t<\/div>\n\t\t\t\t<\/div>\n\t\t\t\t<div class=\"elementor-element elementor-element-96b59d3 elementor-widget__width-auto elementor-widget elementor-widget-image\" data-id=\"96b59d3\" data-element_type=\"widget\" data-widget_type=\"image.default\">\n\t\t\t\t<div class=\"elementor-widget-container\">\n\t\t\t\t\t\t\t\t\t\t\t\t\t\t\t<img decoding=\"async\" width=\"1\" height=\"1\" src=\"https:\/\/ostacbd.ee\/wp-content\/uploads\/2023\/03\/Omniva_logo.svg\" class=\"attachment-large size-large wp-image-1531\" alt=\"\" \/>\t\t\t\t\t\t\t\t\t\t\t\t\t\t\t<\/div>\n\t\t\t\t<\/div>\n\t\t\t\t\t<\/div>\n\t\t\t\t<\/div>\n\t\t\t\t<div class=\"elementor-element elementor-element-f540162 elementor-widget elementor-widget-heading\" data-id=\"f540162\" data-element_type=\"widget\" data-widget_type=\"heading.default\">\n\t\t\t\t<div class=\"elementor-widget-container\">\n\t\t\t<h2 class=\"elementor-heading-title elementor-size-default\">Eurooppa \/ Yhdistynyt kuningaskunta<\/h2>\t\t<\/div>\n\t\t\t\t<\/div>\n\t\t\t\t<div class=\"elementor-element elementor-element-5f2d476 elementor-widget elementor-widget-text-editor\" data-id=\"5f2d476\" data-element_type=\"widget\" data-widget_type=\"text-editor.default\">\n\t\t\t\t<div class=\"elementor-widget-container\">\n\t\t\t\t\t\t\t<p>Jos haluat tilata tavaroita Eurooppaan tai Iso-Britanniaan, l\u00e4het\u00e4mme paketin DPD:n, UPS:n, DHL:n, Itellan tai Omnivan avulla. Voit seurata pakettisi toimitusta verkossa seurantanumeron avulla. Toimitushinnat ulkomaille vaihtelevat kohdemaasta riippuen.<\/p>\n\t\t\t\t\t\t<\/div>\n\t\t\t\t<\/div>\n\t\t<div class=\"elementor-element elementor-element-6204165 e-flex e-con-boxed e-con e-parent\" data-id=\"6204165\" data-element_type=\"container\" data-settings=\"{&quot;content_width&quot;:&quot;boxed&quot;}\" data-core-v316-plus=\"true\">\n\t\t\t\t\t<div class=\"e-con-inner\">\n\t\t\t\t<div class=\"elementor-element elementor-element-b2c7dce elementor-widget__width-auto elementor-widget elementor-widget-image\" data-id=\"b2c7dce\" data-element_type=\"widget\" data-widget_type=\"image.default\">\n\t\t\t\t<div class=\"elementor-widget-container\">\n\t\t\t\t\t\t\t\t\t\t\t\t\t\t\t<img decoding=\"async\" width=\"414\" height=\"165\" src=\"https:\/\/ostacbd.ee\/wp-content\/uploads\/2023\/03\/smartpost_logo.webp\" class=\"attachment-large size-large wp-image-1523\" alt=\"\" srcset=\"https:\/\/ostacbd.ee\/wp-content\/uploads\/2023\/03\/smartpost_logo.webp 414w, https:\/\/ostacbd.ee\/wp-content\/uploads\/2023\/03\/smartpost_logo-300x120.webp 300w\" sizes=\"(max-width: 414px) 100vw, 414px\" \/>\t\t\t\t\t\t\t\t\t\t\t\t\t\t\t<\/div>\n\t\t\t\t<\/div>\n\t\t\t\t<div class=\"elementor-element elementor-element-ceb5b23 elementor-widget__width-auto elementor-widget elementor-widget-image\" data-id=\"ceb5b23\" data-element_type=\"widget\" data-widget_type=\"image.default\">\n\t\t\t\t<div class=\"elementor-widget-container\">\n\t\t\t\t\t\t\t\t\t\t\t\t\t\t\t<img decoding=\"async\" width=\"1\" height=\"1\" src=\"https:\/\/ostacbd.ee\/wp-content\/uploads\/2023\/03\/Omniva_logo.svg\" class=\"attachment-large size-large wp-image-1531\" alt=\"\" \/>\t\t\t\t\t\t\t\t\t\t\t\t\t\t\t<\/div>\n\t\t\t\t<\/div>\n\t\t\t\t<div class=\"elementor-element elementor-element-ebc5130 elementor-widget__width-auto elementor-widget elementor-widget-image\" data-id=\"ebc5130\" data-element_type=\"widget\" data-widget_type=\"image.default\">\n\t\t\t\t<div class=\"elementor-widget-container\">\n\t\t\t\t\t\t\t\t\t\t\t\t\t\t\t<img decoding=\"async\" width=\"52\" height=\"61\" src=\"https:\/\/ostacbd.ee\/wp-content\/uploads\/2023\/03\/UPS-logo.svg\" class=\"attachment-large size-large wp-image-1555\" alt=\"\" \/>\t\t\t\t\t\t\t\t\t\t\t\t\t\t\t<\/div>\n\t\t\t\t<\/div>\n\t\t\t\t<div class=\"elementor-element elementor-element-bdc7cee elementor-widget__width-auto elementor-widget elementor-widget-image\" data-id=\"bdc7cee\" data-element_type=\"widget\" data-widget_type=\"image.default\">\n\t\t\t\t<div class=\"elementor-widget-container\">\n\t\t\t\t\t\t\t\t\t\t\t\t\t\t\t<img decoding=\"async\" width=\"175\" height=\"38\" src=\"https:\/\/ostacbd.ee\/wp-content\/uploads\/2023\/03\/DHL_Logo.svg\" class=\"attachment-large size-large wp-image-1556\" alt=\"\" \/>\t\t\t\t\t\t\t\t\t\t\t\t\t\t\t<\/div>\n\t\t\t\t<\/div>\n\t\t\t\t<div class=\"elementor-element elementor-element-1a8aaeb elementor-widget__width-auto elementor-widget elementor-widget-image\" data-id=\"1a8aaeb\" data-element_type=\"widget\" data-widget_type=\"image.default\">\n\t\t\t\t<div class=\"elementor-widget-container\">\n\t\t\t\t\t\t\t\t\t\t\t\t\t\t\t<img decoding=\"async\" width=\"1\" height=\"1\" src=\"https:\/\/ostacbd.ee\/wp-content\/uploads\/2023\/03\/DPD_logo_redgrad_rgb_responsive.svg\" class=\"attachment-large size-large wp-image-1557\" alt=\"\" \/>\t\t\t\t\t\t\t\t\t\t\t\t\t\t\t<\/div>\n\t\t\t\t<\/div>\n\t\t\t\t\t<\/div>\n\t\t\t\t<\/div>\n\t\t\t\t\t<\/div>\n\t\t\t\t<\/div>\n\t\t\t\t\t\t\t<\/div>\n\t\t","protected":false},"excerpt":{"rendered":"<p>Viro Ilmainen toimitus kaikkialle Viroon. Normaali toimitusaika: maanantaista torstaihin ennen klo 18.30 ostetut tavarat saapuvat pakettiautomaattiin viimeist\u00e4\u00e4n seuraavana p\u00e4iv\u00e4n\u00e4 myyntisopimuksen voimaantulosta. Kello 18.30 j\u00e4lkeen tehdyt tilaukset toimitetaan pakettiautomaattiin viimeist\u00e4\u00e4n seuraavana p\u00e4iv\u00e4n\u00e4. Perjantaista sunnuntaihin ostetut tavarat saapuvat pakettiautomaattiin viimeist\u00e4\u00e4n 3 p\u00e4iv\u00e4n kuluttua myyntisopimuksen voimaantulop\u00e4iv\u00e4st\u00e4. Paketti saapuu saaren pakettiautomaatteihin 4 ty\u00f6p\u00e4iv\u00e4n kuluessa kauppasopimuksen voimaantulop\u00e4iv\u00e4st\u00e4. Asiakkaalle ilmoitetaan tavaroiden [&hellip;]<\/p>\n","protected":false},"author":1,"featured_media":2701,"parent":0,"menu_order":0,"comment_status":"closed","ping_status":"closed","template":"","meta":{"footnotes":""},"class_list":["post-3177","page","type-page","status-publish","has-post-thumbnail","hentry"],"acf":[],"yoast_head":"<!-- This site is optimized with the Yoast SEO plugin v21.2 - https:\/\/yoast.com\/wordpress\/plugins\/seo\/ -->\n<title>Tavaroiden vastaanotto &#8226; OstaCBD<\/title>\n<meta name=\"robots\" content=\"index, follow, max-snippet:-1, max-image-preview:large, max-video-preview:-1\" \/>\n<link rel=\"canonical\" href=\"https:\/\/ostacbd.ee\/fi\/tavaroiden-vastaanotto\/\" \/>\n<meta property=\"og:locale\" content=\"fi_FI\" \/>\n<meta property=\"og:type\" content=\"article\" \/>\n<meta property=\"og:title\" content=\"Tavaroiden vastaanotto &#8226; OstaCBD\" \/>\n<meta property=\"og:description\" content=\"Viro Ilmainen toimitus kaikkialle Viroon. Normaali toimitusaika: maanantaista torstaihin ennen klo 18.30 ostetut tavarat saapuvat pakettiautomaattiin viimeist\u00e4\u00e4n seuraavana p\u00e4iv\u00e4n\u00e4 myyntisopimuksen voimaantulosta. Kello 18.30 j\u00e4lkeen tehdyt tilaukset toimitetaan pakettiautomaattiin viimeist\u00e4\u00e4n seuraavana p\u00e4iv\u00e4n\u00e4. Perjantaista sunnuntaihin ostetut tavarat saapuvat pakettiautomaattiin viimeist\u00e4\u00e4n 3 p\u00e4iv\u00e4n kuluttua myyntisopimuksen voimaantulop\u00e4iv\u00e4st\u00e4. Paketti saapuu saaren pakettiautomaatteihin 4 ty\u00f6p\u00e4iv\u00e4n kuluessa kauppasopimuksen voimaantulop\u00e4iv\u00e4st\u00e4. Asiakkaalle ilmoitetaan tavaroiden [&hellip;]\" \/>\n<meta property=\"og:url\" content=\"https:\/\/ostacbd.ee\/fi\/tavaroiden-vastaanotto\/\" \/>\n<meta property=\"og:site_name\" content=\"OstaCBD\" \/>\n<meta property=\"article:modified_time\" content=\"2023-03-28T10:28:06+00:00\" \/>\n<meta property=\"og:image\" content=\"https:\/\/ostacbd.ee\/wp-content\/uploads\/2023\/03\/cropped-cbd-favicon.jpg\" \/>\n\t<meta property=\"og:image:width\" content=\"512\" \/>\n\t<meta property=\"og:image:height\" content=\"512\" \/>\n\t<meta property=\"og:image:type\" content=\"image\/jpeg\" \/>\n<meta name=\"twitter:card\" content=\"summary_large_image\" \/>\n<meta name=\"twitter:label1\" content=\"Arvioitu lukuaika\" \/>\n\t<meta name=\"twitter:data1\" content=\"2 minuuttia\" \/>\n<!-- \/ Yoast SEO plugin. -->","yoast_head_json":{"title":"Tavaroiden vastaanotto &#8226; OstaCBD","robots":{"index":"index","follow":"follow","max-snippet":"max-snippet:-1","max-image-preview":"max-image-preview:large","max-video-preview":"max-video-preview:-1"},"canonical":"https:\/\/ostacbd.ee\/fi\/tavaroiden-vastaanotto\/","og_locale":"fi_FI","og_type":"article","og_title":"Tavaroiden vastaanotto &#8226; OstaCBD","og_description":"Viro Ilmainen toimitus kaikkialle Viroon. Normaali toimitusaika: maanantaista torstaihin ennen klo 18.30 ostetut tavarat saapuvat pakettiautomaattiin viimeist\u00e4\u00e4n seuraavana p\u00e4iv\u00e4n\u00e4 myyntisopimuksen voimaantulosta. Kello 18.30 j\u00e4lkeen tehdyt tilaukset toimitetaan pakettiautomaattiin viimeist\u00e4\u00e4n seuraavana p\u00e4iv\u00e4n\u00e4. Perjantaista sunnuntaihin ostetut tavarat saapuvat pakettiautomaattiin viimeist\u00e4\u00e4n 3 p\u00e4iv\u00e4n kuluttua myyntisopimuksen voimaantulop\u00e4iv\u00e4st\u00e4. Paketti saapuu saaren pakettiautomaatteihin 4 ty\u00f6p\u00e4iv\u00e4n kuluessa kauppasopimuksen voimaantulop\u00e4iv\u00e4st\u00e4. Asiakkaalle ilmoitetaan tavaroiden [&hellip;]","og_url":"https:\/\/ostacbd.ee\/fi\/tavaroiden-vastaanotto\/","og_site_name":"OstaCBD","article_modified_time":"2023-03-28T10:28:06+00:00","og_image":[{"width":512,"height":512,"url":"https:\/\/ostacbd.ee\/wp-content\/uploads\/2023\/03\/cropped-cbd-favicon.jpg","type":"image\/jpeg"}],"twitter_card":"summary_large_image","twitter_misc":{"Arvioitu lukuaika":"2 minuuttia"},"schema":{"@context":"https:\/\/schema.org","@graph":[{"@type":"WebPage","@id":"https:\/\/ostacbd.ee\/fi\/tavaroiden-vastaanotto\/","url":"https:\/\/ostacbd.ee\/fi\/tavaroiden-vastaanotto\/","name":"Tavaroiden vastaanotto &#8226; OstaCBD","isPartOf":{"@id":"https:\/\/ostacbd.ee\/fi\/#website"},"datePublished":"2023-03-23T08:25:38+00:00","dateModified":"2023-03-28T10:28:06+00:00","breadcrumb":{"@id":"https:\/\/ostacbd.ee\/fi\/tavaroiden-vastaanotto\/#breadcrumb"},"inLanguage":"fi","potentialAction":[{"@type":"ReadAction","target":["https:\/\/ostacbd.ee\/fi\/tavaroiden-vastaanotto\/"]}]},{"@type":"BreadcrumbList","@id":"https:\/\/ostacbd.ee\/fi\/tavaroiden-vastaanotto\/#breadcrumb","itemListElement":[{"@type":"ListItem","position":1,"name":"Home","item":"https:\/\/ostacbd.ee\/fi\/"},{"@type":"ListItem","position":2,"name":"Tavaroiden vastaanotto"}]},{"@type":"WebSite","@id":"https:\/\/ostacbd.ee\/fi\/#website","url":"https:\/\/ostacbd.ee\/fi\/","name":"OstaCBD","description":"","publisher":{"@id":"https:\/\/ostacbd.ee\/fi\/#organization"},"potentialAction":[{"@type":"SearchAction","target":{"@type":"EntryPoint","urlTemplate":"https:\/\/ostacbd.ee\/fi\/?s={search_term_string}"},"query-input":"required name=search_term_string"}],"inLanguage":"fi"},{"@type":"Organization","@id":"https:\/\/ostacbd.ee\/fi\/#organization","name":"OstaCBD.ee \u2022 Parim CBD Eestis","url":"https:\/\/ostacbd.ee\/fi\/","logo":{"@type":"ImageObject","inLanguage":"fi","@id":"https:\/\/ostacbd.ee\/fi\/#\/schema\/logo\/image\/","url":"https:\/\/ostacbd.ee\/wp-content\/uploads\/2023\/03\/cbd-favicon.jpg","contentUrl":"https:\/\/ostacbd.ee\/wp-content\/uploads\/2023\/03\/cbd-favicon.jpg","width":512,"height":512,"caption":"OstaCBD.ee \u2022 Parim CBD Eestis"},"image":{"@id":"https:\/\/ostacbd.ee\/fi\/#\/schema\/logo\/image\/"}}]}},"_links":{"self":[{"href":"https:\/\/ostacbd.ee\/fi\/wp-json\/wp\/v2\/pages\/3177","targetHints":{"allow":["GET"]}}],"collection":[{"href":"https:\/\/ostacbd.ee\/fi\/wp-json\/wp\/v2\/pages"}],"about":[{"href":"https:\/\/ostacbd.ee\/fi\/wp-json\/wp\/v2\/types\/page"}],"author":[{"embeddable":true,"href":"https:\/\/ostacbd.ee\/fi\/wp-json\/wp\/v2\/users\/1"}],"replies":[{"embeddable":true,"href":"https:\/\/ostacbd.ee\/fi\/wp-json\/wp\/v2\/comments?post=3177"}],"version-history":[{"count":2,"href":"https:\/\/ostacbd.ee\/fi\/wp-json\/wp\/v2\/pages\/3177\/revisions"}],"predecessor-version":[{"id":3189,"href":"https:\/\/ostacbd.ee\/fi\/wp-json\/wp\/v2\/pages\/3177\/revisions\/3189"}],"wp:featuredmedia":[{"embeddable":true,"href":"https:\/\/ostacbd.ee\/fi\/wp-json\/wp\/v2\/media\/2701"}],"wp:attachment":[{"href":"https:\/\/ostacbd.ee\/fi\/wp-json\/wp\/v2\/media?parent=3177"}],"curies":[{"name":"wp","href":"https:\/\/api.w.org\/{rel}","templated":true}]}}