{"id":3180,"date":"2023-03-23T11:11:57","date_gmt":"2023-03-23T09:11:57","guid":{"rendered":"https:\/\/ostacbd.ee\/maksuvaihtoehdot\/"},"modified":"2023-03-28T12:28:06","modified_gmt":"2023-03-28T10:28:06","slug":"maksuvaihtoehdot","status":"publish","type":"page","link":"https:\/\/ostacbd.ee\/fi\/maksuvaihtoehdot\/","title":{"rendered":"Maksuvaihtoehdot"},"content":{"rendered":"\t\t<div data-elementor-type=\"wp-page\" data-elementor-id=\"3180\" class=\"elementor elementor-3180 elementor-1573\">\n\t\t\t\t\t\t\t<div class=\"elementor-element elementor-element-97f25a1 e-flex e-con-boxed elementor-invisible e-con e-parent\" data-id=\"97f25a1\" data-element_type=\"container\" data-settings=\"{&quot;animation&quot;:&quot;fadeIn&quot;,&quot;animation_mobile&quot;:&quot;none&quot;,&quot;content_width&quot;:&quot;boxed&quot;}\" data-core-v316-plus=\"true\">\n\t\t\t\t\t<div class=\"e-con-inner\">\n\t\t\t\t<div class=\"elementor-element elementor-element-99fd535 elementor-widget elementor-widget-heading\" data-id=\"99fd535\" data-element_type=\"widget\" data-widget_type=\"heading.default\">\n\t\t\t\t<div class=\"elementor-widget-container\">\n\t\t\t<style>\/*! elementor - v3.16.0 - 20-09-2023 *\/\n.elementor-heading-title{padding:0;margin:0;line-height:1}.elementor-widget-heading .elementor-heading-title[class*=elementor-size-]>a{color:inherit;font-size:inherit;line-height:inherit}.elementor-widget-heading .elementor-heading-title.elementor-size-small{font-size:15px}.elementor-widget-heading .elementor-heading-title.elementor-size-medium{font-size:19px}.elementor-widget-heading .elementor-heading-title.elementor-size-large{font-size:29px}.elementor-widget-heading .elementor-heading-title.elementor-size-xl{font-size:39px}.elementor-widget-heading .elementor-heading-title.elementor-size-xxl{font-size:59px}<\/style><h2 class=\"elementor-heading-title elementor-size-default\">Maksuvaihtoehdot<\/h2>\t\t<\/div>\n\t\t\t\t<\/div>\n\t\t\t\t<div class=\"elementor-element elementor-element-a9b89f4 elementor-widget elementor-widget-heading\" data-id=\"a9b89f4\" data-element_type=\"widget\" data-widget_type=\"heading.default\">\n\t\t\t\t<div class=\"elementor-widget-container\">\n\t\t\t<h2 class=\"elementor-heading-title elementor-size-default\">Pankkimaksut<\/h2>\t\t<\/div>\n\t\t\t\t<\/div>\n\t\t\t\t<div class=\"elementor-element elementor-element-9652ff4 elementor-widget elementor-widget-text-editor\" data-id=\"9652ff4\" data-element_type=\"widget\" data-widget_type=\"text-editor.default\">\n\t\t\t\t<div class=\"elementor-widget-container\">\n\t\t\t<style>\/*! elementor - v3.16.0 - 20-09-2023 *\/\n.elementor-widget-text-editor.elementor-drop-cap-view-stacked .elementor-drop-cap{background-color:#69727d;color:#fff}.elementor-widget-text-editor.elementor-drop-cap-view-framed .elementor-drop-cap{color:#69727d;border:3px solid;background-color:transparent}.elementor-widget-text-editor:not(.elementor-drop-cap-view-default) .elementor-drop-cap{margin-top:8px}.elementor-widget-text-editor:not(.elementor-drop-cap-view-default) .elementor-drop-cap-letter{width:1em;height:1em}.elementor-widget-text-editor .elementor-drop-cap{float:left;text-align:center;line-height:1;font-size:50px}.elementor-widget-text-editor .elementor-drop-cap-letter{display:inline-block}<\/style>\t\t\t\t<p>K\u00e4tev\u00e4 ja turvallinen tapa maksaa tavarasi!<\/p>\n<p><strong>BuyCBD-verkkokaupassa<\/strong> on mahdollista maksaa pankkilinkkej\u00e4 k\u00e4ytt\u00e4en (Swedbank, SEB, LHV, Luminor, Coop Bank, Citadele).<\/p>\n<p>Maksu suoritetaan <strong>BuyCBD-ymp\u00e4rist\u00f6n<\/strong> ulkopuolella pankin tai palveluntarjoajan suojatussa maksuymp\u00e4rist\u00f6ss\u00e4. Meill\u00e4 ei ole p\u00e4\u00e4sy\u00e4 asiakkaan pankki- ja luottokorttitietoihin.<\/p>\n\t\t\t\t\t\t<\/div>\n\t\t\t\t<\/div>\n\t\t\t\t<div class=\"elementor-element elementor-element-59577ed elementor-widget elementor-widget-heading\" data-id=\"59577ed\" data-element_type=\"widget\" data-widget_type=\"heading.default\">\n\t\t\t\t<div class=\"elementor-widget-container\">\n\t\t\t<h2 class=\"elementor-heading-title elementor-size-default\">Korttimaksut<\/h2>\t\t<\/div>\n\t\t\t\t<\/div>\n\t\t\t\t<div class=\"elementor-element elementor-element-fbd07e8 elementor-widget elementor-widget-text-editor\" data-id=\"fbd07e8\" data-element_type=\"widget\" data-widget_type=\"text-editor.default\">\n\t\t\t\t<div class=\"elementor-widget-container\">\n\t\t\t\t\t\t\t<p>Ostokset verkkokaupassamme ovat turvallisia, ja luottokortin k\u00e4ytt\u00e4minen voi tehd\u00e4 ostoksista viel\u00e4 turvallisempia. Luottokortit tarjoavat usein ostosuojan ja palautusmahdollisuuden, jos ostetut tavarat eiv\u00e4t vastaa odotuksia tai jos kyseess\u00e4 on petos. Siksi suosittelemme, ett\u00e4 k\u00e4yt\u00e4t luottokorttia, kun teet ostoksia verkkokaupassamme.<\/p>\n\t\t\t\t\t\t<\/div>\n\t\t\t\t<\/div>\n\t\t\t\t<div class=\"elementor-element elementor-element-04232af elementor-widget elementor-widget-heading\" data-id=\"04232af\" data-element_type=\"widget\" data-widget_type=\"heading.default\">\n\t\t\t\t<div class=\"elementor-widget-container\">\n\t\t\t<h2 class=\"elementor-heading-title elementor-size-default\">Maksu sekill\u00e4<\/h2>\t\t<\/div>\n\t\t\t\t<\/div>\n\t\t\t\t<div class=\"elementor-element elementor-element-e847250 elementor-widget elementor-widget-text-editor\" data-id=\"e847250\" data-element_type=\"widget\" data-widget_type=\"text-editor.default\">\n\t\t\t\t<div class=\"elementor-widget-container\">\n\t\t\t\t\t\t\t<p>Maksaminen tilisiirrolla on helppoa ja k\u00e4tev\u00e4\u00e4. Aloitamme tilauksesi t\u00e4ytt\u00e4misen heti, kun tilaus on maksettu.<\/p>\n<p>Huomaa, ett\u00e4 sinun on annettava BuyCBD-tilausnumero maksun selityksess\u00e4.<\/p>\n<h3 id=\"konto-uksikasjad\"><strong>Tilin tiedot:<\/strong><\/h3>\n<p>Vastaanottaja: <strong>MYSYNDICATE LTD<br \/><\/strong>Tilinumero: <strong>BE12 9673 0853 0892<br \/><\/strong>BIC: <strong>TRWIBEB1XXX<br \/><\/strong>Pankkisiirron syy: Tilausnumero (tilausnumero), <strong>esimerkiksi: Tilausnumero 5577353<\/strong>.<\/p>\n\t\t\t\t\t\t<\/div>\n\t\t\t\t<\/div>\n\t\t\t\t\t<\/div>\n\t\t\t\t<\/div>\n\t\t\t\t\t\t\t<\/div>\n\t\t","protected":false},"excerpt":{"rendered":"<p>Pankkimaksut K\u00e4tev\u00e4 ja turvallinen tapa maksaa tavarasi! BuyCBD-verkkokaupassa on mahdollista maksaa pankkilinkkej\u00e4 k\u00e4ytt\u00e4en (Swedbank, SEB, LHV, Luminor, Coop Bank, Citadele). Maksu suoritetaan BuyCBD-ymp\u00e4rist\u00f6n ulkopuolella pankin tai palveluntarjoajan suojatussa maksuymp\u00e4rist\u00f6ss\u00e4. Meill\u00e4 ei ole p\u00e4\u00e4sy\u00e4 asiakkaan pankki- ja luottokorttitietoihin. Korttimaksut Ostokset verkkokaupassamme ovat turvallisia, ja luottokortin k\u00e4ytt\u00e4minen voi tehd\u00e4 ostoksista viel\u00e4 turvallisempia. Luottokortit tarjoavat usein ostosuojan ja [&hellip;]<\/p>\n","protected":false},"author":1,"featured_media":2701,"parent":0,"menu_order":0,"comment_status":"closed","ping_status":"closed","template":"","meta":{"footnotes":""},"class_list":["post-3180","page","type-page","status-publish","has-post-thumbnail","hentry"],"acf":[],"yoast_head":"<!-- This site is optimized with the Yoast SEO plugin v21.2 - https:\/\/yoast.com\/wordpress\/plugins\/seo\/ -->\n<title>Maksuvaihtoehdot &#8226; OstaCBD<\/title>\n<meta name=\"robots\" content=\"index, follow, max-snippet:-1, max-image-preview:large, max-video-preview:-1\" \/>\n<link rel=\"canonical\" href=\"https:\/\/ostacbd.ee\/fi\/maksuvaihtoehdot\/\" \/>\n<meta property=\"og:locale\" content=\"fi_FI\" \/>\n<meta property=\"og:type\" content=\"article\" \/>\n<meta property=\"og:title\" content=\"Maksuvaihtoehdot &#8226; OstaCBD\" \/>\n<meta property=\"og:description\" content=\"Pankkimaksut K\u00e4tev\u00e4 ja turvallinen tapa maksaa tavarasi! BuyCBD-verkkokaupassa on mahdollista maksaa pankkilinkkej\u00e4 k\u00e4ytt\u00e4en (Swedbank, SEB, LHV, Luminor, Coop Bank, Citadele). Maksu suoritetaan BuyCBD-ymp\u00e4rist\u00f6n ulkopuolella pankin tai palveluntarjoajan suojatussa maksuymp\u00e4rist\u00f6ss\u00e4. Meill\u00e4 ei ole p\u00e4\u00e4sy\u00e4 asiakkaan pankki- ja luottokorttitietoihin. Korttimaksut Ostokset verkkokaupassamme ovat turvallisia, ja luottokortin k\u00e4ytt\u00e4minen voi tehd\u00e4 ostoksista viel\u00e4 turvallisempia. Luottokortit tarjoavat usein ostosuojan ja [&hellip;]\" \/>\n<meta property=\"og:url\" content=\"https:\/\/ostacbd.ee\/fi\/maksuvaihtoehdot\/\" \/>\n<meta property=\"og:site_name\" content=\"OstaCBD\" \/>\n<meta property=\"article:modified_time\" content=\"2023-03-28T10:28:06+00:00\" \/>\n<meta property=\"og:image\" content=\"https:\/\/ostacbd.ee\/wp-content\/uploads\/2023\/03\/cropped-cbd-favicon.jpg\" \/>\n\t<meta property=\"og:image:width\" content=\"512\" \/>\n\t<meta property=\"og:image:height\" content=\"512\" \/>\n\t<meta property=\"og:image:type\" content=\"image\/jpeg\" \/>\n<meta name=\"twitter:card\" content=\"summary_large_image\" \/>\n<meta name=\"twitter:label1\" content=\"Arvioitu lukuaika\" \/>\n\t<meta name=\"twitter:data1\" content=\"1 minuutti\" \/>\n<!-- \/ Yoast SEO plugin. -->","yoast_head_json":{"title":"Maksuvaihtoehdot &#8226; OstaCBD","robots":{"index":"index","follow":"follow","max-snippet":"max-snippet:-1","max-image-preview":"max-image-preview:large","max-video-preview":"max-video-preview:-1"},"canonical":"https:\/\/ostacbd.ee\/fi\/maksuvaihtoehdot\/","og_locale":"fi_FI","og_type":"article","og_title":"Maksuvaihtoehdot &#8226; OstaCBD","og_description":"Pankkimaksut K\u00e4tev\u00e4 ja turvallinen tapa maksaa tavarasi! BuyCBD-verkkokaupassa on mahdollista maksaa pankkilinkkej\u00e4 k\u00e4ytt\u00e4en (Swedbank, SEB, LHV, Luminor, Coop Bank, Citadele). Maksu suoritetaan BuyCBD-ymp\u00e4rist\u00f6n ulkopuolella pankin tai palveluntarjoajan suojatussa maksuymp\u00e4rist\u00f6ss\u00e4. Meill\u00e4 ei ole p\u00e4\u00e4sy\u00e4 asiakkaan pankki- ja luottokorttitietoihin. Korttimaksut Ostokset verkkokaupassamme ovat turvallisia, ja luottokortin k\u00e4ytt\u00e4minen voi tehd\u00e4 ostoksista viel\u00e4 turvallisempia. Luottokortit tarjoavat usein ostosuojan ja [&hellip;]","og_url":"https:\/\/ostacbd.ee\/fi\/maksuvaihtoehdot\/","og_site_name":"OstaCBD","article_modified_time":"2023-03-28T10:28:06+00:00","og_image":[{"width":512,"height":512,"url":"https:\/\/ostacbd.ee\/wp-content\/uploads\/2023\/03\/cropped-cbd-favicon.jpg","type":"image\/jpeg"}],"twitter_card":"summary_large_image","twitter_misc":{"Arvioitu lukuaika":"1 minuutti"},"schema":{"@context":"https:\/\/schema.org","@graph":[{"@type":"WebPage","@id":"https:\/\/ostacbd.ee\/fi\/maksuvaihtoehdot\/","url":"https:\/\/ostacbd.ee\/fi\/maksuvaihtoehdot\/","name":"Maksuvaihtoehdot &#8226; OstaCBD","isPartOf":{"@id":"https:\/\/ostacbd.ee\/fi\/#website"},"datePublished":"2023-03-23T09:11:57+00:00","dateModified":"2023-03-28T10:28:06+00:00","breadcrumb":{"@id":"https:\/\/ostacbd.ee\/fi\/maksuvaihtoehdot\/#breadcrumb"},"inLanguage":"fi","potentialAction":[{"@type":"ReadAction","target":["https:\/\/ostacbd.ee\/fi\/maksuvaihtoehdot\/"]}]},{"@type":"BreadcrumbList","@id":"https:\/\/ostacbd.ee\/fi\/maksuvaihtoehdot\/#breadcrumb","itemListElement":[{"@type":"ListItem","position":1,"name":"Home","item":"https:\/\/ostacbd.ee\/fi\/"},{"@type":"ListItem","position":2,"name":"Maksuvaihtoehdot"}]},{"@type":"WebSite","@id":"https:\/\/ostacbd.ee\/fi\/#website","url":"https:\/\/ostacbd.ee\/fi\/","name":"OstaCBD","description":"","publisher":{"@id":"https:\/\/ostacbd.ee\/fi\/#organization"},"potentialAction":[{"@type":"SearchAction","target":{"@type":"EntryPoint","urlTemplate":"https:\/\/ostacbd.ee\/fi\/?s={search_term_string}"},"query-input":"required name=search_term_string"}],"inLanguage":"fi"},{"@type":"Organization","@id":"https:\/\/ostacbd.ee\/fi\/#organization","name":"OstaCBD.ee \u2022 Parim CBD Eestis","url":"https:\/\/ostacbd.ee\/fi\/","logo":{"@type":"ImageObject","inLanguage":"fi","@id":"https:\/\/ostacbd.ee\/fi\/#\/schema\/logo\/image\/","url":"https:\/\/ostacbd.ee\/wp-content\/uploads\/2023\/03\/cbd-favicon.jpg","contentUrl":"https:\/\/ostacbd.ee\/wp-content\/uploads\/2023\/03\/cbd-favicon.jpg","width":512,"height":512,"caption":"OstaCBD.ee \u2022 Parim CBD Eestis"},"image":{"@id":"https:\/\/ostacbd.ee\/fi\/#\/schema\/logo\/image\/"}}]}},"_links":{"self":[{"href":"https:\/\/ostacbd.ee\/fi\/wp-json\/wp\/v2\/pages\/3180","targetHints":{"allow":["GET"]}}],"collection":[{"href":"https:\/\/ostacbd.ee\/fi\/wp-json\/wp\/v2\/pages"}],"about":[{"href":"https:\/\/ostacbd.ee\/fi\/wp-json\/wp\/v2\/types\/page"}],"author":[{"embeddable":true,"href":"https:\/\/ostacbd.ee\/fi\/wp-json\/wp\/v2\/users\/1"}],"replies":[{"embeddable":true,"href":"https:\/\/ostacbd.ee\/fi\/wp-json\/wp\/v2\/comments?post=3180"}],"version-history":[{"count":2,"href":"https:\/\/ostacbd.ee\/fi\/wp-json\/wp\/v2\/pages\/3180\/revisions"}],"predecessor-version":[{"id":3188,"href":"https:\/\/ostacbd.ee\/fi\/wp-json\/wp\/v2\/pages\/3180\/revisions\/3188"}],"wp:featuredmedia":[{"embeddable":true,"href":"https:\/\/ostacbd.ee\/fi\/wp-json\/wp\/v2\/media\/2701"}],"wp:attachment":[{"href":"https:\/\/ostacbd.ee\/fi\/wp-json\/wp\/v2\/media?parent=3180"}],"curies":[{"name":"wp","href":"https:\/\/api.w.org\/{rel}","templated":true}]}}