{"id":3214,"date":"2023-03-24T11:00:25","date_gmt":"2023-03-24T09:00:25","guid":{"rendered":"https:\/\/ostacbd.ee\/info\/"},"modified":"2023-03-28T12:28:06","modified_gmt":"2023-03-28T10:28:06","slug":"info","status":"publish","type":"page","link":"https:\/\/ostacbd.ee\/fi\/info\/","title":{"rendered":"Info"},"content":{"rendered":"\t\t<div data-elementor-type=\"wp-page\" data-elementor-id=\"3214\" class=\"elementor elementor-3214 elementor-1652\">\n\t\t\t\t\t\t\t<div class=\"elementor-element elementor-element-cf18b4a e-flex e-con-boxed elementor-invisible e-con e-parent\" data-id=\"cf18b4a\" data-element_type=\"container\" data-settings=\"{&quot;animation&quot;:&quot;fadeIn&quot;,&quot;animation_mobile&quot;:&quot;none&quot;,&quot;content_width&quot;:&quot;boxed&quot;}\" data-core-v316-plus=\"true\">\n\t\t\t\t\t<div class=\"e-con-inner\">\n\t\t\t\t<div class=\"elementor-element elementor-element-be3465a elementor-widget elementor-widget-heading\" data-id=\"be3465a\" data-element_type=\"widget\" data-widget_type=\"heading.default\">\n\t\t\t\t<div class=\"elementor-widget-container\">\n\t\t\t<style>\/*! elementor - v3.16.0 - 20-09-2023 *\/\n.elementor-heading-title{padding:0;margin:0;line-height:1}.elementor-widget-heading .elementor-heading-title[class*=elementor-size-]>a{color:inherit;font-size:inherit;line-height:inherit}.elementor-widget-heading .elementor-heading-title.elementor-size-small{font-size:15px}.elementor-widget-heading .elementor-heading-title.elementor-size-medium{font-size:19px}.elementor-widget-heading .elementor-heading-title.elementor-size-large{font-size:29px}.elementor-widget-heading .elementor-heading-title.elementor-size-xl{font-size:39px}.elementor-widget-heading .elementor-heading-title.elementor-size-xxl{font-size:59px}<\/style><h2 class=\"elementor-heading-title elementor-size-default\">Info<\/h2>\t\t<\/div>\n\t\t\t\t<\/div>\n\t\t\t\t<div class=\"elementor-element elementor-element-3f46909 elementor-widget elementor-widget-heading\" data-id=\"3f46909\" data-element_type=\"widget\" data-widget_type=\"heading.default\">\n\t\t\t\t<div class=\"elementor-widget-container\">\n\t\t\t<h2 class=\"elementor-heading-title elementor-size-default\">Mit\u00e4 CBD on?\n<\/h2>\t\t<\/div>\n\t\t\t\t<\/div>\n\t\t\t\t<div class=\"elementor-element elementor-element-36a45f6 elementor-widget elementor-widget-text-editor\" data-id=\"36a45f6\" data-element_type=\"widget\" data-widget_type=\"text-editor.default\">\n\t\t\t\t<div class=\"elementor-widget-container\">\n\t\t\t<style>\/*! elementor - v3.16.0 - 20-09-2023 *\/\n.elementor-widget-text-editor.elementor-drop-cap-view-stacked .elementor-drop-cap{background-color:#69727d;color:#fff}.elementor-widget-text-editor.elementor-drop-cap-view-framed .elementor-drop-cap{color:#69727d;border:3px solid;background-color:transparent}.elementor-widget-text-editor:not(.elementor-drop-cap-view-default) .elementor-drop-cap{margin-top:8px}.elementor-widget-text-editor:not(.elementor-drop-cap-view-default) .elementor-drop-cap-letter{width:1em;height:1em}.elementor-widget-text-editor .elementor-drop-cap{float:left;text-align:center;line-height:1;font-size:50px}.elementor-widget-text-editor .elementor-drop-cap-letter{display:inline-block}<\/style>\t\t\t\t<p><strong>CBD-kannabis<\/strong> (tai <strong>kannabidioli<\/strong>) on suosittu luonnollinen aine, jota k\u00e4ytet\u00e4\u00e4n monenlaisiin vaivoihin.<\/p>\n<p>Kannabiskasvi sis\u00e4lt\u00e4\u00e4 yli 100 erilaista luonnollista yhdistett\u00e4 (eli kannabinoidia), joista tunnetuimmat ovat kannabidioli (CBD) ja tetrahydrokannabinoli (THC).<\/p>\n\t\t\t\t\t\t<\/div>\n\t\t\t\t<\/div>\n\t\t\t\t<div class=\"elementor-element elementor-element-41443de elementor-widget elementor-widget-heading\" data-id=\"41443de\" data-element_type=\"widget\" data-widget_type=\"heading.default\">\n\t\t\t\t<div class=\"elementor-widget-container\">\n\t\t\t<h2 class=\"elementor-heading-title elementor-size-default\">Miksi ihmiset ostavat CBD:t\u00e4?<\/h2>\t\t<\/div>\n\t\t\t\t<\/div>\n\t\t\t\t<div class=\"elementor-element elementor-element-38a8abf elementor-widget elementor-widget-text-editor\" data-id=\"38a8abf\" data-element_type=\"widget\" data-widget_type=\"text-editor.default\">\n\t\t\t\t<div class=\"elementor-widget-container\">\n\t\t\t\t\t\t\t<p>Ihmiset ostavat <strong>CBD:t\u00e4<\/strong> eri syist\u00e4. Jotkut k\u00e4ytt\u00e4v\u00e4t sit\u00e4 ahdistuksen tai unettomuuden hoitoon, toiset kivun tai tulehduksen lievitt\u00e4miseen. Jotkut ihmiset k\u00e4ytt\u00e4v\u00e4t <strong>CBD:<\/strong>t\u00e4 my\u00f6s mielenterveyden tukemiseen tai vain arkiseen rentoutumiseen.<\/p>\n<p><strong>CBD:t\u00e4<\/strong> myyd\u00e4\u00e4n eri muodoissa, kuten \u00f6ljyn\u00e4, kapseleina, voiteena ja tinktuurana. T\u00e4m\u00e4 antaa ihmisille mahdollisuuden valita parhaan tavan k\u00e4ytt\u00e4\u00e4 <strong>CBD:t\u00e4<\/strong> omien tarpeidensa ja mieltymystens\u00e4 mukaan.<\/p>\n<p>Myymme eritt\u00e4in korkealaatuista <strong>CBD:<\/strong>t\u00e4, mutta emme myy sit\u00e4 l\u00e4\u00e4kkeeksi tai ravintolis\u00e4ksi. On t\u00e4rke\u00e4\u00e4 huomata, ett\u00e4 sinun on aina neuvoteltava l\u00e4\u00e4k\u00e4risi kanssa ennen <strong>CBD:n<\/strong> k\u00e4ytt\u00f6\u00e4, erityisesti jos sinulla on jo olemassa olevia terveystiloja tai k\u00e4yt\u00e4t muita l\u00e4\u00e4kkeit\u00e4. Vaikka <strong>CBD<\/strong> on suhteellisen turvallista, se voi aiheuttaa haittavaikutuksia ja olla vuorovaikutuksessa muiden l\u00e4\u00e4kkeiden kanssa.<\/p>\n\t\t\t\t\t\t<\/div>\n\t\t\t\t<\/div>\n\t\t\t\t<div class=\"elementor-element elementor-element-cd29039 elementor-widget elementor-widget-heading\" data-id=\"cd29039\" data-element_type=\"widget\" data-widget_type=\"heading.default\">\n\t\t\t\t<div class=\"elementor-widget-container\">\n\t\t\t<h2 class=\"elementor-heading-title elementor-size-default\">Mit\u00e4 eroa on CBD:n ja THC:n v\u00e4lill\u00e4?<\/h2>\t\t<\/div>\n\t\t\t\t<\/div>\n\t\t\t\t<div class=\"elementor-element elementor-element-0648da4 elementor-widget elementor-widget-text-editor\" data-id=\"0648da4\" data-element_type=\"widget\" data-widget_type=\"text-editor.default\">\n\t\t\t\t<div class=\"elementor-widget-container\">\n\t\t\t\t\t\t\t<p><strong>CBD<\/strong> eroaa kannabiksen psykoaktiivisesta ainesosasta THC:st\u00e4 siin\u00e4, ett\u00e4 <strong>CBD<\/strong> ei aiheuta p\u00e4ihdytt\u00e4vi\u00e4 vaikutuksia eik\u00e4 tee k\u00e4ytt\u00e4j\u00e4\u00e4 uneliaaksi. Sen sijaan <strong>CBD<\/strong> voi lievitt\u00e4\u00e4 ahdistusta, kipua, tulehdusta ja muita eri terveysongelmiin liittyvi\u00e4 oireita.<\/p>\n\t\t\t\t\t\t<\/div>\n\t\t\t\t<\/div>\n\t\t\t\t<div class=\"elementor-element elementor-element-6aac0fe elementor-widget elementor-widget-heading\" data-id=\"6aac0fe\" data-element_type=\"widget\" data-widget_type=\"heading.default\">\n\t\t\t\t<div class=\"elementor-widget-container\">\n\t\t\t<h2 class=\"elementor-heading-title elementor-size-default\">Hieman meist\u00e4<\/h2>\t\t<\/div>\n\t\t\t\t<\/div>\n\t\t\t\t<div class=\"elementor-element elementor-element-833471b elementor-widget elementor-widget-text-editor\" data-id=\"833471b\" data-element_type=\"widget\" data-widget_type=\"text-editor.default\">\n\t\t\t\t<div class=\"elementor-widget-container\">\n\t\t\t\t\t\t\t<p>Olemme myyneet korkealaatuisia <strong>CBD-tuotteita<\/strong> 8 vuoden ajan. Tutkimme joka p\u00e4iv\u00e4 markkinoita tarjotaksemme parhaat <strong>CBD-tuotteet<\/strong> parhaaseen hintaan. Kuten n\u00e4et, pyrimme tarjoamaan <strong>CBD:t\u00e4<\/strong> parhaaseen hintaan, koska tied\u00e4mme, ett\u00e4 monet ihmiset tarvitsevat sit\u00e4 terveytens\u00e4 vuoksi. Meill\u00e4 ei ole fyysisi\u00e4 myym\u00e4l\u00f6it\u00e4 miss\u00e4\u00e4n maassa, mutta varastointij\u00e4rjestelm\u00e4mme ansiosta voimme toimittaa tavarat ihmisille 1-3 p\u00e4iv\u00e4n kuluessa.<\/p>\n\t\t\t\t\t\t<\/div>\n\t\t\t\t<\/div>\n\t\t\t\t<div class=\"elementor-element elementor-element-178b6a1 elementor-widget elementor-widget-heading\" data-id=\"178b6a1\" data-element_type=\"widget\" data-widget_type=\"heading.default\">\n\t\t\t\t<div class=\"elementor-widget-container\">\n\t\t\t<h2 class=\"elementor-heading-title elementor-size-default\">Yhteenveto alkaen<\/h2>\t\t<\/div>\n\t\t\t\t<\/div>\n\t\t\t\t<div class=\"elementor-element elementor-element-8d65191 elementor-widget elementor-widget-text-editor\" data-id=\"8d65191\" data-element_type=\"widget\" data-widget_type=\"text-editor.default\">\n\t\t\t\t<div class=\"elementor-widget-container\">\n\t\t\t\t\t\t\t<p>Kaiken kaikkiaan <strong>CBD:<\/strong> st\u00e4 on tullut suosittu hoitovaihtoehto moniin terveysongelmiin, sill\u00e4 se voi lievitt\u00e4\u00e4 monia oireita. Vaikka <strong>CBD<\/strong> ei sovi kaikille, se on osoittautunut tehokkaaksi vaihtoehdoksi perinteisille hoidoille monille ihmisille. Olitpa sitten ensikertalainen <strong>CBD:n<\/strong> k\u00e4ytt\u00e4j\u00e4 tai kokenut kuluttaja, astu <a href=\"https:\/\/ostacbd.ee\/pood\/\" title=\"Myym\u00e4l\u00e4\u00e4mme\">myym\u00e4l\u00e4\u00e4mme<\/a> ja valitse juuri sinulle sopiva <strong>CBD<\/strong>.<\/p>\n\t\t\t\t\t\t<\/div>\n\t\t\t\t<\/div>\n\t\t\t\t\t<\/div>\n\t\t\t\t<\/div>\n\t\t\t\t\t\t\t<\/div>\n\t\t","protected":false},"excerpt":{"rendered":"<p>Mit\u00e4 CBD on? CBD-kannabis (tai kannabidioli) on suosittu luonnollinen aine, jota k\u00e4ytet\u00e4\u00e4n monenlaisiin vaivoihin. Kannabiskasvi sis\u00e4lt\u00e4\u00e4 yli 100 erilaista luonnollista yhdistett\u00e4 (eli kannabinoidia), joista tunnetuimmat ovat kannabidioli (CBD) ja tetrahydrokannabinoli (THC). Miksi ihmiset ostavat CBD:t\u00e4? Ihmiset ostavat CBD:t\u00e4 eri syist\u00e4. Jotkut k\u00e4ytt\u00e4v\u00e4t sit\u00e4 ahdistuksen tai unettomuuden hoitoon, toiset kivun tai tulehduksen lievitt\u00e4miseen. Jotkut ihmiset k\u00e4ytt\u00e4v\u00e4t [&hellip;]<\/p>\n","protected":false},"author":1,"featured_media":2701,"parent":0,"menu_order":0,"comment_status":"closed","ping_status":"closed","template":"","meta":{"footnotes":""},"class_list":["post-3214","page","type-page","status-publish","has-post-thumbnail","hentry"],"acf":[],"yoast_head":"<!-- This site is optimized with the Yoast SEO plugin v21.2 - https:\/\/yoast.com\/wordpress\/plugins\/seo\/ -->\n<title>Info &#8226; OstaCBD<\/title>\n<meta name=\"robots\" content=\"index, follow, max-snippet:-1, max-image-preview:large, max-video-preview:-1\" \/>\n<link rel=\"canonical\" href=\"https:\/\/ostacbd.ee\/fi\/info\/\" \/>\n<meta property=\"og:locale\" content=\"fi_FI\" \/>\n<meta property=\"og:type\" content=\"article\" \/>\n<meta property=\"og:title\" content=\"Info &#8226; OstaCBD\" \/>\n<meta property=\"og:description\" content=\"Mit\u00e4 CBD on? CBD-kannabis (tai kannabidioli) on suosittu luonnollinen aine, jota k\u00e4ytet\u00e4\u00e4n monenlaisiin vaivoihin. Kannabiskasvi sis\u00e4lt\u00e4\u00e4 yli 100 erilaista luonnollista yhdistett\u00e4 (eli kannabinoidia), joista tunnetuimmat ovat kannabidioli (CBD) ja tetrahydrokannabinoli (THC). Miksi ihmiset ostavat CBD:t\u00e4? Ihmiset ostavat CBD:t\u00e4 eri syist\u00e4. Jotkut k\u00e4ytt\u00e4v\u00e4t sit\u00e4 ahdistuksen tai unettomuuden hoitoon, toiset kivun tai tulehduksen lievitt\u00e4miseen. Jotkut ihmiset k\u00e4ytt\u00e4v\u00e4t [&hellip;]\" \/>\n<meta property=\"og:url\" content=\"https:\/\/ostacbd.ee\/fi\/info\/\" \/>\n<meta property=\"og:site_name\" content=\"OstaCBD\" \/>\n<meta property=\"article:modified_time\" content=\"2023-03-28T10:28:06+00:00\" \/>\n<meta property=\"og:image\" content=\"https:\/\/ostacbd.ee\/wp-content\/uploads\/2023\/03\/cropped-cbd-favicon.jpg\" \/>\n\t<meta property=\"og:image:width\" content=\"512\" \/>\n\t<meta property=\"og:image:height\" content=\"512\" \/>\n\t<meta property=\"og:image:type\" content=\"image\/jpeg\" \/>\n<meta name=\"twitter:card\" content=\"summary_large_image\" \/>\n<meta name=\"twitter:label1\" content=\"Arvioitu lukuaika\" \/>\n\t<meta name=\"twitter:data1\" content=\"2 minuuttia\" \/>\n<!-- \/ Yoast SEO plugin. -->","yoast_head_json":{"title":"Info &#8226; OstaCBD","robots":{"index":"index","follow":"follow","max-snippet":"max-snippet:-1","max-image-preview":"max-image-preview:large","max-video-preview":"max-video-preview:-1"},"canonical":"https:\/\/ostacbd.ee\/fi\/info\/","og_locale":"fi_FI","og_type":"article","og_title":"Info &#8226; OstaCBD","og_description":"Mit\u00e4 CBD on? CBD-kannabis (tai kannabidioli) on suosittu luonnollinen aine, jota k\u00e4ytet\u00e4\u00e4n monenlaisiin vaivoihin. Kannabiskasvi sis\u00e4lt\u00e4\u00e4 yli 100 erilaista luonnollista yhdistett\u00e4 (eli kannabinoidia), joista tunnetuimmat ovat kannabidioli (CBD) ja tetrahydrokannabinoli (THC). Miksi ihmiset ostavat CBD:t\u00e4? Ihmiset ostavat CBD:t\u00e4 eri syist\u00e4. Jotkut k\u00e4ytt\u00e4v\u00e4t sit\u00e4 ahdistuksen tai unettomuuden hoitoon, toiset kivun tai tulehduksen lievitt\u00e4miseen. Jotkut ihmiset k\u00e4ytt\u00e4v\u00e4t [&hellip;]","og_url":"https:\/\/ostacbd.ee\/fi\/info\/","og_site_name":"OstaCBD","article_modified_time":"2023-03-28T10:28:06+00:00","og_image":[{"width":512,"height":512,"url":"https:\/\/ostacbd.ee\/wp-content\/uploads\/2023\/03\/cropped-cbd-favicon.jpg","type":"image\/jpeg"}],"twitter_card":"summary_large_image","twitter_misc":{"Arvioitu lukuaika":"2 minuuttia"},"schema":{"@context":"https:\/\/schema.org","@graph":[{"@type":"WebPage","@id":"https:\/\/ostacbd.ee\/fi\/info\/","url":"https:\/\/ostacbd.ee\/fi\/info\/","name":"Info &#8226; OstaCBD","isPartOf":{"@id":"https:\/\/ostacbd.ee\/fi\/#website"},"datePublished":"2023-03-24T09:00:25+00:00","dateModified":"2023-03-28T10:28:06+00:00","breadcrumb":{"@id":"https:\/\/ostacbd.ee\/fi\/info\/#breadcrumb"},"inLanguage":"fi","potentialAction":[{"@type":"ReadAction","target":["https:\/\/ostacbd.ee\/fi\/info\/"]}]},{"@type":"BreadcrumbList","@id":"https:\/\/ostacbd.ee\/fi\/info\/#breadcrumb","itemListElement":[{"@type":"ListItem","position":1,"name":"Home","item":"https:\/\/ostacbd.ee\/fi\/"},{"@type":"ListItem","position":2,"name":"Info"}]},{"@type":"WebSite","@id":"https:\/\/ostacbd.ee\/fi\/#website","url":"https:\/\/ostacbd.ee\/fi\/","name":"OstaCBD","description":"","publisher":{"@id":"https:\/\/ostacbd.ee\/fi\/#organization"},"potentialAction":[{"@type":"SearchAction","target":{"@type":"EntryPoint","urlTemplate":"https:\/\/ostacbd.ee\/fi\/?s={search_term_string}"},"query-input":"required name=search_term_string"}],"inLanguage":"fi"},{"@type":"Organization","@id":"https:\/\/ostacbd.ee\/fi\/#organization","name":"OstaCBD.ee \u2022 Parim CBD Eestis","url":"https:\/\/ostacbd.ee\/fi\/","logo":{"@type":"ImageObject","inLanguage":"fi","@id":"https:\/\/ostacbd.ee\/fi\/#\/schema\/logo\/image\/","url":"https:\/\/ostacbd.ee\/wp-content\/uploads\/2023\/03\/cbd-favicon.jpg","contentUrl":"https:\/\/ostacbd.ee\/wp-content\/uploads\/2023\/03\/cbd-favicon.jpg","width":512,"height":512,"caption":"OstaCBD.ee \u2022 Parim CBD Eestis"},"image":{"@id":"https:\/\/ostacbd.ee\/fi\/#\/schema\/logo\/image\/"}}]}},"_links":{"self":[{"href":"https:\/\/ostacbd.ee\/fi\/wp-json\/wp\/v2\/pages\/3214","targetHints":{"allow":["GET"]}}],"collection":[{"href":"https:\/\/ostacbd.ee\/fi\/wp-json\/wp\/v2\/pages"}],"about":[{"href":"https:\/\/ostacbd.ee\/fi\/wp-json\/wp\/v2\/types\/page"}],"author":[{"embeddable":true,"href":"https:\/\/ostacbd.ee\/fi\/wp-json\/wp\/v2\/users\/1"}],"replies":[{"embeddable":true,"href":"https:\/\/ostacbd.ee\/fi\/wp-json\/wp\/v2\/comments?post=3214"}],"version-history":[{"count":2,"href":"https:\/\/ostacbd.ee\/fi\/wp-json\/wp\/v2\/pages\/3214\/revisions"}],"predecessor-version":[{"id":3217,"href":"https:\/\/ostacbd.ee\/fi\/wp-json\/wp\/v2\/pages\/3214\/revisions\/3217"}],"wp:featuredmedia":[{"embeddable":true,"href":"https:\/\/ostacbd.ee\/fi\/wp-json\/wp\/v2\/media\/2701"}],"wp:attachment":[{"href":"https:\/\/ostacbd.ee\/fi\/wp-json\/wp\/v2\/media?parent=3214"}],"curies":[{"name":"wp","href":"https:\/\/api.w.org\/{rel}","templated":true}]}}