{"id":3012,"date":"2023-03-24T16:20:11","date_gmt":"2023-03-24T14:20:11","guid":{"rendered":"https:\/\/ostacbd.ee\/toode\/cbd-oljy-40-taysspektri\/"},"modified":"2023-11-30T23:06:52","modified_gmt":"2023-11-30T21:06:52","slug":"cbd-oli-40-taysi-spektri","status":"publish","type":"product","link":"https:\/\/ostacbd.ee\/fi\/toode\/cbd-oli-40-taysi-spektri\/","title":{"rendered":"CBD-\u00f6ljy 40% (t\u00e4ysspektri)"},"content":{"rendered":"<p>Puhdistettu t\u00e4yden spektrin <strong>CBD-\u00f6ljy<\/strong>. <strong>CBD:n<\/strong>(kannabidioli) lis\u00e4ksi t\u00e4m\u00e4 ensiluokkainen <strong>CBD-\u00f6ljy<\/strong> sis\u00e4lt\u00e4\u00e4 my\u00f6s muita kannabinoideja, kuten CBG:t\u00e4 (kannabigeroli), CBDV:t\u00e4 (kannabidivariini), CBC:t\u00e4 (kannabikromi) ja alle 0,2 % THC:t\u00e4 (tetrahydrokannabinoli). T\u00e4m\u00e4 \u00f6ljy on puhdistettu ja vapaa klorofyllist\u00e4 ja rasvasta. Siksi t\u00e4ss\u00e4 <strong>CBD-\u00f6ljyss\u00e4<\/strong> on hyvin mieto aromi. T\u00e4m\u00e4 korkealaatuinen <strong>CBD-\u00f6ljy<\/strong> on taatusti yksi markkinoiden parhaista <strong>CBD-\u00f6ljyist\u00e4<\/strong>.<\/p>\n","protected":false},"excerpt":{"rendered":"<p>CannabisBakeHouse <strong>CBD-\u00f6ljy 40 %<\/strong> on t\u00e4yden spektrin <strong>CBD-\u00f6ljy<\/strong>, joka varmistaa, ett\u00e4 kehosi, mielialasi ja mielesi pysyv\u00e4t tasapainossa kuusi tuntia kulutuksen j\u00e4lkeen endokannabinoidij\u00e4rjestelm\u00e4n kautta. Se ei sis\u00e4ll\u00e4 THC:t\u00e4, joten sinun ei tarvitse huolehtia siit\u00e4, ett\u00e4 tunnet itsesi pilvess\u00e4 ja k\u00e4rsit esimerkiksi suun kuivumisesta tai luiden kuivumisesta. Ei, CannabisBakeHouse <strong>CBD-\u00f6ljyn 40 %<\/strong> ansiosta tunnet olosi itsevarmemmaksi, rentoutuneemmaksi ja mukavammaksi omassa ihossasi.<\/p>\n","protected":false},"featured_media":2761,"template":"","meta":[],"product_cat":[54],"product_tag":[],"class_list":["post-3012","product","type-product","status-publish","has-post-thumbnail","hentry","product_cat-cbd-oljy"],"acf":[],"yoast_head":"<!-- This site is optimized with the Yoast SEO plugin v21.2 - https:\/\/yoast.com\/wordpress\/plugins\/seo\/ -->\n<title>CBD-\u00f6ljy 40% (t\u00e4ysspektri) &#8226; OstaCBD<\/title>\n<meta name=\"robots\" content=\"index, follow, max-snippet:-1, max-image-preview:large, max-video-preview:-1\" \/>\n<link rel=\"canonical\" href=\"https:\/\/ostacbd.ee\/fi\/toode\/cbd-oli-40-taysi-spektri\/\" \/>\n<meta property=\"og:locale\" content=\"fi_FI\" \/>\n<meta property=\"og:type\" content=\"article\" \/>\n<meta property=\"og:title\" content=\"CBD-\u00f6ljy 40% (t\u00e4ysspektri) &#8226; OstaCBD\" \/>\n<meta property=\"og:description\" content=\"CannabisBakeHouse CBD-\u00f6ljy 40 % on t\u00e4yden spektrin CBD-\u00f6ljy, joka varmistaa, ett\u00e4 kehosi, mielialasi ja mielesi pysyv\u00e4t tasapainossa kuusi tuntia kulutuksen j\u00e4lkeen endokannabinoidij\u00e4rjestelm\u00e4n kautta. Se ei sis\u00e4ll\u00e4 THC:t\u00e4, joten sinun ei tarvitse huolehtia siit\u00e4, ett\u00e4 tunnet itsesi pilvess\u00e4 ja k\u00e4rsit esimerkiksi suun kuivumisesta tai luiden kuivumisesta. Ei, CannabisBakeHouse CBD-\u00f6ljyn 40 % ansiosta tunnet olosi itsevarmemmaksi, rentoutuneemmaksi ja mukavammaksi omassa ihossasi.\" \/>\n<meta property=\"og:url\" content=\"https:\/\/ostacbd.ee\/fi\/toode\/cbd-oli-40-taysi-spektri\/\" \/>\n<meta property=\"og:site_name\" content=\"OstaCBD\" \/>\n<meta property=\"article:modified_time\" content=\"2023-11-30T21:06:52+00:00\" \/>\n<meta property=\"og:image\" content=\"https:\/\/ostacbd.ee\/wp-content\/uploads\/2023\/03\/cbd-oli-40.png\" \/>\n\t<meta property=\"og:image:width\" content=\"1080\" \/>\n\t<meta property=\"og:image:height\" content=\"1080\" \/>\n\t<meta property=\"og:image:type\" content=\"image\/png\" \/>\n<meta name=\"twitter:card\" content=\"summary_large_image\" \/>\n<!-- \/ Yoast SEO plugin. -->","yoast_head_json":{"title":"CBD-\u00f6ljy 40% (t\u00e4ysspektri) &#8226; OstaCBD","robots":{"index":"index","follow":"follow","max-snippet":"max-snippet:-1","max-image-preview":"max-image-preview:large","max-video-preview":"max-video-preview:-1"},"canonical":"https:\/\/ostacbd.ee\/fi\/toode\/cbd-oli-40-taysi-spektri\/","og_locale":"fi_FI","og_type":"article","og_title":"CBD-\u00f6ljy 40% (t\u00e4ysspektri) &#8226; OstaCBD","og_description":"CannabisBakeHouse CBD-\u00f6ljy 40 % on t\u00e4yden spektrin CBD-\u00f6ljy, joka varmistaa, ett\u00e4 kehosi, mielialasi ja mielesi pysyv\u00e4t tasapainossa kuusi tuntia kulutuksen j\u00e4lkeen endokannabinoidij\u00e4rjestelm\u00e4n kautta. Se ei sis\u00e4ll\u00e4 THC:t\u00e4, joten sinun ei tarvitse huolehtia siit\u00e4, ett\u00e4 tunnet itsesi pilvess\u00e4 ja k\u00e4rsit esimerkiksi suun kuivumisesta tai luiden kuivumisesta. Ei, CannabisBakeHouse CBD-\u00f6ljyn 40 % ansiosta tunnet olosi itsevarmemmaksi, rentoutuneemmaksi ja mukavammaksi omassa ihossasi.","og_url":"https:\/\/ostacbd.ee\/fi\/toode\/cbd-oli-40-taysi-spektri\/","og_site_name":"OstaCBD","article_modified_time":"2023-11-30T21:06:52+00:00","og_image":[{"width":1080,"height":1080,"url":"https:\/\/ostacbd.ee\/wp-content\/uploads\/2023\/03\/cbd-oli-40.png","type":"image\/png"}],"twitter_card":"summary_large_image","schema":{"@context":"https:\/\/schema.org","@graph":[{"@type":"WebPage","@id":"https:\/\/ostacbd.ee\/fi\/toode\/cbd-oli-40-taysi-spektri\/","url":"https:\/\/ostacbd.ee\/fi\/toode\/cbd-oli-40-taysi-spektri\/","name":"CBD-\u00f6ljy 40% (t\u00e4ysspektri) &#8226; OstaCBD","isPartOf":{"@id":"https:\/\/ostacbd.ee\/fi\/#website"},"datePublished":"2023-03-24T14:20:11+00:00","dateModified":"2023-11-30T21:06:52+00:00","breadcrumb":{"@id":"https:\/\/ostacbd.ee\/fi\/toode\/cbd-oli-40-taysi-spektri\/#breadcrumb"},"inLanguage":"fi","potentialAction":[{"@type":"ReadAction","target":["https:\/\/ostacbd.ee\/fi\/toode\/cbd-oli-40-taysi-spektri\/"]}]},{"@type":"BreadcrumbList","@id":"https:\/\/ostacbd.ee\/fi\/toode\/cbd-oli-40-taysi-spektri\/#breadcrumb","itemListElement":[{"@type":"ListItem","position":1,"name":"Home","item":"https:\/\/ostacbd.ee\/fi\/"},{"@type":"ListItem","position":2,"name":"Shop","item":"https:\/\/ostacbd.ee\/fi\/shop\/"},{"@type":"ListItem","position":3,"name":"CBD-\u00f6ljy 40% (t\u00e4ysspektri)"}]},{"@type":"WebSite","@id":"https:\/\/ostacbd.ee\/fi\/#website","url":"https:\/\/ostacbd.ee\/fi\/","name":"OstaCBD","description":"","publisher":{"@id":"https:\/\/ostacbd.ee\/fi\/#organization"},"potentialAction":[{"@type":"SearchAction","target":{"@type":"EntryPoint","urlTemplate":"https:\/\/ostacbd.ee\/fi\/?s={search_term_string}"},"query-input":"required name=search_term_string"}],"inLanguage":"fi"},{"@type":"Organization","@id":"https:\/\/ostacbd.ee\/fi\/#organization","name":"OstaCBD.ee \u2022 Parim CBD Eestis","url":"https:\/\/ostacbd.ee\/fi\/","logo":{"@type":"ImageObject","inLanguage":"fi","@id":"https:\/\/ostacbd.ee\/fi\/#\/schema\/logo\/image\/","url":"https:\/\/ostacbd.ee\/wp-content\/uploads\/2023\/03\/cbd-favicon.jpg","contentUrl":"https:\/\/ostacbd.ee\/wp-content\/uploads\/2023\/03\/cbd-favicon.jpg","width":512,"height":512,"caption":"OstaCBD.ee \u2022 Parim CBD Eestis"},"image":{"@id":"https:\/\/ostacbd.ee\/fi\/#\/schema\/logo\/image\/"}}]}},"_links":{"self":[{"href":"https:\/\/ostacbd.ee\/fi\/wp-json\/wp\/v2\/product\/3012","targetHints":{"allow":["GET"]}}],"collection":[{"href":"https:\/\/ostacbd.ee\/fi\/wp-json\/wp\/v2\/product"}],"about":[{"href":"https:\/\/ostacbd.ee\/fi\/wp-json\/wp\/v2\/types\/product"}],"version-history":[{"count":1,"href":"https:\/\/ostacbd.ee\/fi\/wp-json\/wp\/v2\/product\/3012\/revisions"}],"predecessor-version":[{"id":3014,"href":"https:\/\/ostacbd.ee\/fi\/wp-json\/wp\/v2\/product\/3012\/revisions\/3014"}],"wp:featuredmedia":[{"embeddable":true,"href":"https:\/\/ostacbd.ee\/fi\/wp-json\/wp\/v2\/media\/2761"}],"wp:attachment":[{"href":"https:\/\/ostacbd.ee\/fi\/wp-json\/wp\/v2\/media?parent=3012"}],"wp:term":[{"taxonomy":"product_cat","embeddable":true,"href":"https:\/\/ostacbd.ee\/fi\/wp-json\/wp\/v2\/product_cat?post=3012"},{"taxonomy":"product_tag","embeddable":true,"href":"https:\/\/ostacbd.ee\/fi\/wp-json\/wp\/v2\/product_tag?post=3012"}],"curies":[{"name":"wp","href":"https:\/\/api.w.org\/{rel}","templated":true}]}}