{"id":3034,"date":"2023-03-24T15:33:51","date_gmt":"2023-03-24T13:33:51","guid":{"rendered":"https:\/\/ostacbd.ee\/toode\/cbd-tee-mintun-kanssa\/"},"modified":"2024-04-05T13:09:15","modified_gmt":"2024-04-05T11:09:15","slug":"cbd-tee-paprika","status":"publish","type":"product","link":"https:\/\/ostacbd.ee\/fi\/toode\/cbd-tee-paprika\/","title":{"rendered":"CBD tee mintun kanssa"},"content":{"rendered":"<p>Valmista kannabistee tavallisen teen tapaan &#8211; kaada 1 ruokalusikallinen teet\u00e4 kuppiin kiehuvaa vett\u00e4 ja anna sen hautua noin 3-5 minuuttia.<\/p>\n","protected":false},"excerpt":{"rendered":"<p><strong>Hampputee piparminttua <\/strong>&#8211; rakkaudella kasvatettu ja k\u00e4sin korjattu Euroopan unionissa. Se sis\u00e4lt\u00e4\u00e4 arvokkaita kannabinoideja, p\u00e4\u00e4asiassa <strong>CBD:t\u00e4<\/strong> eli kannabidiolia. Hampunsiemenet harmonisoivat elimist\u00f6n perusprosesseja ja tukevat siten sen luonnollisia puolustusmekanismeja. Niill\u00e4 on rentouttava vaikutus. Hedelm\u00e4sekoitus antaa teelle herkullisen maun ja kauniin tuoksun, mutta se on my\u00f6s erinomainen antioksidantti. Se ei vaikuta huumaavasti.<\/p>\n","protected":false},"featured_media":2734,"template":"","meta":[],"product_cat":[63],"product_tag":[],"class_list":["post-3034","product","type-product","status-publish","has-post-thumbnail","hentry","product_cat-cbd-tee-fi"],"acf":[],"yoast_head":"<!-- This site is optimized with the Yoast SEO plugin v21.2 - https:\/\/yoast.com\/wordpress\/plugins\/seo\/ -->\n<title>CBD tee mintun kanssa &#8226; OstaCBD<\/title>\n<meta name=\"robots\" content=\"index, follow, max-snippet:-1, max-image-preview:large, max-video-preview:-1\" \/>\n<link rel=\"canonical\" href=\"https:\/\/ostacbd.ee\/fi\/toode\/cbd-tee-paprika\/\" \/>\n<meta property=\"og:locale\" content=\"fi_FI\" \/>\n<meta property=\"og:type\" content=\"article\" \/>\n<meta property=\"og:title\" content=\"CBD tee mintun kanssa &#8226; OstaCBD\" \/>\n<meta property=\"og:description\" content=\"Hampputee piparminttua - rakkaudella kasvatettu ja k\u00e4sin korjattu Euroopan unionissa. Se sis\u00e4lt\u00e4\u00e4 arvokkaita kannabinoideja, p\u00e4\u00e4asiassa CBD:t\u00e4 eli kannabidiolia. Hampunsiemenet harmonisoivat elimist\u00f6n perusprosesseja ja tukevat siten sen luonnollisia puolustusmekanismeja. Niill\u00e4 on rentouttava vaikutus. Hedelm\u00e4sekoitus antaa teelle herkullisen maun ja kauniin tuoksun, mutta se on my\u00f6s erinomainen antioksidantti. Se ei vaikuta huumaavasti.\" \/>\n<meta property=\"og:url\" content=\"https:\/\/ostacbd.ee\/fi\/toode\/cbd-tee-paprika\/\" \/>\n<meta property=\"og:site_name\" content=\"OstaCBD\" \/>\n<meta property=\"article:modified_time\" content=\"2024-04-05T11:09:15+00:00\" \/>\n<meta property=\"og:image\" content=\"https:\/\/ostacbd.ee\/wp-content\/uploads\/2023\/03\/cbd-tee-mint-1.png\" \/>\n\t<meta property=\"og:image:width\" content=\"1000\" \/>\n\t<meta property=\"og:image:height\" content=\"1000\" \/>\n\t<meta property=\"og:image:type\" content=\"image\/png\" \/>\n<meta name=\"twitter:card\" content=\"summary_large_image\" \/>\n<!-- \/ Yoast SEO plugin. -->","yoast_head_json":{"title":"CBD tee mintun kanssa &#8226; OstaCBD","robots":{"index":"index","follow":"follow","max-snippet":"max-snippet:-1","max-image-preview":"max-image-preview:large","max-video-preview":"max-video-preview:-1"},"canonical":"https:\/\/ostacbd.ee\/fi\/toode\/cbd-tee-paprika\/","og_locale":"fi_FI","og_type":"article","og_title":"CBD tee mintun kanssa &#8226; OstaCBD","og_description":"Hampputee piparminttua - rakkaudella kasvatettu ja k\u00e4sin korjattu Euroopan unionissa. Se sis\u00e4lt\u00e4\u00e4 arvokkaita kannabinoideja, p\u00e4\u00e4asiassa CBD:t\u00e4 eli kannabidiolia. Hampunsiemenet harmonisoivat elimist\u00f6n perusprosesseja ja tukevat siten sen luonnollisia puolustusmekanismeja. Niill\u00e4 on rentouttava vaikutus. Hedelm\u00e4sekoitus antaa teelle herkullisen maun ja kauniin tuoksun, mutta se on my\u00f6s erinomainen antioksidantti. Se ei vaikuta huumaavasti.","og_url":"https:\/\/ostacbd.ee\/fi\/toode\/cbd-tee-paprika\/","og_site_name":"OstaCBD","article_modified_time":"2024-04-05T11:09:15+00:00","og_image":[{"width":1000,"height":1000,"url":"https:\/\/ostacbd.ee\/wp-content\/uploads\/2023\/03\/cbd-tee-mint-1.png","type":"image\/png"}],"twitter_card":"summary_large_image","schema":{"@context":"https:\/\/schema.org","@graph":[{"@type":"WebPage","@id":"https:\/\/ostacbd.ee\/fi\/toode\/cbd-tee-paprika\/","url":"https:\/\/ostacbd.ee\/fi\/toode\/cbd-tee-paprika\/","name":"CBD tee mintun kanssa &#8226; OstaCBD","isPartOf":{"@id":"https:\/\/ostacbd.ee\/fi\/#website"},"datePublished":"2023-03-24T13:33:51+00:00","dateModified":"2024-04-05T11:09:15+00:00","breadcrumb":{"@id":"https:\/\/ostacbd.ee\/fi\/toode\/cbd-tee-paprika\/#breadcrumb"},"inLanguage":"fi","potentialAction":[{"@type":"ReadAction","target":["https:\/\/ostacbd.ee\/fi\/toode\/cbd-tee-paprika\/"]}]},{"@type":"BreadcrumbList","@id":"https:\/\/ostacbd.ee\/fi\/toode\/cbd-tee-paprika\/#breadcrumb","itemListElement":[{"@type":"ListItem","position":1,"name":"Home","item":"https:\/\/ostacbd.ee\/fi\/"},{"@type":"ListItem","position":2,"name":"Shop","item":"https:\/\/ostacbd.ee\/fi\/shop\/"},{"@type":"ListItem","position":3,"name":"CBD tee mintun kanssa"}]},{"@type":"WebSite","@id":"https:\/\/ostacbd.ee\/fi\/#website","url":"https:\/\/ostacbd.ee\/fi\/","name":"OstaCBD","description":"","publisher":{"@id":"https:\/\/ostacbd.ee\/fi\/#organization"},"potentialAction":[{"@type":"SearchAction","target":{"@type":"EntryPoint","urlTemplate":"https:\/\/ostacbd.ee\/fi\/?s={search_term_string}"},"query-input":"required name=search_term_string"}],"inLanguage":"fi"},{"@type":"Organization","@id":"https:\/\/ostacbd.ee\/fi\/#organization","name":"OstaCBD.ee \u2022 Parim CBD Eestis","url":"https:\/\/ostacbd.ee\/fi\/","logo":{"@type":"ImageObject","inLanguage":"fi","@id":"https:\/\/ostacbd.ee\/fi\/#\/schema\/logo\/image\/","url":"https:\/\/ostacbd.ee\/wp-content\/uploads\/2023\/03\/cbd-favicon.jpg","contentUrl":"https:\/\/ostacbd.ee\/wp-content\/uploads\/2023\/03\/cbd-favicon.jpg","width":512,"height":512,"caption":"OstaCBD.ee \u2022 Parim CBD Eestis"},"image":{"@id":"https:\/\/ostacbd.ee\/fi\/#\/schema\/logo\/image\/"}}]}},"_links":{"self":[{"href":"https:\/\/ostacbd.ee\/fi\/wp-json\/wp\/v2\/product\/3034","targetHints":{"allow":["GET"]}}],"collection":[{"href":"https:\/\/ostacbd.ee\/fi\/wp-json\/wp\/v2\/product"}],"about":[{"href":"https:\/\/ostacbd.ee\/fi\/wp-json\/wp\/v2\/types\/product"}],"version-history":[{"count":1,"href":"https:\/\/ostacbd.ee\/fi\/wp-json\/wp\/v2\/product\/3034\/revisions"}],"predecessor-version":[{"id":3035,"href":"https:\/\/ostacbd.ee\/fi\/wp-json\/wp\/v2\/product\/3034\/revisions\/3035"}],"wp:featuredmedia":[{"embeddable":true,"href":"https:\/\/ostacbd.ee\/fi\/wp-json\/wp\/v2\/media\/2734"}],"wp:attachment":[{"href":"https:\/\/ostacbd.ee\/fi\/wp-json\/wp\/v2\/media?parent=3034"}],"wp:term":[{"taxonomy":"product_cat","embeddable":true,"href":"https:\/\/ostacbd.ee\/fi\/wp-json\/wp\/v2\/product_cat?post=3034"},{"taxonomy":"product_tag","embeddable":true,"href":"https:\/\/ostacbd.ee\/fi\/wp-json\/wp\/v2\/product_tag?post=3034"}],"curies":[{"name":"wp","href":"https:\/\/api.w.org\/{rel}","templated":true}]}}