{"id":3038,"date":"2023-03-24T18:09:35","date_gmt":"2023-03-24T16:09:35","guid":{"rendered":"https:\/\/ostacbd.ee\/toode\/cbd-strong-sleep-candy-melatoniini\/"},"modified":"2023-03-28T12:27:40","modified_gmt":"2023-03-28T10:27:40","slug":"cbd-strong-uni-comms-melatoniini","status":"publish","type":"product","link":"https:\/\/ostacbd.ee\/fi\/toode\/cbd-strong-uni-comms-melatoniini\/","title":{"rendered":"CBD Strong Sleep Candy (melatoniini)"},"content":{"rendered":"<p><strong>CBD vahvan unen makuinen purukumi<\/strong><\/p>\n<p><strong>CBD-mustaherukkapillerit<\/strong> n\u00e4ytt\u00e4v\u00e4t herkullisilta, toisin kuin l\u00e4\u00e4k\u00e4rin m\u00e4\u00e4r\u00e4\u00e4m\u00e4t pillerit, mutta ne ovat my\u00f6s nimens\u00e4 mukaisesti namikarkkeja ja maistuvat yht\u00e4 hyv\u00e4lt\u00e4. Ne tarjoavat makean mustaherukan maun, joka j\u00e4tt\u00e4\u00e4 kielen valumaan makeudesta.<\/p>\n<p>Kun olet kerran laittanut yhden suuhusi, on vaikea est\u00e4\u00e4 itse\u00e4si ottamasta toista, joten on suositeltavaa pit\u00e4\u00e4 ne kauempana kuin vain k\u00e4den ulottuvilla.<\/p>\n<p><strong>CBD vahva uni gummy vaikutukset<\/strong><\/p>\n<p><strong>CBD-purukarhuilla<\/strong> ei ole psykoaktiivisia vaikutuksia, joten et tule p\u00e4ihtyneeksi. Kest\u00e4\u00e4 noin tunnin, ennen kuin kommarivaikutus alkaa vaikuttaa. Purukumi on kuitenkin luotu ihmisille, joilla on rentoutumisongelmia. Ne ovat eritt\u00e4in hyv\u00e4nmakuisia ja luovat k\u00e4ytt\u00e4j\u00e4n mieleen rentoutuneen tilan, joka auttaa lievitt\u00e4m\u00e4\u00e4n sek\u00e4 fyysist\u00e4 ett\u00e4 henkist\u00e4 j\u00e4nnityst\u00e4.<\/p>\n<p><strong>CBD vahva uni gummy karkit k\u00e4ytt\u00f6 ja annostus<\/strong><\/p>\n<p>Ne ovat tehokkaita mutta hell\u00e4varaisia elimillesi, joita tavanomaiset l\u00e4\u00e4kkeet voivat joskus tuhota. Yksi purukumi sis\u00e4lt\u00e4\u00e4 15 mg <strong>CBD:t\u00e4<\/strong> ja 0,3 mg <strong>melatoniinia<\/strong>, joten annostelu ja annoksen valinta on helppoa.<\/p>\n<p><strong>CBD-vahvat unikarkit: s\u00e4ilytys<\/strong><\/p>\n<p>Varmista, ettet s\u00e4ilyt\u00e4 kumisaappaita l\u00e4mpim\u00e4ss\u00e4 paikassa tai auringonvalolle alttiissa paikassa. N\u00e4ill\u00e4 makeisilla on taipumus sulaa, mik\u00e4 ei ole hyv\u00e4ksi tuotteelle! Ne sopivat erinomaisesti my\u00f6s lasten k\u00e4siin ja neniin sek\u00e4 moniin muihin olentoihin, jotka rakastavat n\u00e4it\u00e4 pieni\u00e4 herkkuja liikaa (kuten koirat ja muut lemmikkiel\u00e4imet).<\/p>\n<p><strong>Varotoimenpiteet k\u00e4ytett\u00e4ess\u00e4 CBD-vahvoja unikarkkeja<\/strong><\/p>\n<p>N\u00e4m\u00e4 makeiset eiv\u00e4t ole vaarallisia eiv\u00e4tk\u00e4 myrkyllisi\u00e4, mutta on parasta olla tietoinen allergioista ennen niiden sy\u00f6mist\u00e4. Jos sinulla on ep\u00e4ilyksi\u00e4 siit\u00e4, mik\u00e4 saattaa aiheuttaa allergisen reaktion, suosittelemme, ett\u00e4 otat ensin yhteytt\u00e4 l\u00e4\u00e4k\u00e4riin.<\/p>\n<p><strong>CBD-purukumit<\/strong> on testattu ja hyv\u00e4ksytty kulutukseen. Ihmiset saattavat kuitenkin reagoida niihin eri tavoin. On suositeltavaa tarkistaa allergiset reaktiosi ja alttiutesi ennen kuin ryhdyt t\u00e4ysin sy\u00f6m\u00e4\u00e4n nallekarhuja. Kaikki <strong>CBD-tuotteemme<\/strong> sis\u00e4lt\u00e4v\u00e4t alle 0,2 % THC:t\u00e4, n\u00e4m\u00e4 <strong>CBD-purukumit<\/strong> eiv\u00e4t sis\u00e4ll\u00e4 lainkaan THC:t\u00e4, ainoastaan <strong>CBD:t\u00e4!<\/strong><\/p>\n","protected":false},"excerpt":{"rendered":"<p><b>BuyCBD <\/b>tarjoaa <strong>ostettavaksi CBD-vahvoja unijumikarhuja<\/strong>, joissa on melatoniinia yksitt\u00e4ispakkauksissa. Mit\u00e4 suuremman m\u00e4\u00e4r\u00e4n tilaat, sit\u00e4 parempi alennus. <strong>CBD-purukumit<\/strong> on testattu ja hyv\u00e4ksytty kulutukseen. Ihmiset saattavat kuitenkin reagoida niihin eri tavoin. On suositeltavaa tarkistaa allergiset reaktiosi ja alttiutesi ennen kuin ryhdyt t\u00e4ysin sy\u00f6m\u00e4\u00e4n nallekarhuja. Kaikki <strong>CBD-tuotteemme<\/strong> sis\u00e4lt\u00e4v\u00e4t alle 0,2 % THC:t\u00e4, n\u00e4m\u00e4 <strong>CBD-purukumit<\/strong> eiv\u00e4t sis\u00e4ll\u00e4 lainkaan THC:t\u00e4, ainoastaan <strong>CBD:t\u00e4<\/strong>! Kokeile <strong>CBD Strong Sleep Gummies<\/strong> -nukkeja ja nuku kuin vauva jo t\u00e4n\u00e4\u00e4n! Verkkokaupastamme voit <strong>ostaa CBD-vahvoja unikarkkeja<\/strong> jo t\u00e4n\u00e4\u00e4n!<\/p>\n","protected":false},"featured_media":2782,"template":"","meta":[],"product_cat":[55],"product_tag":[],"class_list":["post-3038","product","type-product","status-publish","has-post-thumbnail","hentry","product_cat-cbd-ruoka"],"acf":[],"yoast_head":"<!-- This site is optimized with the Yoast SEO plugin v21.2 - https:\/\/yoast.com\/wordpress\/plugins\/seo\/ -->\n<title>CBD Strong Sleep Candy (melatoniini) &#8226; OstaCBD<\/title>\n<meta name=\"robots\" content=\"index, follow, max-snippet:-1, max-image-preview:large, max-video-preview:-1\" \/>\n<link rel=\"canonical\" href=\"https:\/\/ostacbd.ee\/fi\/toode\/cbd-strong-uni-comms-melatoniini\/\" \/>\n<meta property=\"og:locale\" content=\"fi_FI\" \/>\n<meta property=\"og:type\" content=\"article\" \/>\n<meta property=\"og:title\" content=\"CBD Strong Sleep Candy (melatoniini) &#8226; OstaCBD\" \/>\n<meta property=\"og:description\" content=\"BuyCBD tarjoaa ostettavaksi CBD-vahvoja unijumikarhuja, joissa on melatoniinia yksitt\u00e4ispakkauksissa. Mit\u00e4 suuremman m\u00e4\u00e4r\u00e4n tilaat, sit\u00e4 parempi alennus. CBD-purukumit on testattu ja hyv\u00e4ksytty kulutukseen. Ihmiset saattavat kuitenkin reagoida niihin eri tavoin. On suositeltavaa tarkistaa allergiset reaktiosi ja alttiutesi ennen kuin ryhdyt t\u00e4ysin sy\u00f6m\u00e4\u00e4n nallekarhuja. Kaikki CBD-tuotteemme sis\u00e4lt\u00e4v\u00e4t alle 0,2 % THC:t\u00e4, n\u00e4m\u00e4 CBD-purukumit eiv\u00e4t sis\u00e4ll\u00e4 lainkaan THC:t\u00e4, ainoastaan CBD:t\u00e4! Kokeile CBD Strong Sleep Gummies -nukkeja ja nuku kuin vauva jo t\u00e4n\u00e4\u00e4n! Verkkokaupastamme voit ostaa CBD-vahvoja unikarkkeja jo t\u00e4n\u00e4\u00e4n!\" \/>\n<meta property=\"og:url\" content=\"https:\/\/ostacbd.ee\/fi\/toode\/cbd-strong-uni-comms-melatoniini\/\" \/>\n<meta property=\"og:site_name\" content=\"OstaCBD\" \/>\n<meta property=\"article:modified_time\" content=\"2023-03-28T10:27:40+00:00\" \/>\n<meta property=\"og:image\" content=\"https:\/\/ostacbd.ee\/wp-content\/uploads\/2023\/03\/CBD-Tugev-Uni-kommid.png\" \/>\n\t<meta property=\"og:image:width\" content=\"1080\" \/>\n\t<meta property=\"og:image:height\" content=\"1080\" \/>\n\t<meta property=\"og:image:type\" content=\"image\/png\" \/>\n<meta name=\"twitter:card\" content=\"summary_large_image\" \/>\n<meta name=\"twitter:label1\" content=\"Arvioitu lukuaika\" \/>\n\t<meta name=\"twitter:data1\" content=\"2 minuuttia\" \/>\n<!-- \/ Yoast SEO plugin. -->","yoast_head_json":{"title":"CBD Strong Sleep Candy (melatoniini) &#8226; OstaCBD","robots":{"index":"index","follow":"follow","max-snippet":"max-snippet:-1","max-image-preview":"max-image-preview:large","max-video-preview":"max-video-preview:-1"},"canonical":"https:\/\/ostacbd.ee\/fi\/toode\/cbd-strong-uni-comms-melatoniini\/","og_locale":"fi_FI","og_type":"article","og_title":"CBD Strong Sleep Candy (melatoniini) &#8226; OstaCBD","og_description":"BuyCBD tarjoaa ostettavaksi CBD-vahvoja unijumikarhuja, joissa on melatoniinia yksitt\u00e4ispakkauksissa. Mit\u00e4 suuremman m\u00e4\u00e4r\u00e4n tilaat, sit\u00e4 parempi alennus. CBD-purukumit on testattu ja hyv\u00e4ksytty kulutukseen. Ihmiset saattavat kuitenkin reagoida niihin eri tavoin. On suositeltavaa tarkistaa allergiset reaktiosi ja alttiutesi ennen kuin ryhdyt t\u00e4ysin sy\u00f6m\u00e4\u00e4n nallekarhuja. Kaikki CBD-tuotteemme sis\u00e4lt\u00e4v\u00e4t alle 0,2 % THC:t\u00e4, n\u00e4m\u00e4 CBD-purukumit eiv\u00e4t sis\u00e4ll\u00e4 lainkaan THC:t\u00e4, ainoastaan CBD:t\u00e4! Kokeile CBD Strong Sleep Gummies -nukkeja ja nuku kuin vauva jo t\u00e4n\u00e4\u00e4n! Verkkokaupastamme voit ostaa CBD-vahvoja unikarkkeja jo t\u00e4n\u00e4\u00e4n!","og_url":"https:\/\/ostacbd.ee\/fi\/toode\/cbd-strong-uni-comms-melatoniini\/","og_site_name":"OstaCBD","article_modified_time":"2023-03-28T10:27:40+00:00","og_image":[{"width":1080,"height":1080,"url":"https:\/\/ostacbd.ee\/wp-content\/uploads\/2023\/03\/CBD-Tugev-Uni-kommid.png","type":"image\/png"}],"twitter_card":"summary_large_image","twitter_misc":{"Arvioitu lukuaika":"2 minuuttia"},"schema":{"@context":"https:\/\/schema.org","@graph":[{"@type":"WebPage","@id":"https:\/\/ostacbd.ee\/fi\/toode\/cbd-strong-uni-comms-melatoniini\/","url":"https:\/\/ostacbd.ee\/fi\/toode\/cbd-strong-uni-comms-melatoniini\/","name":"CBD Strong Sleep Candy (melatoniini) &#8226; OstaCBD","isPartOf":{"@id":"https:\/\/ostacbd.ee\/fi\/#website"},"datePublished":"2023-03-24T16:09:35+00:00","dateModified":"2023-03-28T10:27:40+00:00","breadcrumb":{"@id":"https:\/\/ostacbd.ee\/fi\/toode\/cbd-strong-uni-comms-melatoniini\/#breadcrumb"},"inLanguage":"fi","potentialAction":[{"@type":"ReadAction","target":["https:\/\/ostacbd.ee\/fi\/toode\/cbd-strong-uni-comms-melatoniini\/"]}]},{"@type":"BreadcrumbList","@id":"https:\/\/ostacbd.ee\/fi\/toode\/cbd-strong-uni-comms-melatoniini\/#breadcrumb","itemListElement":[{"@type":"ListItem","position":1,"name":"Home","item":"https:\/\/ostacbd.ee\/fi\/"},{"@type":"ListItem","position":2,"name":"Shop","item":"https:\/\/ostacbd.ee\/fi\/shop\/"},{"@type":"ListItem","position":3,"name":"CBD Strong Sleep Candy (melatoniini)"}]},{"@type":"WebSite","@id":"https:\/\/ostacbd.ee\/fi\/#website","url":"https:\/\/ostacbd.ee\/fi\/","name":"OstaCBD","description":"","publisher":{"@id":"https:\/\/ostacbd.ee\/fi\/#organization"},"potentialAction":[{"@type":"SearchAction","target":{"@type":"EntryPoint","urlTemplate":"https:\/\/ostacbd.ee\/fi\/?s={search_term_string}"},"query-input":"required name=search_term_string"}],"inLanguage":"fi"},{"@type":"Organization","@id":"https:\/\/ostacbd.ee\/fi\/#organization","name":"OstaCBD.ee \u2022 Parim CBD Eestis","url":"https:\/\/ostacbd.ee\/fi\/","logo":{"@type":"ImageObject","inLanguage":"fi","@id":"https:\/\/ostacbd.ee\/fi\/#\/schema\/logo\/image\/","url":"https:\/\/ostacbd.ee\/wp-content\/uploads\/2023\/03\/cbd-favicon.jpg","contentUrl":"https:\/\/ostacbd.ee\/wp-content\/uploads\/2023\/03\/cbd-favicon.jpg","width":512,"height":512,"caption":"OstaCBD.ee \u2022 Parim CBD Eestis"},"image":{"@id":"https:\/\/ostacbd.ee\/fi\/#\/schema\/logo\/image\/"}}]}},"_links":{"self":[{"href":"https:\/\/ostacbd.ee\/fi\/wp-json\/wp\/v2\/product\/3038","targetHints":{"allow":["GET"]}}],"collection":[{"href":"https:\/\/ostacbd.ee\/fi\/wp-json\/wp\/v2\/product"}],"about":[{"href":"https:\/\/ostacbd.ee\/fi\/wp-json\/wp\/v2\/types\/product"}],"version-history":[{"count":1,"href":"https:\/\/ostacbd.ee\/fi\/wp-json\/wp\/v2\/product\/3038\/revisions"}],"predecessor-version":[{"id":3039,"href":"https:\/\/ostacbd.ee\/fi\/wp-json\/wp\/v2\/product\/3038\/revisions\/3039"}],"wp:featuredmedia":[{"embeddable":true,"href":"https:\/\/ostacbd.ee\/fi\/wp-json\/wp\/v2\/media\/2782"}],"wp:attachment":[{"href":"https:\/\/ostacbd.ee\/fi\/wp-json\/wp\/v2\/media?parent=3038"}],"wp:term":[{"taxonomy":"product_cat","embeddable":true,"href":"https:\/\/ostacbd.ee\/fi\/wp-json\/wp\/v2\/product_cat?post=3038"},{"taxonomy":"product_tag","embeddable":true,"href":"https:\/\/ostacbd.ee\/fi\/wp-json\/wp\/v2\/product_tag?post=3038"}],"curies":[{"name":"wp","href":"https:\/\/api.w.org\/{rel}","templated":true}]}}