{"id":3058,"date":"2023-03-24T17:24:21","date_gmt":"2023-03-24T15:24:21","guid":{"rendered":"https:\/\/ostacbd.ee\/toode\/vegaaninen-cbd-brownie\/"},"modified":"2023-03-28T12:27:38","modified_gmt":"2023-03-28T10:27:38","slug":"vegaani-cbd-brownie","status":"publish","type":"product","link":"https:\/\/ostacbd.ee\/fi\/toode\/vegaani-cbd-brownie\/","title":{"rendered":"Vegaaninen CBD brownie"},"content":{"rendered":"<p>Vegaaniset browniet eiv\u00e4t sis\u00e4ll\u00e4 THC:t\u00e4, mutta sis\u00e4lt\u00e4v\u00e4t <strong>CBD:t\u00e4<\/strong>. T\u00e4m\u00e4 tarkoittaa, ett\u00e4 et tule todella pilveen, mutta tunnet <strong>CBD:<\/strong> n hy\u00f6dylliset vaikutukset, kun sy\u00f6t sit\u00e4. Useimmat muut tuotteet sis\u00e4lt\u00e4v\u00e4t kananmunaa, mutta vegaaniset brownie-v\u00e4lipalat eiv\u00e4t. Voimme luottavaisin mielin vakuuttaa, ett\u00e4 vegaaninen ruskea keksimme on todella 100-prosenttisesti vegaaninen. Voit helposti tilata n\u00e4m\u00e4 ev\u00e4steet meilt\u00e4 verkossa. Tarjoamme sinulle eritt\u00e4in nopean ja huomaamattoman toimituksen.<\/p>\n<p>Koska <strong>CBD-keksit<\/strong> ovat vegaanisia, niiden vaikutuksista voivat nauttia kaikki, jotka niit\u00e4 sy\u00f6v\u00e4t. <strong>BuyCBD<\/strong> on varmistanut, ett\u00e4 jokainen, joka sy\u00f6 t\u00e4t\u00e4 herkullista ruskeaa keksi\u00e4, voi nauttia sen hy\u00f6dyllisist\u00e4 vaikutuksista. <strong>OstaCBD:<\/strong> n teht\u00e4v\u00e4n\u00e4 on tarjota ravitsevia, herkullisia ja terveellisi\u00e4 elintarvikkeita. Kaikki k\u00e4ytetyt reseptit ja ainesosat osoittavat sitoutumisemme terveellisen ruoan tarjoamiseen. Maku ei k\u00e4rsi.<\/p>\n","protected":false},"excerpt":{"rendered":"<p>Voit my\u00f6s ostaa vegaanisia CBD-ruskeita keksej\u00e4 <strong>Buy CBD<\/strong> -verkkokaupastamme. Teemme t\u00e4m\u00e4n, jotta kaikki voivat k\u00e4ytt\u00e4\u00e4 <strong>CBD:t\u00e4 keksien<\/strong> muodossa, olivatpa he vegaaneja tai eiv\u00e4t. N\u00e4m\u00e4 pienet v\u00e4lipalat ovat 100 % vegaanisia. Ne ovat my\u00f6s v\u00e4h\u00e4kalorisia. Varmistamme my\u00f6s, ett\u00e4 keksit on pakattu hyvin. N\u00e4m\u00e4 vegaaniset <strong>CBD-browniet<\/strong> ovat todellisia ikoneita.<\/p>\n","protected":false},"featured_media":2773,"template":"","meta":[],"product_cat":[55],"product_tag":[],"class_list":["post-3058","product","type-product","status-publish","has-post-thumbnail","hentry","product_cat-cbd-ruoka"],"acf":[],"yoast_head":"<!-- This site is optimized with the Yoast SEO plugin v21.2 - https:\/\/yoast.com\/wordpress\/plugins\/seo\/ -->\n<title>Vegaaninen CBD brownie &#8226; OstaCBD<\/title>\n<meta name=\"robots\" content=\"index, follow, max-snippet:-1, max-image-preview:large, max-video-preview:-1\" \/>\n<link rel=\"canonical\" href=\"https:\/\/ostacbd.ee\/fi\/toode\/vegaani-cbd-brownie\/\" \/>\n<meta property=\"og:locale\" content=\"fi_FI\" \/>\n<meta property=\"og:type\" content=\"article\" \/>\n<meta property=\"og:title\" content=\"Vegaaninen CBD brownie &#8226; OstaCBD\" \/>\n<meta property=\"og:description\" content=\"Voit my\u00f6s ostaa vegaanisia CBD-ruskeita keksej\u00e4 Buy CBD -verkkokaupastamme. Teemme t\u00e4m\u00e4n, jotta kaikki voivat k\u00e4ytt\u00e4\u00e4 CBD:t\u00e4 keksien muodossa, olivatpa he vegaaneja tai eiv\u00e4t. N\u00e4m\u00e4 pienet v\u00e4lipalat ovat 100 % vegaanisia. Ne ovat my\u00f6s v\u00e4h\u00e4kalorisia. Varmistamme my\u00f6s, ett\u00e4 keksit on pakattu hyvin. N\u00e4m\u00e4 vegaaniset CBD-browniet ovat todellisia ikoneita.\" \/>\n<meta property=\"og:url\" content=\"https:\/\/ostacbd.ee\/fi\/toode\/vegaani-cbd-brownie\/\" \/>\n<meta property=\"og:site_name\" content=\"OstaCBD\" \/>\n<meta property=\"article:modified_time\" content=\"2023-03-28T10:27:38+00:00\" \/>\n<meta property=\"og:image\" content=\"https:\/\/ostacbd.ee\/wp-content\/uploads\/2023\/03\/cbd-brownie-vegan.png\" \/>\n\t<meta property=\"og:image:width\" content=\"1037\" \/>\n\t<meta property=\"og:image:height\" content=\"1037\" \/>\n\t<meta property=\"og:image:type\" content=\"image\/png\" \/>\n<meta name=\"twitter:card\" content=\"summary_large_image\" \/>\n<meta name=\"twitter:label1\" content=\"Arvioitu lukuaika\" \/>\n\t<meta name=\"twitter:data1\" content=\"1 minuutti\" \/>\n<!-- \/ Yoast SEO plugin. -->","yoast_head_json":{"title":"Vegaaninen CBD brownie &#8226; OstaCBD","robots":{"index":"index","follow":"follow","max-snippet":"max-snippet:-1","max-image-preview":"max-image-preview:large","max-video-preview":"max-video-preview:-1"},"canonical":"https:\/\/ostacbd.ee\/fi\/toode\/vegaani-cbd-brownie\/","og_locale":"fi_FI","og_type":"article","og_title":"Vegaaninen CBD brownie &#8226; OstaCBD","og_description":"Voit my\u00f6s ostaa vegaanisia CBD-ruskeita keksej\u00e4 Buy CBD -verkkokaupastamme. Teemme t\u00e4m\u00e4n, jotta kaikki voivat k\u00e4ytt\u00e4\u00e4 CBD:t\u00e4 keksien muodossa, olivatpa he vegaaneja tai eiv\u00e4t. N\u00e4m\u00e4 pienet v\u00e4lipalat ovat 100 % vegaanisia. Ne ovat my\u00f6s v\u00e4h\u00e4kalorisia. Varmistamme my\u00f6s, ett\u00e4 keksit on pakattu hyvin. N\u00e4m\u00e4 vegaaniset CBD-browniet ovat todellisia ikoneita.","og_url":"https:\/\/ostacbd.ee\/fi\/toode\/vegaani-cbd-brownie\/","og_site_name":"OstaCBD","article_modified_time":"2023-03-28T10:27:38+00:00","og_image":[{"width":1037,"height":1037,"url":"https:\/\/ostacbd.ee\/wp-content\/uploads\/2023\/03\/cbd-brownie-vegan.png","type":"image\/png"}],"twitter_card":"summary_large_image","twitter_misc":{"Arvioitu lukuaika":"1 minuutti"},"schema":{"@context":"https:\/\/schema.org","@graph":[{"@type":"WebPage","@id":"https:\/\/ostacbd.ee\/fi\/toode\/vegaani-cbd-brownie\/","url":"https:\/\/ostacbd.ee\/fi\/toode\/vegaani-cbd-brownie\/","name":"Vegaaninen CBD brownie &#8226; OstaCBD","isPartOf":{"@id":"https:\/\/ostacbd.ee\/fi\/#website"},"datePublished":"2023-03-24T15:24:21+00:00","dateModified":"2023-03-28T10:27:38+00:00","breadcrumb":{"@id":"https:\/\/ostacbd.ee\/fi\/toode\/vegaani-cbd-brownie\/#breadcrumb"},"inLanguage":"fi","potentialAction":[{"@type":"ReadAction","target":["https:\/\/ostacbd.ee\/fi\/toode\/vegaani-cbd-brownie\/"]}]},{"@type":"BreadcrumbList","@id":"https:\/\/ostacbd.ee\/fi\/toode\/vegaani-cbd-brownie\/#breadcrumb","itemListElement":[{"@type":"ListItem","position":1,"name":"Home","item":"https:\/\/ostacbd.ee\/fi\/"},{"@type":"ListItem","position":2,"name":"Shop","item":"https:\/\/ostacbd.ee\/fi\/shop\/"},{"@type":"ListItem","position":3,"name":"Vegaaninen CBD brownie"}]},{"@type":"WebSite","@id":"https:\/\/ostacbd.ee\/fi\/#website","url":"https:\/\/ostacbd.ee\/fi\/","name":"OstaCBD","description":"","publisher":{"@id":"https:\/\/ostacbd.ee\/fi\/#organization"},"potentialAction":[{"@type":"SearchAction","target":{"@type":"EntryPoint","urlTemplate":"https:\/\/ostacbd.ee\/fi\/?s={search_term_string}"},"query-input":"required name=search_term_string"}],"inLanguage":"fi"},{"@type":"Organization","@id":"https:\/\/ostacbd.ee\/fi\/#organization","name":"OstaCBD.ee \u2022 Parim CBD Eestis","url":"https:\/\/ostacbd.ee\/fi\/","logo":{"@type":"ImageObject","inLanguage":"fi","@id":"https:\/\/ostacbd.ee\/fi\/#\/schema\/logo\/image\/","url":"https:\/\/ostacbd.ee\/wp-content\/uploads\/2023\/03\/cbd-favicon.jpg","contentUrl":"https:\/\/ostacbd.ee\/wp-content\/uploads\/2023\/03\/cbd-favicon.jpg","width":512,"height":512,"caption":"OstaCBD.ee \u2022 Parim CBD Eestis"},"image":{"@id":"https:\/\/ostacbd.ee\/fi\/#\/schema\/logo\/image\/"}}]}},"_links":{"self":[{"href":"https:\/\/ostacbd.ee\/fi\/wp-json\/wp\/v2\/product\/3058","targetHints":{"allow":["GET"]}}],"collection":[{"href":"https:\/\/ostacbd.ee\/fi\/wp-json\/wp\/v2\/product"}],"about":[{"href":"https:\/\/ostacbd.ee\/fi\/wp-json\/wp\/v2\/types\/product"}],"version-history":[{"count":1,"href":"https:\/\/ostacbd.ee\/fi\/wp-json\/wp\/v2\/product\/3058\/revisions"}],"predecessor-version":[{"id":3061,"href":"https:\/\/ostacbd.ee\/fi\/wp-json\/wp\/v2\/product\/3058\/revisions\/3061"}],"wp:featuredmedia":[{"embeddable":true,"href":"https:\/\/ostacbd.ee\/fi\/wp-json\/wp\/v2\/media\/2773"}],"wp:attachment":[{"href":"https:\/\/ostacbd.ee\/fi\/wp-json\/wp\/v2\/media?parent=3058"}],"wp:term":[{"taxonomy":"product_cat","embeddable":true,"href":"https:\/\/ostacbd.ee\/fi\/wp-json\/wp\/v2\/product_cat?post=3058"},{"taxonomy":"product_tag","embeddable":true,"href":"https:\/\/ostacbd.ee\/fi\/wp-json\/wp\/v2\/product_tag?post=3058"}],"curies":[{"name":"wp","href":"https:\/\/api.w.org\/{rel}","templated":true}]}}