{"id":3073,"date":"2023-03-25T13:58:25","date_gmt":"2023-03-25T11:58:25","guid":{"rendered":"https:\/\/ostacbd.ee\/toode\/lautapeli-hemp-heroes\/"},"modified":"2023-03-28T21:44:02","modified_gmt":"2023-03-28T19:44:02","slug":"lauamang-hemp-sankarit","status":"publish","type":"product","link":"https:\/\/ostacbd.ee\/fi\/toode\/lauamang-hemp-sankarit\/","title":{"rendered":"Lautapeli Hemp Heroes"},"content":{"rendered":"<p>Ryhdy suurimmaksi kannabissankariksi t\u00e4ss\u00e4 kannabisaiheisessa lautapeliss\u00e4, jossa on kaikki, mit\u00e4 rakastat klassisissa peleiss\u00e4, mutta jossa on kannabiksen vivahde. Peliss\u00e4 on v\u00e4rillinen pelilauta ja pelikortteja sek\u00e4 oikeaa rahaa kannabiksen grammoina. Hauskanpito on taattu jopa 6 pelaajan ryhmille, sek\u00e4 yst\u00e4ville ett\u00e4 uusille pelaajille.<\/p>\n<p>Vaikka peli on englanninkielinen, oppaat ovat saatavilla saksaksi, englanniksi, ranskaksi, kreikaksi, hollanniksi ja t\u0161ekiksi, jotta useammat ihmiset voivat pelata!<\/p>\n","protected":false},"excerpt":{"rendered":"<p>Mik\u00e4 voisi olla hauskempaa kuin pelata lautapelej\u00e4 kannabiksen kanssa? Pelaa kannabisaiheista peli\u00e4 nimelt\u00e4 <strong>Hemp Heroes<\/strong> ja katso, kuka pystyy ostamaan eniten kannabista. Ensimm\u00e4inen pelaaja, jolla on kaikki yhden yrityksen lajikkeet, voittaa! Voita kannabisturnauksia ja kannabisgrammoja saadaksesi etuly\u00f6ntiaseman vastustajiin n\u00e4hden.<\/p>\n","protected":false},"featured_media":2632,"template":"","meta":[],"product_cat":[69],"product_tag":[],"class_list":["post-3073","product","type-product","status-publish","has-post-thumbnail","hentry","product_cat-muut"],"acf":[],"yoast_head":"<!-- This site is optimized with the Yoast SEO plugin v21.2 - https:\/\/yoast.com\/wordpress\/plugins\/seo\/ -->\n<title>Lautapeli Hemp Heroes &#8226; OstaCBD<\/title>\n<meta name=\"description\" content=\"Pelaa kannabisaiheista peli\u00e4 nimelt\u00e4 Hemp Heroes ja katso, kuka pystyy ostamaan eniten kannabista. Ensimm\u00e4inen pelaaja, jolla on kaikki yhden yrityksen lajikkeet, voittaa! Voita kannabisturnauksia ja kannabisgrammoja saadaksesi etuly\u00f6ntiaseman vastustajiin n\u00e4hden.\" \/>\n<meta name=\"robots\" content=\"index, follow, max-snippet:-1, max-image-preview:large, max-video-preview:-1\" \/>\n<link rel=\"canonical\" href=\"https:\/\/ostacbd.ee\/fi\/toode\/lauamang-hemp-sankarit\/\" \/>\n<meta property=\"og:locale\" content=\"fi_FI\" \/>\n<meta property=\"og:type\" content=\"article\" \/>\n<meta property=\"og:title\" content=\"Lautapeli Hemp Heroes &#8226; OstaCBD\" \/>\n<meta property=\"og:description\" content=\"Pelaa kannabisaiheista peli\u00e4 nimelt\u00e4 Hemp Heroes ja katso, kuka pystyy ostamaan eniten kannabista. Ensimm\u00e4inen pelaaja, jolla on kaikki yhden yrityksen lajikkeet, voittaa! Voita kannabisturnauksia ja kannabisgrammoja saadaksesi etuly\u00f6ntiaseman vastustajiin n\u00e4hden.\" \/>\n<meta property=\"og:url\" content=\"https:\/\/ostacbd.ee\/fi\/toode\/lauamang-hemp-sankarit\/\" \/>\n<meta property=\"og:site_name\" content=\"OstaCBD\" \/>\n<meta property=\"article:modified_time\" content=\"2023-03-28T19:44:02+00:00\" \/>\n<meta property=\"og:image\" content=\"https:\/\/ostacbd.ee\/wp-content\/uploads\/2023\/03\/cbd-hemp-heroes-play.png\" \/>\n\t<meta property=\"og:image:width\" content=\"900\" \/>\n\t<meta property=\"og:image:height\" content=\"772\" \/>\n\t<meta property=\"og:image:type\" content=\"image\/png\" \/>\n<meta name=\"twitter:card\" content=\"summary_large_image\" \/>\n<!-- \/ Yoast SEO plugin. -->","yoast_head_json":{"title":"Lautapeli Hemp Heroes &#8226; OstaCBD","description":"Pelaa kannabisaiheista peli\u00e4 nimelt\u00e4 Hemp Heroes ja katso, kuka pystyy ostamaan eniten kannabista. Ensimm\u00e4inen pelaaja, jolla on kaikki yhden yrityksen lajikkeet, voittaa! Voita kannabisturnauksia ja kannabisgrammoja saadaksesi etuly\u00f6ntiaseman vastustajiin n\u00e4hden.","robots":{"index":"index","follow":"follow","max-snippet":"max-snippet:-1","max-image-preview":"max-image-preview:large","max-video-preview":"max-video-preview:-1"},"canonical":"https:\/\/ostacbd.ee\/fi\/toode\/lauamang-hemp-sankarit\/","og_locale":"fi_FI","og_type":"article","og_title":"Lautapeli Hemp Heroes &#8226; OstaCBD","og_description":"Pelaa kannabisaiheista peli\u00e4 nimelt\u00e4 Hemp Heroes ja katso, kuka pystyy ostamaan eniten kannabista. Ensimm\u00e4inen pelaaja, jolla on kaikki yhden yrityksen lajikkeet, voittaa! Voita kannabisturnauksia ja kannabisgrammoja saadaksesi etuly\u00f6ntiaseman vastustajiin n\u00e4hden.","og_url":"https:\/\/ostacbd.ee\/fi\/toode\/lauamang-hemp-sankarit\/","og_site_name":"OstaCBD","article_modified_time":"2023-03-28T19:44:02+00:00","og_image":[{"width":900,"height":772,"url":"https:\/\/ostacbd.ee\/wp-content\/uploads\/2023\/03\/cbd-hemp-heroes-play.png","type":"image\/png"}],"twitter_card":"summary_large_image","schema":{"@context":"https:\/\/schema.org","@graph":[{"@type":"WebPage","@id":"https:\/\/ostacbd.ee\/fi\/toode\/lauamang-hemp-sankarit\/","url":"https:\/\/ostacbd.ee\/fi\/toode\/lauamang-hemp-sankarit\/","name":"Lautapeli Hemp Heroes &#8226; OstaCBD","isPartOf":{"@id":"https:\/\/ostacbd.ee\/fi\/#website"},"datePublished":"2023-03-25T11:58:25+00:00","dateModified":"2023-03-28T19:44:02+00:00","description":"Pelaa kannabisaiheista peli\u00e4 nimelt\u00e4 Hemp Heroes ja katso, kuka pystyy ostamaan eniten kannabista. Ensimm\u00e4inen pelaaja, jolla on kaikki yhden yrityksen lajikkeet, voittaa! Voita kannabisturnauksia ja kannabisgrammoja saadaksesi etuly\u00f6ntiaseman vastustajiin n\u00e4hden.","breadcrumb":{"@id":"https:\/\/ostacbd.ee\/fi\/toode\/lauamang-hemp-sankarit\/#breadcrumb"},"inLanguage":"fi","potentialAction":[{"@type":"ReadAction","target":["https:\/\/ostacbd.ee\/fi\/toode\/lauamang-hemp-sankarit\/"]}]},{"@type":"BreadcrumbList","@id":"https:\/\/ostacbd.ee\/fi\/toode\/lauamang-hemp-sankarit\/#breadcrumb","itemListElement":[{"@type":"ListItem","position":1,"name":"Home","item":"https:\/\/ostacbd.ee\/fi\/"},{"@type":"ListItem","position":2,"name":"Shop","item":"https:\/\/ostacbd.ee\/fi\/shop\/"},{"@type":"ListItem","position":3,"name":"Lautapeli Hemp Heroes"}]},{"@type":"WebSite","@id":"https:\/\/ostacbd.ee\/fi\/#website","url":"https:\/\/ostacbd.ee\/fi\/","name":"OstaCBD","description":"","publisher":{"@id":"https:\/\/ostacbd.ee\/fi\/#organization"},"potentialAction":[{"@type":"SearchAction","target":{"@type":"EntryPoint","urlTemplate":"https:\/\/ostacbd.ee\/fi\/?s={search_term_string}"},"query-input":"required name=search_term_string"}],"inLanguage":"fi"},{"@type":"Organization","@id":"https:\/\/ostacbd.ee\/fi\/#organization","name":"OstaCBD.ee \u2022 Parim CBD Eestis","url":"https:\/\/ostacbd.ee\/fi\/","logo":{"@type":"ImageObject","inLanguage":"fi","@id":"https:\/\/ostacbd.ee\/fi\/#\/schema\/logo\/image\/","url":"https:\/\/ostacbd.ee\/wp-content\/uploads\/2023\/03\/cbd-favicon.jpg","contentUrl":"https:\/\/ostacbd.ee\/wp-content\/uploads\/2023\/03\/cbd-favicon.jpg","width":512,"height":512,"caption":"OstaCBD.ee \u2022 Parim CBD Eestis"},"image":{"@id":"https:\/\/ostacbd.ee\/fi\/#\/schema\/logo\/image\/"}}]}},"_links":{"self":[{"href":"https:\/\/ostacbd.ee\/fi\/wp-json\/wp\/v2\/product\/3073","targetHints":{"allow":["GET"]}}],"collection":[{"href":"https:\/\/ostacbd.ee\/fi\/wp-json\/wp\/v2\/product"}],"about":[{"href":"https:\/\/ostacbd.ee\/fi\/wp-json\/wp\/v2\/types\/product"}],"version-history":[{"count":2,"href":"https:\/\/ostacbd.ee\/fi\/wp-json\/wp\/v2\/product\/3073\/revisions"}],"predecessor-version":[{"id":3510,"href":"https:\/\/ostacbd.ee\/fi\/wp-json\/wp\/v2\/product\/3073\/revisions\/3510"}],"wp:featuredmedia":[{"embeddable":true,"href":"https:\/\/ostacbd.ee\/fi\/wp-json\/wp\/v2\/media\/2632"}],"wp:attachment":[{"href":"https:\/\/ostacbd.ee\/fi\/wp-json\/wp\/v2\/media?parent=3073"}],"wp:term":[{"taxonomy":"product_cat","embeddable":true,"href":"https:\/\/ostacbd.ee\/fi\/wp-json\/wp\/v2\/product_cat?post=3073"},{"taxonomy":"product_tag","embeddable":true,"href":"https:\/\/ostacbd.ee\/fi\/wp-json\/wp\/v2\/product_tag?post=3073"}],"curies":[{"name":"wp","href":"https:\/\/api.w.org\/{rel}","templated":true}]}}