{"id":3080,"date":"2023-03-27T11:04:15","date_gmt":"2023-03-27T09:04:15","guid":{"rendered":"https:\/\/ostacbd.ee\/toode\/cbd-huulirasva\/"},"modified":"2023-03-28T12:27:30","modified_gmt":"2023-03-28T10:27:30","slug":"cbd-huulirasva","status":"publish","type":"product","link":"https:\/\/ostacbd.ee\/fi\/toode\/cbd-huulirasva\/","title":{"rendered":"CBD huulirasva"},"content":{"rendered":"<p>Onko sinulla kuivat huulet? Jos n\u00e4in on, <strong>CBD-huulirasva<\/strong> on juuri se, mit\u00e4 tarvitset ongelman ratkaisemiseksi. Erityisesti kehitetty koostumuksemme yhdistelee erilaisia luonnontuotteita, jotka j\u00e4tt\u00e4v\u00e4t kuivat huulet kosteutetuiksi ja pehmeiksi ja antavat sinulle lis\u00e4\u00e4 itseluottamusta, ylpeytt\u00e4 ja uskomatonta kauneutta.<\/p>\n<p><strong>CBD-huulirasva<\/strong> ei ainoastaan edist\u00e4 edell\u00e4 mainittuja muutoksia, vaan auttaa my\u00f6s muuttamaan huulten pehmeyden aivan uudelle tasolle ja antaa niille t\u00e4ytel\u00e4isyytt\u00e4. Se voi tehd\u00e4 huulillesi paljon hyv\u00e4\u00e4, erityisesti kylmin\u00e4 talvina ja kuumina kesin\u00e4. <strong>CBD-huulirasvamme<\/strong> koostuu korkealaatuisista luonnollisista ainesosista, jotka ovat juuri sopivia kehollesi, erityisesti huulillesi huolehtivana ihmisen\u00e4.<\/p>\n<p><strong>CBD-huulivoiteen<\/strong> kaava perustuu ja sis\u00e4lt\u00e4\u00e4 mangovoita, CBD:t\u00e4, kapriinihappoa, Cera Albaa ja kapryylihappoa, jotka ovat t\u00e4ynn\u00e4 antioksidantteja, jotka stimuloivat huulisolujen uusiutumista ja viev\u00e4t huulten kosteuden ja ulkon\u00e4\u00f6n uudelle tasolle. Joten sinun ei pit\u00e4isi j\u00e4tt\u00e4\u00e4 k\u00e4ytt\u00e4m\u00e4tt\u00e4 t\u00e4t\u00e4 tilaisuutta parantaa huuliesi ulkon\u00e4k\u00f6\u00e4, varsinkin jos olet nainen, joka rakastaa n\u00e4ytt\u00e4\u00e4 kauniilta ja vertaansa vailla. Se on ehdottomasti tuote, jota sinulla ei ole varaa olla k\u00e4ytt\u00e4m\u00e4tt\u00e4 kotonasi. Joten on aika k\u00e4yd\u00e4 <strong>Buy CBD<\/strong> -verkkokaupassamme ja tilata <strong>CBD-huulirasva<\/strong>, kun niit\u00e4 on viel\u00e4 varastossa.<\/p>\n","protected":false},"excerpt":{"rendered":"<p>Haluatko pirist\u00e4\u00e4 ulkon\u00e4k\u00f6\u00e4si? Niin? Sitten <strong>Osta CBD CBD-huulirasva<\/strong> auttaa sinua saavuttamaan sen! Ravitsevan kannabidiolin (CBD) ja mangon siemenvoin yhdistelm\u00e4 takaa, ett\u00e4 huulesi ovat t\u00e4ysin kosteutetut. <strong>CBD-huulirasvamme<\/strong> kosteuttaa, pehment\u00e4\u00e4 ja hoitaa huulten ihoa &#8211; voit n\u00e4ytt\u00e4\u00e4 parhaan ja kirkkaimman versiosi itsest\u00e4si joka p\u00e4iv\u00e4 el\u00e4m\u00e4ss\u00e4si, koko p\u00e4iv\u00e4n.<\/p>\n","protected":false},"featured_media":2824,"template":"","meta":[],"product_cat":[71],"product_tag":[],"class_list":["post-3080","product","type-product","status-publish","has-post-thumbnail","hentry","product_cat-cbd-kosmetiikka"],"acf":[],"yoast_head":"<!-- This site is optimized with the Yoast SEO plugin v21.2 - https:\/\/yoast.com\/wordpress\/plugins\/seo\/ -->\n<title>CBD huulirasva &#8226; OstaCBD<\/title>\n<meta name=\"description\" content=\"CBD-huulirasvamme kosteuttaa, pehment\u00e4\u00e4 ja hoitaa huulten ihoa - voit n\u00e4ytt\u00e4\u00e4 parhaan ja kirkkaimman versiosi itsest\u00e4si joka p\u00e4iv\u00e4 el\u00e4m\u00e4ss\u00e4si, koko p\u00e4iv\u00e4n.\" \/>\n<meta name=\"robots\" content=\"index, follow, max-snippet:-1, max-image-preview:large, max-video-preview:-1\" \/>\n<link rel=\"canonical\" href=\"https:\/\/ostacbd.ee\/fi\/toode\/cbd-huulirasva\/\" \/>\n<meta property=\"og:locale\" content=\"fi_FI\" \/>\n<meta property=\"og:type\" content=\"article\" \/>\n<meta property=\"og:title\" content=\"CBD huulirasva &#8226; OstaCBD\" \/>\n<meta property=\"og:description\" content=\"CBD-huulirasvamme kosteuttaa, pehment\u00e4\u00e4 ja hoitaa huulten ihoa - voit n\u00e4ytt\u00e4\u00e4 parhaan ja kirkkaimman versiosi itsest\u00e4si joka p\u00e4iv\u00e4 el\u00e4m\u00e4ss\u00e4si, koko p\u00e4iv\u00e4n.\" \/>\n<meta property=\"og:url\" content=\"https:\/\/ostacbd.ee\/fi\/toode\/cbd-huulirasva\/\" \/>\n<meta property=\"og:site_name\" content=\"OstaCBD\" \/>\n<meta property=\"article:modified_time\" content=\"2023-03-28T10:27:30+00:00\" \/>\n<meta property=\"og:image\" content=\"https:\/\/ostacbd.ee\/wp-content\/uploads\/2023\/03\/lip-balm-1.png\" \/>\n\t<meta property=\"og:image:width\" content=\"825\" \/>\n\t<meta property=\"og:image:height\" content=\"825\" \/>\n\t<meta property=\"og:image:type\" content=\"image\/png\" \/>\n<meta name=\"twitter:card\" content=\"summary_large_image\" \/>\n<meta name=\"twitter:label1\" content=\"Arvioitu lukuaika\" \/>\n\t<meta name=\"twitter:data1\" content=\"1 minuutti\" \/>\n<!-- \/ Yoast SEO plugin. -->","yoast_head_json":{"title":"CBD huulirasva &#8226; OstaCBD","description":"CBD-huulirasvamme kosteuttaa, pehment\u00e4\u00e4 ja hoitaa huulten ihoa - voit n\u00e4ytt\u00e4\u00e4 parhaan ja kirkkaimman versiosi itsest\u00e4si joka p\u00e4iv\u00e4 el\u00e4m\u00e4ss\u00e4si, koko p\u00e4iv\u00e4n.","robots":{"index":"index","follow":"follow","max-snippet":"max-snippet:-1","max-image-preview":"max-image-preview:large","max-video-preview":"max-video-preview:-1"},"canonical":"https:\/\/ostacbd.ee\/fi\/toode\/cbd-huulirasva\/","og_locale":"fi_FI","og_type":"article","og_title":"CBD huulirasva &#8226; OstaCBD","og_description":"CBD-huulirasvamme kosteuttaa, pehment\u00e4\u00e4 ja hoitaa huulten ihoa - voit n\u00e4ytt\u00e4\u00e4 parhaan ja kirkkaimman versiosi itsest\u00e4si joka p\u00e4iv\u00e4 el\u00e4m\u00e4ss\u00e4si, koko p\u00e4iv\u00e4n.","og_url":"https:\/\/ostacbd.ee\/fi\/toode\/cbd-huulirasva\/","og_site_name":"OstaCBD","article_modified_time":"2023-03-28T10:27:30+00:00","og_image":[{"width":825,"height":825,"url":"https:\/\/ostacbd.ee\/wp-content\/uploads\/2023\/03\/lip-balm-1.png","type":"image\/png"}],"twitter_card":"summary_large_image","twitter_misc":{"Arvioitu lukuaika":"1 minuutti"},"schema":{"@context":"https:\/\/schema.org","@graph":[{"@type":"WebPage","@id":"https:\/\/ostacbd.ee\/fi\/toode\/cbd-huulirasva\/","url":"https:\/\/ostacbd.ee\/fi\/toode\/cbd-huulirasva\/","name":"CBD huulirasva &#8226; OstaCBD","isPartOf":{"@id":"https:\/\/ostacbd.ee\/fi\/#website"},"datePublished":"2023-03-27T09:04:15+00:00","dateModified":"2023-03-28T10:27:30+00:00","description":"CBD-huulirasvamme kosteuttaa, pehment\u00e4\u00e4 ja hoitaa huulten ihoa - voit n\u00e4ytt\u00e4\u00e4 parhaan ja kirkkaimman versiosi itsest\u00e4si joka p\u00e4iv\u00e4 el\u00e4m\u00e4ss\u00e4si, koko p\u00e4iv\u00e4n.","breadcrumb":{"@id":"https:\/\/ostacbd.ee\/fi\/toode\/cbd-huulirasva\/#breadcrumb"},"inLanguage":"fi","potentialAction":[{"@type":"ReadAction","target":["https:\/\/ostacbd.ee\/fi\/toode\/cbd-huulirasva\/"]}]},{"@type":"BreadcrumbList","@id":"https:\/\/ostacbd.ee\/fi\/toode\/cbd-huulirasva\/#breadcrumb","itemListElement":[{"@type":"ListItem","position":1,"name":"Home","item":"https:\/\/ostacbd.ee\/fi\/"},{"@type":"ListItem","position":2,"name":"Shop","item":"https:\/\/ostacbd.ee\/fi\/shop\/"},{"@type":"ListItem","position":3,"name":"CBD huulirasva"}]},{"@type":"WebSite","@id":"https:\/\/ostacbd.ee\/fi\/#website","url":"https:\/\/ostacbd.ee\/fi\/","name":"OstaCBD","description":"","publisher":{"@id":"https:\/\/ostacbd.ee\/fi\/#organization"},"potentialAction":[{"@type":"SearchAction","target":{"@type":"EntryPoint","urlTemplate":"https:\/\/ostacbd.ee\/fi\/?s={search_term_string}"},"query-input":"required name=search_term_string"}],"inLanguage":"fi"},{"@type":"Organization","@id":"https:\/\/ostacbd.ee\/fi\/#organization","name":"OstaCBD.ee \u2022 Parim CBD Eestis","url":"https:\/\/ostacbd.ee\/fi\/","logo":{"@type":"ImageObject","inLanguage":"fi","@id":"https:\/\/ostacbd.ee\/fi\/#\/schema\/logo\/image\/","url":"https:\/\/ostacbd.ee\/wp-content\/uploads\/2023\/03\/cbd-favicon.jpg","contentUrl":"https:\/\/ostacbd.ee\/wp-content\/uploads\/2023\/03\/cbd-favicon.jpg","width":512,"height":512,"caption":"OstaCBD.ee \u2022 Parim CBD Eestis"},"image":{"@id":"https:\/\/ostacbd.ee\/fi\/#\/schema\/logo\/image\/"}}]}},"_links":{"self":[{"href":"https:\/\/ostacbd.ee\/fi\/wp-json\/wp\/v2\/product\/3080","targetHints":{"allow":["GET"]}}],"collection":[{"href":"https:\/\/ostacbd.ee\/fi\/wp-json\/wp\/v2\/product"}],"about":[{"href":"https:\/\/ostacbd.ee\/fi\/wp-json\/wp\/v2\/types\/product"}],"version-history":[{"count":1,"href":"https:\/\/ostacbd.ee\/fi\/wp-json\/wp\/v2\/product\/3080\/revisions"}],"predecessor-version":[{"id":3083,"href":"https:\/\/ostacbd.ee\/fi\/wp-json\/wp\/v2\/product\/3080\/revisions\/3083"}],"wp:featuredmedia":[{"embeddable":true,"href":"https:\/\/ostacbd.ee\/fi\/wp-json\/wp\/v2\/media\/2824"}],"wp:attachment":[{"href":"https:\/\/ostacbd.ee\/fi\/wp-json\/wp\/v2\/media?parent=3080"}],"wp:term":[{"taxonomy":"product_cat","embeddable":true,"href":"https:\/\/ostacbd.ee\/fi\/wp-json\/wp\/v2\/product_cat?post=3080"},{"taxonomy":"product_tag","embeddable":true,"href":"https:\/\/ostacbd.ee\/fi\/wp-json\/wp\/v2\/product_tag?post=3080"}],"curies":[{"name":"wp","href":"https:\/\/api.w.org\/{rel}","templated":true}]}}