{"id":3091,"date":"2023-03-27T11:31:14","date_gmt":"2023-03-27T09:31:14","guid":{"rendered":"https:\/\/ostacbd.ee\/toode\/cbd-kasvoseerumi\/"},"modified":"2023-04-25T15:41:53","modified_gmt":"2023-04-25T13:41:53","slug":"cbd-naoseerum","status":"publish","type":"product","link":"https:\/\/ostacbd.ee\/fi\/toode\/cbd-naoseerum\/","title":{"rendered":"CBD kasvoseerumi"},"content":{"rendered":"<p><strong>CBD Facial Serum<\/strong> on monimutkainen koostumus, joka tekee ihmeit\u00e4 ihollesi nukkuessasi ja takaa nuorekkaamman, ravitsevamman ja kosteutetumman ilmeen, kun her\u00e4\u00e4t aamulla &#8211; joka aamu! Anna ihollesi sen ansaitsema hehku ammattimaisesti kehitetyll\u00e4 <strong>CBD-kasvoseerumilla<\/strong>.<\/p>\n<p>Koostumus on valmistettu korkealaatuisesta hamppu\u00f6ljyst\u00e4 tai CBD:st\u00e4, E-vitamiinista, hyaluronihaposta, aloe verasta ja C-vitamiinista, ja jokaisella ainesosalla on synergistinen vaikutus ihon luonnollisten ominaisuuksien kanssa. Esimerkiksi aloe vera tehostaa ihon parantavia ominaisuuksia, kun taas C- ja E-vitamiinit antavat iholle antioksidanttivaikutuksen. <strong>CBD-kasvoseerumimme<\/strong> sis\u00e4lt\u00e4\u00e4 my\u00f6s hyaluronihappoa, joka auttaa ihoa pysym\u00e4\u00e4n kosteutettuna ja j\u00e4tt\u00e4\u00e4 ihon pehme\u00e4ksi.<\/p>\n<p><strong>CBD-kasvoseerumimme<\/strong> tukee ihon suojaavia ja parantavia ominaisuuksia ja on paras tapa hidastaa ihon ik\u00e4\u00e4ntymisprosessia y\u00f6ll\u00e4. Luonnollisia ainesosia ja hamppu\u00f6ljyn voimaa yhdistettyn\u00e4 vitamiineihin k\u00e4ytt\u00e4v\u00e4 <strong>CBD Facial Serum<\/strong> antaa ihollesi nuorekkaan ulkon\u00e4\u00f6n. Etk\u00f6 haluaisi pysy\u00e4 hieman nuorempana? Tietenkin haluat &#8211; joten k\u00e4y <strong>BuyCBD-verkkokaupassamme<\/strong> ja osta <strong>CBD-kasvoseerumi<\/strong>, joka tekee ihostasi nuorekkaamman ja s\u00e4teilev\u00e4mm\u00e4n.<\/p>\n","protected":false},"excerpt":{"rendered":"<p><strong>CBD-kasvoseerumin avulla<\/strong> saat taatusti kiinte\u00e4mm\u00e4n n\u00e4k\u00f6isen ihon. Yhdist\u00e4m\u00e4ll\u00e4 huippulaatuista kannabidiolia (CBD), hyaluronihappoa, C-vitamiinia, aloe veraa ja E-vitamiinia voit nyt her\u00e4t\u00e4 joka aamu nuorempaan, ravittuun ja kosteutettuun ihoon &#8211; joka p\u00e4iv\u00e4! Anna ihollesi sen ansaitsema hehku ja raikkaus ammattimaisesti kehitetyll\u00e4 <strong>CBD-kasvoseerumilla<\/strong>.<\/p>\n","protected":false},"featured_media":2830,"template":"","meta":[],"product_cat":[71],"product_tag":[],"class_list":["post-3091","product","type-product","status-publish","has-post-thumbnail","hentry","product_cat-cbd-kosmetiikka"],"acf":[],"yoast_head":"<!-- This site is optimized with the Yoast SEO plugin v21.2 - https:\/\/yoast.com\/wordpress\/plugins\/seo\/ -->\n<title>CBD kasvoseerumi &#8226; OstaCBD<\/title>\n<meta name=\"description\" content=\"CBD-kasvoseerumin avulla saat taatusti kiinte\u00e4mm\u00e4n n\u00e4k\u00f6isen ihon. Yhdist\u00e4m\u00e4ll\u00e4 huippulaatuista kannabidiolia (CBD), hyaluronihappoa, C-vitamiinia, aloe veraa ja E-vitamiinia voit nyt her\u00e4t\u00e4 joka aamu nuorempaan, ravittuun ja kosteutettuun ihoon - joka p\u00e4iv\u00e4!\" \/>\n<meta name=\"robots\" content=\"index, follow, max-snippet:-1, max-image-preview:large, max-video-preview:-1\" \/>\n<link rel=\"canonical\" href=\"https:\/\/ostacbd.ee\/fi\/toode\/cbd-naoseerum\/\" \/>\n<meta property=\"og:locale\" content=\"fi_FI\" \/>\n<meta property=\"og:type\" content=\"article\" \/>\n<meta property=\"og:title\" content=\"CBD kasvoseerumi &#8226; OstaCBD\" \/>\n<meta property=\"og:description\" content=\"CBD-kasvoseerumin avulla saat taatusti kiinte\u00e4mm\u00e4n n\u00e4k\u00f6isen ihon. Yhdist\u00e4m\u00e4ll\u00e4 huippulaatuista kannabidiolia (CBD), hyaluronihappoa, C-vitamiinia, aloe veraa ja E-vitamiinia voit nyt her\u00e4t\u00e4 joka aamu nuorempaan, ravittuun ja kosteutettuun ihoon - joka p\u00e4iv\u00e4!\" \/>\n<meta property=\"og:url\" content=\"https:\/\/ostacbd.ee\/fi\/toode\/cbd-naoseerum\/\" \/>\n<meta property=\"og:site_name\" content=\"OstaCBD\" \/>\n<meta property=\"article:modified_time\" content=\"2023-04-25T13:41:53+00:00\" \/>\n<meta property=\"og:image\" content=\"https:\/\/ostacbd.ee\/wp-content\/uploads\/2023\/03\/serum.png\" \/>\n\t<meta property=\"og:image:width\" content=\"825\" \/>\n\t<meta property=\"og:image:height\" content=\"825\" \/>\n\t<meta property=\"og:image:type\" content=\"image\/png\" \/>\n<meta name=\"twitter:card\" content=\"summary_large_image\" \/>\n<meta name=\"twitter:label1\" content=\"Arvioitu lukuaika\" \/>\n\t<meta name=\"twitter:data1\" content=\"1 minuutti\" \/>\n<!-- \/ Yoast SEO plugin. -->","yoast_head_json":{"title":"CBD kasvoseerumi &#8226; OstaCBD","description":"CBD-kasvoseerumin avulla saat taatusti kiinte\u00e4mm\u00e4n n\u00e4k\u00f6isen ihon. Yhdist\u00e4m\u00e4ll\u00e4 huippulaatuista kannabidiolia (CBD), hyaluronihappoa, C-vitamiinia, aloe veraa ja E-vitamiinia voit nyt her\u00e4t\u00e4 joka aamu nuorempaan, ravittuun ja kosteutettuun ihoon - joka p\u00e4iv\u00e4!","robots":{"index":"index","follow":"follow","max-snippet":"max-snippet:-1","max-image-preview":"max-image-preview:large","max-video-preview":"max-video-preview:-1"},"canonical":"https:\/\/ostacbd.ee\/fi\/toode\/cbd-naoseerum\/","og_locale":"fi_FI","og_type":"article","og_title":"CBD kasvoseerumi &#8226; OstaCBD","og_description":"CBD-kasvoseerumin avulla saat taatusti kiinte\u00e4mm\u00e4n n\u00e4k\u00f6isen ihon. Yhdist\u00e4m\u00e4ll\u00e4 huippulaatuista kannabidiolia (CBD), hyaluronihappoa, C-vitamiinia, aloe veraa ja E-vitamiinia voit nyt her\u00e4t\u00e4 joka aamu nuorempaan, ravittuun ja kosteutettuun ihoon - joka p\u00e4iv\u00e4!","og_url":"https:\/\/ostacbd.ee\/fi\/toode\/cbd-naoseerum\/","og_site_name":"OstaCBD","article_modified_time":"2023-04-25T13:41:53+00:00","og_image":[{"width":825,"height":825,"url":"https:\/\/ostacbd.ee\/wp-content\/uploads\/2023\/03\/serum.png","type":"image\/png"}],"twitter_card":"summary_large_image","twitter_misc":{"Arvioitu lukuaika":"1 minuutti"},"schema":{"@context":"https:\/\/schema.org","@graph":[{"@type":"WebPage","@id":"https:\/\/ostacbd.ee\/fi\/toode\/cbd-naoseerum\/","url":"https:\/\/ostacbd.ee\/fi\/toode\/cbd-naoseerum\/","name":"CBD kasvoseerumi &#8226; OstaCBD","isPartOf":{"@id":"https:\/\/ostacbd.ee\/fi\/#website"},"datePublished":"2023-03-27T09:31:14+00:00","dateModified":"2023-04-25T13:41:53+00:00","description":"CBD-kasvoseerumin avulla saat taatusti kiinte\u00e4mm\u00e4n n\u00e4k\u00f6isen ihon. Yhdist\u00e4m\u00e4ll\u00e4 huippulaatuista kannabidiolia (CBD), hyaluronihappoa, C-vitamiinia, aloe veraa ja E-vitamiinia voit nyt her\u00e4t\u00e4 joka aamu nuorempaan, ravittuun ja kosteutettuun ihoon - joka p\u00e4iv\u00e4!","breadcrumb":{"@id":"https:\/\/ostacbd.ee\/fi\/toode\/cbd-naoseerum\/#breadcrumb"},"inLanguage":"fi","potentialAction":[{"@type":"ReadAction","target":["https:\/\/ostacbd.ee\/fi\/toode\/cbd-naoseerum\/"]}]},{"@type":"BreadcrumbList","@id":"https:\/\/ostacbd.ee\/fi\/toode\/cbd-naoseerum\/#breadcrumb","itemListElement":[{"@type":"ListItem","position":1,"name":"Home","item":"https:\/\/ostacbd.ee\/fi\/"},{"@type":"ListItem","position":2,"name":"Shop","item":"https:\/\/ostacbd.ee\/fi\/shop\/"},{"@type":"ListItem","position":3,"name":"CBD kasvoseerumi"}]},{"@type":"WebSite","@id":"https:\/\/ostacbd.ee\/fi\/#website","url":"https:\/\/ostacbd.ee\/fi\/","name":"OstaCBD","description":"","publisher":{"@id":"https:\/\/ostacbd.ee\/fi\/#organization"},"potentialAction":[{"@type":"SearchAction","target":{"@type":"EntryPoint","urlTemplate":"https:\/\/ostacbd.ee\/fi\/?s={search_term_string}"},"query-input":"required name=search_term_string"}],"inLanguage":"fi"},{"@type":"Organization","@id":"https:\/\/ostacbd.ee\/fi\/#organization","name":"OstaCBD.ee \u2022 Parim CBD Eestis","url":"https:\/\/ostacbd.ee\/fi\/","logo":{"@type":"ImageObject","inLanguage":"fi","@id":"https:\/\/ostacbd.ee\/fi\/#\/schema\/logo\/image\/","url":"https:\/\/ostacbd.ee\/wp-content\/uploads\/2023\/03\/cbd-favicon.jpg","contentUrl":"https:\/\/ostacbd.ee\/wp-content\/uploads\/2023\/03\/cbd-favicon.jpg","width":512,"height":512,"caption":"OstaCBD.ee \u2022 Parim CBD Eestis"},"image":{"@id":"https:\/\/ostacbd.ee\/fi\/#\/schema\/logo\/image\/"}}]}},"_links":{"self":[{"href":"https:\/\/ostacbd.ee\/fi\/wp-json\/wp\/v2\/product\/3091","targetHints":{"allow":["GET"]}}],"collection":[{"href":"https:\/\/ostacbd.ee\/fi\/wp-json\/wp\/v2\/product"}],"about":[{"href":"https:\/\/ostacbd.ee\/fi\/wp-json\/wp\/v2\/types\/product"}],"version-history":[{"count":1,"href":"https:\/\/ostacbd.ee\/fi\/wp-json\/wp\/v2\/product\/3091\/revisions"}],"predecessor-version":[{"id":3093,"href":"https:\/\/ostacbd.ee\/fi\/wp-json\/wp\/v2\/product\/3091\/revisions\/3093"}],"wp:featuredmedia":[{"embeddable":true,"href":"https:\/\/ostacbd.ee\/fi\/wp-json\/wp\/v2\/media\/2830"}],"wp:attachment":[{"href":"https:\/\/ostacbd.ee\/fi\/wp-json\/wp\/v2\/media?parent=3091"}],"wp:term":[{"taxonomy":"product_cat","embeddable":true,"href":"https:\/\/ostacbd.ee\/fi\/wp-json\/wp\/v2\/product_cat?post=3091"},{"taxonomy":"product_tag","embeddable":true,"href":"https:\/\/ostacbd.ee\/fi\/wp-json\/wp\/v2\/product_tag?post=3091"}],"curies":[{"name":"wp","href":"https:\/\/api.w.org\/{rel}","templated":true}]}}