{"id":3118,"date":"2023-03-27T10:23:08","date_gmt":"2023-03-27T08:23:08","guid":{"rendered":"https:\/\/ostacbd.ee\/toode\/cbd-vartalovoide\/"},"modified":"2023-03-28T12:27:34","modified_gmt":"2023-03-28T10:27:34","slug":"cbd-vartalovoide","status":"publish","type":"product","link":"https:\/\/ostacbd.ee\/fi\/toode\/cbd-vartalovoide\/","title":{"rendered":"CBD vartalovoide"},"content":{"rendered":"<p>Olemme paljastaneet aamulla hehkuvan ihon salaisuuden &#8211; se on <strong>CBD-y\u00f6voiteemme<\/strong>. Yhdist\u00e4m\u00e4ll\u00e4 kannabidiolin (CBD) voiman tunnettuihin ainesosiin he ovat kehitt\u00e4neet ihovoiteen, joka tekee ihmeit\u00e4 y\u00f6ll\u00e4. Tuloksena on hehkuva iho, joka n\u00e4ytt\u00e4\u00e4 ja tuntuu nuoremmalta, kun her\u00e4\u00e4t aamulla, ja antaa sinulle itsevarmuutta p\u00e4ivitt\u00e4isiin toimiin.<\/p>\n<p>Ammattitaidolla valitut ainesosat yhdistettyn\u00e4 kannabidiolin eli CBD:n tukevaan voimaan on suunniteltu toimimaan ihosi kanssa ja tunkeutumaan pintakerroksen l\u00e4pi. Esimerkiksi <strong>CBD-y\u00f6voiteemme<\/strong> sis\u00e4lt\u00e4\u00e4 pentaviinia, joka antaa pitk\u00e4kestoista kosteutusta, kun taas sek\u00e4 argan\u00f6ljy ett\u00e4 A-vitamiini auttavat v\u00e4hent\u00e4m\u00e4\u00e4n tai ehk\u00e4isem\u00e4\u00e4n juonteita ja ryppyj\u00e4. Sheavoi ja E-vitamiini edist\u00e4v\u00e4t t\u00e4t\u00e4 vaikutusta. Ensimm\u00e4inen niist\u00e4 auttaa rauhoittamaan pehme\u00e4\u00e4 ihoa, kun taas toinen antaa iholle voimakkaita antioksidanttisia ominaisuuksia. Kaikki n\u00e4m\u00e4 ainesosat yhdess\u00e4 eritt\u00e4in huolellisesti muotoillussa <strong>CBD-y\u00f6voiteessamme<\/strong> tarjoavat t\u00e4ydellist\u00e4 ravintoa ihollesi, kun nautit y\u00f6unesta. Mik\u00e4 voisi olla parempaa kuin nukkua ja saada samalla taikomalla hehkuva iho?<\/p>\n","protected":false},"excerpt":{"rendered":"<p>Aloita jokainen aamu nuorekkaalla, tyylikk\u00e4\u00e4ll\u00e4 ja kiinte\u00e4mm\u00e4ll\u00e4 iholla <strong>CBD-y\u00f6voiteen<\/strong> ansiosta. Kannabidiolin eli CBD:n voimakkaiden vaikutusten ja perusainesosien, kuten karitevoin, pentavitinin, argan\u00f6ljyn ja A-vitamiinin, yhdistelm\u00e4 j\u00e4tt\u00e4\u00e4 kasvojen ihon syv\u00e4sti kosteutetuksi, ravitsevaksi ja hoidetuksi. Jotta ihosi pysyisi energisen\u00e4 ja hehkuvana, aloita jokainen p\u00e4iv\u00e4 hy\u00f6dynt\u00e4m\u00e4ll\u00e4 edellisen y\u00f6n kokemuksia.<\/p>\n","protected":false},"featured_media":2806,"template":"","meta":[],"product_cat":[71],"product_tag":[],"class_list":["post-3118","product","type-product","status-publish","has-post-thumbnail","hentry","product_cat-cbd-kosmetiikka"],"acf":[],"yoast_head":"<!-- This site is optimized with the Yoast SEO plugin v21.2 - https:\/\/yoast.com\/wordpress\/plugins\/seo\/ -->\n<title>CBD vartalovoide &#8226; OstaCBD<\/title>\n<meta name=\"description\" content=\"Aloita jokainen aamu nuorekkaalla, tyylikk\u00e4\u00e4ll\u00e4 ja kiinte\u00e4mm\u00e4ll\u00e4 iholla CBD-y\u00f6voiteen ansiosta. CBD:n voimakkaiden vaikutusten ja perusainesosien, kuten sheavoin, pentavitiinin, argan\u00f6ljyn ja A-vitamiinin, yhdistelm\u00e4 j\u00e4tt\u00e4\u00e4 kasvojen ihon syv\u00e4sti kosteutetuksi, ravitsevaksi ja hoidetuksi.\" \/>\n<meta name=\"robots\" content=\"index, follow, max-snippet:-1, max-image-preview:large, max-video-preview:-1\" \/>\n<link rel=\"canonical\" href=\"https:\/\/ostacbd.ee\/fi\/toode\/cbd-vartalovoide\/\" \/>\n<meta property=\"og:locale\" content=\"fi_FI\" \/>\n<meta property=\"og:type\" content=\"article\" \/>\n<meta property=\"og:title\" content=\"CBD vartalovoide &#8226; OstaCBD\" \/>\n<meta property=\"og:description\" content=\"Aloita jokainen aamu nuorekkaalla, tyylikk\u00e4\u00e4ll\u00e4 ja kiinte\u00e4mm\u00e4ll\u00e4 iholla CBD-y\u00f6voiteen ansiosta. CBD:n voimakkaiden vaikutusten ja perusainesosien, kuten sheavoin, pentavitiinin, argan\u00f6ljyn ja A-vitamiinin, yhdistelm\u00e4 j\u00e4tt\u00e4\u00e4 kasvojen ihon syv\u00e4sti kosteutetuksi, ravitsevaksi ja hoidetuksi.\" \/>\n<meta property=\"og:url\" content=\"https:\/\/ostacbd.ee\/fi\/toode\/cbd-vartalovoide\/\" \/>\n<meta property=\"og:site_name\" content=\"OstaCBD\" \/>\n<meta property=\"article:modified_time\" content=\"2023-03-28T10:27:34+00:00\" \/>\n<meta property=\"og:image\" content=\"https:\/\/ostacbd.ee\/wp-content\/uploads\/2023\/03\/night-cream.png\" \/>\n\t<meta property=\"og:image:width\" content=\"825\" \/>\n\t<meta property=\"og:image:height\" content=\"825\" \/>\n\t<meta property=\"og:image:type\" content=\"image\/png\" \/>\n<meta name=\"twitter:card\" content=\"summary_large_image\" \/>\n<meta name=\"twitter:label1\" content=\"Arvioitu lukuaika\" \/>\n\t<meta name=\"twitter:data1\" content=\"1 minuutti\" \/>\n<!-- \/ Yoast SEO plugin. -->","yoast_head_json":{"title":"CBD vartalovoide &#8226; OstaCBD","description":"Aloita jokainen aamu nuorekkaalla, tyylikk\u00e4\u00e4ll\u00e4 ja kiinte\u00e4mm\u00e4ll\u00e4 iholla CBD-y\u00f6voiteen ansiosta. CBD:n voimakkaiden vaikutusten ja perusainesosien, kuten sheavoin, pentavitiinin, argan\u00f6ljyn ja A-vitamiinin, yhdistelm\u00e4 j\u00e4tt\u00e4\u00e4 kasvojen ihon syv\u00e4sti kosteutetuksi, ravitsevaksi ja hoidetuksi.","robots":{"index":"index","follow":"follow","max-snippet":"max-snippet:-1","max-image-preview":"max-image-preview:large","max-video-preview":"max-video-preview:-1"},"canonical":"https:\/\/ostacbd.ee\/fi\/toode\/cbd-vartalovoide\/","og_locale":"fi_FI","og_type":"article","og_title":"CBD vartalovoide &#8226; OstaCBD","og_description":"Aloita jokainen aamu nuorekkaalla, tyylikk\u00e4\u00e4ll\u00e4 ja kiinte\u00e4mm\u00e4ll\u00e4 iholla CBD-y\u00f6voiteen ansiosta. CBD:n voimakkaiden vaikutusten ja perusainesosien, kuten sheavoin, pentavitiinin, argan\u00f6ljyn ja A-vitamiinin, yhdistelm\u00e4 j\u00e4tt\u00e4\u00e4 kasvojen ihon syv\u00e4sti kosteutetuksi, ravitsevaksi ja hoidetuksi.","og_url":"https:\/\/ostacbd.ee\/fi\/toode\/cbd-vartalovoide\/","og_site_name":"OstaCBD","article_modified_time":"2023-03-28T10:27:34+00:00","og_image":[{"width":825,"height":825,"url":"https:\/\/ostacbd.ee\/wp-content\/uploads\/2023\/03\/night-cream.png","type":"image\/png"}],"twitter_card":"summary_large_image","twitter_misc":{"Arvioitu lukuaika":"1 minuutti"},"schema":{"@context":"https:\/\/schema.org","@graph":[{"@type":"WebPage","@id":"https:\/\/ostacbd.ee\/fi\/toode\/cbd-vartalovoide\/","url":"https:\/\/ostacbd.ee\/fi\/toode\/cbd-vartalovoide\/","name":"CBD vartalovoide &#8226; OstaCBD","isPartOf":{"@id":"https:\/\/ostacbd.ee\/fi\/#website"},"datePublished":"2023-03-27T08:23:08+00:00","dateModified":"2023-03-28T10:27:34+00:00","description":"Aloita jokainen aamu nuorekkaalla, tyylikk\u00e4\u00e4ll\u00e4 ja kiinte\u00e4mm\u00e4ll\u00e4 iholla CBD-y\u00f6voiteen ansiosta. CBD:n voimakkaiden vaikutusten ja perusainesosien, kuten sheavoin, pentavitiinin, argan\u00f6ljyn ja A-vitamiinin, yhdistelm\u00e4 j\u00e4tt\u00e4\u00e4 kasvojen ihon syv\u00e4sti kosteutetuksi, ravitsevaksi ja hoidetuksi.","breadcrumb":{"@id":"https:\/\/ostacbd.ee\/fi\/toode\/cbd-vartalovoide\/#breadcrumb"},"inLanguage":"fi","potentialAction":[{"@type":"ReadAction","target":["https:\/\/ostacbd.ee\/fi\/toode\/cbd-vartalovoide\/"]}]},{"@type":"BreadcrumbList","@id":"https:\/\/ostacbd.ee\/fi\/toode\/cbd-vartalovoide\/#breadcrumb","itemListElement":[{"@type":"ListItem","position":1,"name":"Home","item":"https:\/\/ostacbd.ee\/fi\/"},{"@type":"ListItem","position":2,"name":"Shop","item":"https:\/\/ostacbd.ee\/fi\/shop\/"},{"@type":"ListItem","position":3,"name":"CBD vartalovoide"}]},{"@type":"WebSite","@id":"https:\/\/ostacbd.ee\/fi\/#website","url":"https:\/\/ostacbd.ee\/fi\/","name":"OstaCBD","description":"","publisher":{"@id":"https:\/\/ostacbd.ee\/fi\/#organization"},"potentialAction":[{"@type":"SearchAction","target":{"@type":"EntryPoint","urlTemplate":"https:\/\/ostacbd.ee\/fi\/?s={search_term_string}"},"query-input":"required name=search_term_string"}],"inLanguage":"fi"},{"@type":"Organization","@id":"https:\/\/ostacbd.ee\/fi\/#organization","name":"OstaCBD.ee \u2022 Parim CBD Eestis","url":"https:\/\/ostacbd.ee\/fi\/","logo":{"@type":"ImageObject","inLanguage":"fi","@id":"https:\/\/ostacbd.ee\/fi\/#\/schema\/logo\/image\/","url":"https:\/\/ostacbd.ee\/wp-content\/uploads\/2023\/03\/cbd-favicon.jpg","contentUrl":"https:\/\/ostacbd.ee\/wp-content\/uploads\/2023\/03\/cbd-favicon.jpg","width":512,"height":512,"caption":"OstaCBD.ee \u2022 Parim CBD Eestis"},"image":{"@id":"https:\/\/ostacbd.ee\/fi\/#\/schema\/logo\/image\/"}}]}},"_links":{"self":[{"href":"https:\/\/ostacbd.ee\/fi\/wp-json\/wp\/v2\/product\/3118","targetHints":{"allow":["GET"]}}],"collection":[{"href":"https:\/\/ostacbd.ee\/fi\/wp-json\/wp\/v2\/product"}],"about":[{"href":"https:\/\/ostacbd.ee\/fi\/wp-json\/wp\/v2\/types\/product"}],"version-history":[{"count":1,"href":"https:\/\/ostacbd.ee\/fi\/wp-json\/wp\/v2\/product\/3118\/revisions"}],"predecessor-version":[{"id":3122,"href":"https:\/\/ostacbd.ee\/fi\/wp-json\/wp\/v2\/product\/3118\/revisions\/3122"}],"wp:featuredmedia":[{"embeddable":true,"href":"https:\/\/ostacbd.ee\/fi\/wp-json\/wp\/v2\/media\/2806"}],"wp:attachment":[{"href":"https:\/\/ostacbd.ee\/fi\/wp-json\/wp\/v2\/media?parent=3118"}],"wp:term":[{"taxonomy":"product_cat","embeddable":true,"href":"https:\/\/ostacbd.ee\/fi\/wp-json\/wp\/v2\/product_cat?post=3118"},{"taxonomy":"product_tag","embeddable":true,"href":"https:\/\/ostacbd.ee\/fi\/wp-json\/wp\/v2\/product_tag?post=3118"}],"curies":[{"name":"wp","href":"https:\/\/api.w.org\/{rel}","templated":true}]}}