{"id":3126,"date":"2023-03-27T16:51:49","date_gmt":"2023-03-27T14:51:49","guid":{"rendered":"https:\/\/ostacbd.ee\/toode\/cbd-hamppu-lehdet\/"},"modified":"2023-03-28T12:27:35","modified_gmt":"2023-03-28T10:27:35","slug":"cbd-hamppu-lehdet","status":"publish","type":"product","link":"https:\/\/ostacbd.ee\/fi\/toode\/cbd-hamppu-lehdet\/","title":{"rendered":"CBD hamppu lehdet"},"content":{"rendered":"<p>Koska <strong>CBD-tuotteen<\/strong> nauttiminen voi kest\u00e4\u00e4 kauemmin vaikutusten saavuttamiseksi, <strong>CBD-kannabiksen lehdet<\/strong> sopivat niille, jotka haluavat kokeilla <strong>CBD-tuotetta<\/strong> ensimm\u00e4ist\u00e4 kertaa tai etsiv\u00e4t seuraavaa uutta suosikkiv\u00e4lipalaa. Vaikka <strong>CBD-tuotteen<\/strong> hajoaminen ruoansulatuskanavassa imeytymist\u00e4 varten saattaa kest\u00e4\u00e4 kauemmin, sen vaikutukset elimist\u00f6ss\u00e4 kest\u00e4v\u00e4t kauemmin. Kulutustapasi riippuu siis t\u00e4ysin henkil\u00f6kohtaisista mieltymyksist\u00e4si.<\/p>\n<p>Jokainen <strong>CBD-kannabiksen lehti<\/strong> sis\u00e4lt\u00e4\u00e4 5 mg kannabinoidia. N\u00e4in voit helposti hallita haluamasi <strong>CBD:n<\/strong> m\u00e4\u00e4r\u00e4\u00e4. Jos et halua sy\u00f6d\u00e4 liikaa, voit sy\u00f6d\u00e4 vain yhden lehden. Tarvitsetko lis\u00e4\u00e4 <strong>CBD:t\u00e4<\/strong>? Sy\u00f6 sitten vain useita <strong>CBD-kannabiksen lehti\u00e4<\/strong>! Se on eritt\u00e4in hy\u00f6dyllist\u00e4. Sen lis\u00e4ksi, ett\u00e4 <strong>CBD-kannabiksen<\/strong> <strong>lehdet<\/strong> ovat t\u00e4ynn\u00e4 kannabiksen sis\u00e4lt\u00e4mien kannabinoidien, terpeenien ja flavonoidien terveysvaikutuksia, ne ovat my\u00f6s herkullisia!<\/p>\n<p>Etk\u00f6 osaa p\u00e4\u00e4tt\u00e4\u00e4, mink\u00e4 maun valitsisit? Se ei ole ongelma! Voit my\u00f6s tilata useiden makujen yhdistelm\u00e4n. N\u00e4in voit kokeilla kaikkia <strong>CBD-kannabiksen lehtien<\/strong> upeita makuja ennen kuin valitset suosikkisi.<\/p>\n","protected":false},"excerpt":{"rendered":"<p><strong>CBD-kannabiksen lehdet<\/strong> ovat eritt\u00e4in maukkaita. <strong>CBD-karkkien<\/strong> valikoimassamme on monia nostalgisia makuyhdistelmi\u00e4, joten jokaiselle l\u00f6ytyy jotakin. Tarjolla on kirsikkaa, appelsiinia tai makujen yhdistelm\u00e4\u00e4. Jos pid\u00e4t hedelm\u00e4isist\u00e4 mauista, olet tullut oikeaan paikkaan!<\/p>\n","protected":false},"featured_media":2866,"template":"","meta":[],"product_cat":[55],"product_tag":[],"class_list":["post-3126","product","type-product","status-publish","has-post-thumbnail","hentry","product_cat-cbd-ruoka"],"acf":[],"yoast_head":"<!-- This site is optimized with the Yoast SEO plugin v21.2 - https:\/\/yoast.com\/wordpress\/plugins\/seo\/ -->\n<title>CBD hamppu lehdet &#8226; OstaCBD<\/title>\n<meta name=\"description\" content=\"CBD-karkkien valikoimassamme on monia nostalgisia makuyhdistelmi\u00e4, joten jokaiselle l\u00f6ytyy jotakin. Tarjolla on kirsikkaa, appelsiinia tai makujen yhdistelm\u00e4\u00e4. Jos pid\u00e4t hedelm\u00e4isist\u00e4 mauista, olet tullut oikeaan paikkaan!\" \/>\n<meta name=\"robots\" content=\"index, follow, max-snippet:-1, max-image-preview:large, max-video-preview:-1\" \/>\n<link rel=\"canonical\" href=\"https:\/\/ostacbd.ee\/fi\/toode\/cbd-hamppu-lehdet\/\" \/>\n<meta property=\"og:locale\" content=\"fi_FI\" \/>\n<meta property=\"og:type\" content=\"article\" \/>\n<meta property=\"og:title\" content=\"CBD hamppu lehdet &#8226; OstaCBD\" \/>\n<meta property=\"og:description\" content=\"CBD-karkkien valikoimassamme on monia nostalgisia makuyhdistelmi\u00e4, joten jokaiselle l\u00f6ytyy jotakin. Tarjolla on kirsikkaa, appelsiinia tai makujen yhdistelm\u00e4\u00e4. Jos pid\u00e4t hedelm\u00e4isist\u00e4 mauista, olet tullut oikeaan paikkaan!\" \/>\n<meta property=\"og:url\" content=\"https:\/\/ostacbd.ee\/fi\/toode\/cbd-hamppu-lehdet\/\" \/>\n<meta property=\"og:site_name\" content=\"OstaCBD\" \/>\n<meta property=\"article:modified_time\" content=\"2023-03-28T10:27:35+00:00\" \/>\n<meta property=\"og:image\" content=\"https:\/\/ostacbd.ee\/wp-content\/uploads\/2023\/03\/CBD-leaves-all-1.png\" \/>\n\t<meta property=\"og:image:width\" content=\"1080\" \/>\n\t<meta property=\"og:image:height\" content=\"1080\" \/>\n\t<meta property=\"og:image:type\" content=\"image\/png\" \/>\n<meta name=\"twitter:card\" content=\"summary_large_image\" \/>\n<meta name=\"twitter:label1\" content=\"Arvioitu lukuaika\" \/>\n\t<meta name=\"twitter:data1\" content=\"1 minuutti\" \/>\n<!-- \/ Yoast SEO plugin. -->","yoast_head_json":{"title":"CBD hamppu lehdet &#8226; OstaCBD","description":"CBD-karkkien valikoimassamme on monia nostalgisia makuyhdistelmi\u00e4, joten jokaiselle l\u00f6ytyy jotakin. Tarjolla on kirsikkaa, appelsiinia tai makujen yhdistelm\u00e4\u00e4. Jos pid\u00e4t hedelm\u00e4isist\u00e4 mauista, olet tullut oikeaan paikkaan!","robots":{"index":"index","follow":"follow","max-snippet":"max-snippet:-1","max-image-preview":"max-image-preview:large","max-video-preview":"max-video-preview:-1"},"canonical":"https:\/\/ostacbd.ee\/fi\/toode\/cbd-hamppu-lehdet\/","og_locale":"fi_FI","og_type":"article","og_title":"CBD hamppu lehdet &#8226; OstaCBD","og_description":"CBD-karkkien valikoimassamme on monia nostalgisia makuyhdistelmi\u00e4, joten jokaiselle l\u00f6ytyy jotakin. Tarjolla on kirsikkaa, appelsiinia tai makujen yhdistelm\u00e4\u00e4. Jos pid\u00e4t hedelm\u00e4isist\u00e4 mauista, olet tullut oikeaan paikkaan!","og_url":"https:\/\/ostacbd.ee\/fi\/toode\/cbd-hamppu-lehdet\/","og_site_name":"OstaCBD","article_modified_time":"2023-03-28T10:27:35+00:00","og_image":[{"width":1080,"height":1080,"url":"https:\/\/ostacbd.ee\/wp-content\/uploads\/2023\/03\/CBD-leaves-all-1.png","type":"image\/png"}],"twitter_card":"summary_large_image","twitter_misc":{"Arvioitu lukuaika":"1 minuutti"},"schema":{"@context":"https:\/\/schema.org","@graph":[{"@type":"WebPage","@id":"https:\/\/ostacbd.ee\/fi\/toode\/cbd-hamppu-lehdet\/","url":"https:\/\/ostacbd.ee\/fi\/toode\/cbd-hamppu-lehdet\/","name":"CBD hamppu lehdet &#8226; OstaCBD","isPartOf":{"@id":"https:\/\/ostacbd.ee\/fi\/#website"},"datePublished":"2023-03-27T14:51:49+00:00","dateModified":"2023-03-28T10:27:35+00:00","description":"CBD-karkkien valikoimassamme on monia nostalgisia makuyhdistelmi\u00e4, joten jokaiselle l\u00f6ytyy jotakin. Tarjolla on kirsikkaa, appelsiinia tai makujen yhdistelm\u00e4\u00e4. Jos pid\u00e4t hedelm\u00e4isist\u00e4 mauista, olet tullut oikeaan paikkaan!","breadcrumb":{"@id":"https:\/\/ostacbd.ee\/fi\/toode\/cbd-hamppu-lehdet\/#breadcrumb"},"inLanguage":"fi","potentialAction":[{"@type":"ReadAction","target":["https:\/\/ostacbd.ee\/fi\/toode\/cbd-hamppu-lehdet\/"]}]},{"@type":"BreadcrumbList","@id":"https:\/\/ostacbd.ee\/fi\/toode\/cbd-hamppu-lehdet\/#breadcrumb","itemListElement":[{"@type":"ListItem","position":1,"name":"Home","item":"https:\/\/ostacbd.ee\/fi\/"},{"@type":"ListItem","position":2,"name":"Shop","item":"https:\/\/ostacbd.ee\/fi\/shop\/"},{"@type":"ListItem","position":3,"name":"CBD hamppu lehdet"}]},{"@type":"WebSite","@id":"https:\/\/ostacbd.ee\/fi\/#website","url":"https:\/\/ostacbd.ee\/fi\/","name":"OstaCBD","description":"","publisher":{"@id":"https:\/\/ostacbd.ee\/fi\/#organization"},"potentialAction":[{"@type":"SearchAction","target":{"@type":"EntryPoint","urlTemplate":"https:\/\/ostacbd.ee\/fi\/?s={search_term_string}"},"query-input":"required name=search_term_string"}],"inLanguage":"fi"},{"@type":"Organization","@id":"https:\/\/ostacbd.ee\/fi\/#organization","name":"OstaCBD.ee \u2022 Parim CBD Eestis","url":"https:\/\/ostacbd.ee\/fi\/","logo":{"@type":"ImageObject","inLanguage":"fi","@id":"https:\/\/ostacbd.ee\/fi\/#\/schema\/logo\/image\/","url":"https:\/\/ostacbd.ee\/wp-content\/uploads\/2023\/03\/cbd-favicon.jpg","contentUrl":"https:\/\/ostacbd.ee\/wp-content\/uploads\/2023\/03\/cbd-favicon.jpg","width":512,"height":512,"caption":"OstaCBD.ee \u2022 Parim CBD Eestis"},"image":{"@id":"https:\/\/ostacbd.ee\/fi\/#\/schema\/logo\/image\/"}}]}},"_links":{"self":[{"href":"https:\/\/ostacbd.ee\/fi\/wp-json\/wp\/v2\/product\/3126","targetHints":{"allow":["GET"]}}],"collection":[{"href":"https:\/\/ostacbd.ee\/fi\/wp-json\/wp\/v2\/product"}],"about":[{"href":"https:\/\/ostacbd.ee\/fi\/wp-json\/wp\/v2\/types\/product"}],"version-history":[{"count":1,"href":"https:\/\/ostacbd.ee\/fi\/wp-json\/wp\/v2\/product\/3126\/revisions"}],"predecessor-version":[{"id":3139,"href":"https:\/\/ostacbd.ee\/fi\/wp-json\/wp\/v2\/product\/3126\/revisions\/3139"}],"wp:featuredmedia":[{"embeddable":true,"href":"https:\/\/ostacbd.ee\/fi\/wp-json\/wp\/v2\/media\/2866"}],"wp:attachment":[{"href":"https:\/\/ostacbd.ee\/fi\/wp-json\/wp\/v2\/media?parent=3126"}],"wp:term":[{"taxonomy":"product_cat","embeddable":true,"href":"https:\/\/ostacbd.ee\/fi\/wp-json\/wp\/v2\/product_cat?post=3126"},{"taxonomy":"product_tag","embeddable":true,"href":"https:\/\/ostacbd.ee\/fi\/wp-json\/wp\/v2\/product_tag?post=3126"}],"curies":[{"name":"wp","href":"https:\/\/api.w.org\/{rel}","templated":true}]}}