{"id":3138,"date":"2023-03-27T14:03:12","date_gmt":"2023-03-27T12:03:12","guid":{"rendered":"https:\/\/ostacbd.ee\/toode\/cbd-hedelmaiset-kumikarkit\/"},"modified":"2024-12-18T01:34:31","modified_gmt":"2024-12-17T23:34:31","slug":"cbd-hedelmaiset-kumikarkit","status":"publish","type":"product","link":"https:\/\/ostacbd.ee\/fi\/toode\/cbd-hedelmaiset-kumikarkit\/","title":{"rendered":"CBD-hedelm\u00e4iset kumikarkit"},"content":{"rendered":"<p>Monet n\u00e4ytt\u00f6\u00f6n perustuvat teoriat ovat osoittaneet, ett\u00e4 <strong>CBD:<\/strong> ll\u00e4 on terapeuttisia ominaisuuksia kipuun, ahdistukseen ja tulehdukseen. <strong>CBD-hedelm\u00e4karkit<\/strong> ovat yksi suosituimmista kannabiksen sy\u00f6t\u00e4vist\u00e4 sen t\u00e4ysin luonnollisten makujen ja l\u00e4\u00e4kinn\u00e4llisten ominaisuuksien ansiosta. Oikean m\u00e4\u00e4r\u00e4n <strong>CBD-hedelm\u00e4karkkeja<\/strong> nauttiminen parantaa mielenterveytt\u00e4 ja fyysist\u00e4 terveytt\u00e4 vuorovaikutuksessa kehon j\u00e4rjestelmien kanssa, erityisesti endokannabinoidij\u00e4rjestelm\u00e4n kanssa, joka on vastuussa kehon tasapainon yll\u00e4pit\u00e4misest\u00e4. <strong>CBD-hedelm\u00e4karkkien<\/strong> sis\u00e4lt\u00e4m\u00e4 <strong>CBD<\/strong> tukee endokannabinoidij\u00e4rjestelm\u00e4\u00e4si, sill\u00e4 se on voimakas hermoja suojaava ja tulehdusta ehk\u00e4isev\u00e4 aine.<\/p>\n<p><strong>CBD-hedelm\u00e4karkkien<\/strong> ottamisen etuna on, ett\u00e4 et tunne oloasi p\u00e4ihtyneeksi tai pilvess\u00e4.  <strong>CBD-hedelm\u00e4kupit<\/strong> ovat paras tapa kuluttaa <strong>CBD:t\u00e4<\/strong>, sill\u00e4 ne ovat kevyit\u00e4 ja k\u00e4tevi\u00e4 aina.  <strong>CBD-hedelm\u00e4karkit<\/strong> valmistetaan k\u00e4ytt\u00e4m\u00e4ll\u00e4 vakiokaavaa korkealaatuisten <strong>CBD-ruokavalioiden<\/strong> tuottamiseksi.  Hedelm\u00e4mehujen <strong>CBD-pitoisuus<\/strong> voi auttaa t\u00e4ydent\u00e4m\u00e4\u00e4n yleist\u00e4 terveytt\u00e4si, sill\u00e4 se voi parantaa immuunij\u00e4rjestelm\u00e4\u00e4si ja lievitt\u00e4\u00e4 kipua. Kannabinoideilla on t\u00e4rke\u00e4 rooli ihmiskehossa. Hedelm\u00e4mehujen sis\u00e4lt\u00e4m\u00e4t v\u00e4ltt\u00e4m\u00e4tt\u00f6m\u00e4t vitamiinit ja kivenn\u00e4isaineet tarjoavat sinulle monenlaisia etuja. Jokainen <strong>CBD Fruitcake<\/strong> sis\u00e4lt\u00e4\u00e4 korkealaatuista <strong>CBD:t\u00e4<\/strong>, makuaineita ja makeaa makua <strong>CBD-annoksen<\/strong> saamiseksi. <strong>CBD-hedelm\u00e4karkkien<\/strong> suosio markkinoilla kasvaa edelleen, koska ne ovat nautinnollisia sy\u00f6d\u00e4, helppoja valmistaa ja helppo annostella.<\/p>\n<p>N\u00e4it\u00e4 suklaita on helppo k\u00e4ytt\u00e4\u00e4, koska tied\u00e4t, ett\u00e4 yksi karkki sis\u00e4lt\u00e4\u00e4 15 mg vaikuttavaa ainetta. Henkil\u00f6kohtainen annostuksesi riippuu p\u00e4\u00e4asiassa painostasi, pituudestasi ja siit\u00e4, miksi otat niit\u00e4. Suosittelemme testaamaan sit\u00e4 itse, mutta \u00e4l\u00e4 ylit\u00e4 kuuden makeisen p\u00e4ivitt\u00e4ist\u00e4 enimm\u00e4isannosta. Jos olet raskaana tai imet\u00e4t tai jos sinulla on sairaus, johon k\u00e4yt\u00e4t jo reseptil\u00e4\u00e4kkeit\u00e4, kysy alan asiantuntijalta tietoja kannabistuotteiden k\u00e4yt\u00f6st\u00e4.<\/p>\n","protected":false},"excerpt":{"rendered":"<p>N\u00e4m\u00e4 <strong>CBD-hedelm\u00e4karkit<\/strong> ovat loistava vaihtoehto kaikille, joilla on liian kiire ottaa <strong>CBD-\u00f6ljy\u00e4<\/strong> tai kapseleita tai jotka eiv\u00e4t pid\u00e4 niist\u00e4. N\u00e4m\u00e4 makeat herkut perustuvat aitoon hedelm\u00e4mehuun ja niihin on lis\u00e4tty korkealaatuista kannabidiolia. 60 <strong>CBD-hedelm\u00e4karkkia<\/strong>, jossa on 900 mg <strong>CBD:t\u00e4<\/strong>.<\/p>\n","protected":false},"featured_media":2851,"template":"","meta":[],"product_cat":[55],"product_tag":[],"class_list":["post-3138","product","type-product","status-publish","has-post-thumbnail","hentry","product_cat-cbd-ruoka"],"acf":[],"yoast_head":"<!-- This site is optimized with the Yoast SEO plugin v21.2 - https:\/\/yoast.com\/wordpress\/plugins\/seo\/ -->\n<title>CBD-hedelm\u00e4iset kumikarkit &#8226; OstaCBD<\/title>\n<meta name=\"description\" content=\"CBD-hedelm\u00e4karkit ovat loistava vaihtoehto kaikille, joilla on liian kiire ottaa CBD-\u00f6ljy\u00e4 tai kapseleita tai jotka eiv\u00e4t pid\u00e4 niist\u00e4. N\u00e4m\u00e4 makeat herkut perustuvat aitoon hedelm\u00e4mehuun ja niihin on lis\u00e4tty korkealaatuista kannabidiolia.\" \/>\n<meta name=\"robots\" content=\"index, follow, max-snippet:-1, max-image-preview:large, max-video-preview:-1\" \/>\n<link rel=\"canonical\" href=\"https:\/\/ostacbd.ee\/fi\/toode\/cbd-hedelmaiset-kumikarkit\/\" \/>\n<meta property=\"og:locale\" content=\"fi_FI\" \/>\n<meta property=\"og:type\" content=\"article\" \/>\n<meta property=\"og:title\" content=\"CBD-hedelm\u00e4iset kumikarkit &#8226; OstaCBD\" \/>\n<meta property=\"og:description\" content=\"CBD-hedelm\u00e4karkit ovat loistava vaihtoehto kaikille, joilla on liian kiire ottaa CBD-\u00f6ljy\u00e4 tai kapseleita tai jotka eiv\u00e4t pid\u00e4 niist\u00e4. N\u00e4m\u00e4 makeat herkut perustuvat aitoon hedelm\u00e4mehuun ja niihin on lis\u00e4tty korkealaatuista kannabidiolia.\" \/>\n<meta property=\"og:url\" content=\"https:\/\/ostacbd.ee\/fi\/toode\/cbd-hedelmaiset-kumikarkit\/\" \/>\n<meta property=\"og:site_name\" content=\"OstaCBD\" \/>\n<meta property=\"article:modified_time\" content=\"2024-12-17T23:34:31+00:00\" \/>\n<meta property=\"og:image\" content=\"https:\/\/ostacbd.ee\/wp-content\/uploads\/2023\/03\/CBD-Fruit-Gummy.png\" \/>\n\t<meta property=\"og:image:width\" content=\"800\" \/>\n\t<meta property=\"og:image:height\" content=\"800\" \/>\n\t<meta property=\"og:image:type\" content=\"image\/png\" \/>\n<meta name=\"twitter:card\" content=\"summary_large_image\" \/>\n<meta name=\"twitter:label1\" content=\"Arvioitu lukuaika\" \/>\n\t<meta name=\"twitter:data1\" content=\"1 minuutti\" \/>\n<!-- \/ Yoast SEO plugin. -->","yoast_head_json":{"title":"CBD-hedelm\u00e4iset kumikarkit &#8226; OstaCBD","description":"CBD-hedelm\u00e4karkit ovat loistava vaihtoehto kaikille, joilla on liian kiire ottaa CBD-\u00f6ljy\u00e4 tai kapseleita tai jotka eiv\u00e4t pid\u00e4 niist\u00e4. N\u00e4m\u00e4 makeat herkut perustuvat aitoon hedelm\u00e4mehuun ja niihin on lis\u00e4tty korkealaatuista kannabidiolia.","robots":{"index":"index","follow":"follow","max-snippet":"max-snippet:-1","max-image-preview":"max-image-preview:large","max-video-preview":"max-video-preview:-1"},"canonical":"https:\/\/ostacbd.ee\/fi\/toode\/cbd-hedelmaiset-kumikarkit\/","og_locale":"fi_FI","og_type":"article","og_title":"CBD-hedelm\u00e4iset kumikarkit &#8226; OstaCBD","og_description":"CBD-hedelm\u00e4karkit ovat loistava vaihtoehto kaikille, joilla on liian kiire ottaa CBD-\u00f6ljy\u00e4 tai kapseleita tai jotka eiv\u00e4t pid\u00e4 niist\u00e4. N\u00e4m\u00e4 makeat herkut perustuvat aitoon hedelm\u00e4mehuun ja niihin on lis\u00e4tty korkealaatuista kannabidiolia.","og_url":"https:\/\/ostacbd.ee\/fi\/toode\/cbd-hedelmaiset-kumikarkit\/","og_site_name":"OstaCBD","article_modified_time":"2024-12-17T23:34:31+00:00","og_image":[{"width":800,"height":800,"url":"https:\/\/ostacbd.ee\/wp-content\/uploads\/2023\/03\/CBD-Fruit-Gummy.png","type":"image\/png"}],"twitter_card":"summary_large_image","twitter_misc":{"Arvioitu lukuaika":"1 minuutti"},"schema":{"@context":"https:\/\/schema.org","@graph":[{"@type":"WebPage","@id":"https:\/\/ostacbd.ee\/fi\/toode\/cbd-hedelmaiset-kumikarkit\/","url":"https:\/\/ostacbd.ee\/fi\/toode\/cbd-hedelmaiset-kumikarkit\/","name":"CBD-hedelm\u00e4iset kumikarkit &#8226; OstaCBD","isPartOf":{"@id":"https:\/\/ostacbd.ee\/fi\/#website"},"datePublished":"2023-03-27T12:03:12+00:00","dateModified":"2024-12-17T23:34:31+00:00","description":"CBD-hedelm\u00e4karkit ovat loistava vaihtoehto kaikille, joilla on liian kiire ottaa CBD-\u00f6ljy\u00e4 tai kapseleita tai jotka eiv\u00e4t pid\u00e4 niist\u00e4. N\u00e4m\u00e4 makeat herkut perustuvat aitoon hedelm\u00e4mehuun ja niihin on lis\u00e4tty korkealaatuista kannabidiolia.","breadcrumb":{"@id":"https:\/\/ostacbd.ee\/fi\/toode\/cbd-hedelmaiset-kumikarkit\/#breadcrumb"},"inLanguage":"fi","potentialAction":[{"@type":"ReadAction","target":["https:\/\/ostacbd.ee\/fi\/toode\/cbd-hedelmaiset-kumikarkit\/"]}]},{"@type":"BreadcrumbList","@id":"https:\/\/ostacbd.ee\/fi\/toode\/cbd-hedelmaiset-kumikarkit\/#breadcrumb","itemListElement":[{"@type":"ListItem","position":1,"name":"Home","item":"https:\/\/ostacbd.ee\/fi\/"},{"@type":"ListItem","position":2,"name":"Shop","item":"https:\/\/ostacbd.ee\/fi\/shop\/"},{"@type":"ListItem","position":3,"name":"CBD-hedelm\u00e4iset kumikarkit"}]},{"@type":"WebSite","@id":"https:\/\/ostacbd.ee\/fi\/#website","url":"https:\/\/ostacbd.ee\/fi\/","name":"OstaCBD","description":"","publisher":{"@id":"https:\/\/ostacbd.ee\/fi\/#organization"},"potentialAction":[{"@type":"SearchAction","target":{"@type":"EntryPoint","urlTemplate":"https:\/\/ostacbd.ee\/fi\/?s={search_term_string}"},"query-input":"required name=search_term_string"}],"inLanguage":"fi"},{"@type":"Organization","@id":"https:\/\/ostacbd.ee\/fi\/#organization","name":"OstaCBD.ee \u2022 Parim CBD Eestis","url":"https:\/\/ostacbd.ee\/fi\/","logo":{"@type":"ImageObject","inLanguage":"fi","@id":"https:\/\/ostacbd.ee\/fi\/#\/schema\/logo\/image\/","url":"https:\/\/ostacbd.ee\/wp-content\/uploads\/2023\/03\/cbd-favicon.jpg","contentUrl":"https:\/\/ostacbd.ee\/wp-content\/uploads\/2023\/03\/cbd-favicon.jpg","width":512,"height":512,"caption":"OstaCBD.ee \u2022 Parim CBD Eestis"},"image":{"@id":"https:\/\/ostacbd.ee\/fi\/#\/schema\/logo\/image\/"}}]}},"_links":{"self":[{"href":"https:\/\/ostacbd.ee\/fi\/wp-json\/wp\/v2\/product\/3138","targetHints":{"allow":["GET"]}}],"collection":[{"href":"https:\/\/ostacbd.ee\/fi\/wp-json\/wp\/v2\/product"}],"about":[{"href":"https:\/\/ostacbd.ee\/fi\/wp-json\/wp\/v2\/types\/product"}],"version-history":[{"count":1,"href":"https:\/\/ostacbd.ee\/fi\/wp-json\/wp\/v2\/product\/3138\/revisions"}],"predecessor-version":[{"id":3140,"href":"https:\/\/ostacbd.ee\/fi\/wp-json\/wp\/v2\/product\/3138\/revisions\/3140"}],"wp:featuredmedia":[{"embeddable":true,"href":"https:\/\/ostacbd.ee\/fi\/wp-json\/wp\/v2\/media\/2851"}],"wp:attachment":[{"href":"https:\/\/ostacbd.ee\/fi\/wp-json\/wp\/v2\/media?parent=3138"}],"wp:term":[{"taxonomy":"product_cat","embeddable":true,"href":"https:\/\/ostacbd.ee\/fi\/wp-json\/wp\/v2\/product_cat?post=3138"},{"taxonomy":"product_tag","embeddable":true,"href":"https:\/\/ostacbd.ee\/fi\/wp-json\/wp\/v2\/product_tag?post=3138"}],"curies":[{"name":"wp","href":"https:\/\/api.w.org\/{rel}","templated":true}]}}