{"id":3226,"date":"2023-03-09T00:31:35","date_gmt":"2023-03-08T22:31:35","guid":{"rendered":"https:\/\/ostacbd.ee\/toode\/cbd-anti-ageing-voide\/"},"modified":"2023-03-28T12:28:08","modified_gmt":"2023-03-28T10:28:08","slug":"cbd-anti-ageing-voide","status":"publish","type":"product","link":"https:\/\/ostacbd.ee\/fi\/toode\/cbd-anti-ageing-voide\/","title":{"rendered":"CBD anti-ageing-voide"},"content":{"rendered":"<p>Kun sinulla on terve ja hyvin hoidettu iho, sinun on helpompi tuntea itsevarmuutta ja el\u00e4\u00e4 onnellista ja tyydytt\u00e4v\u00e4\u00e4 el\u00e4m\u00e4\u00e4. <strong>CBD-vanhenemisvoiteemme<\/strong> avulla voit torjua ik\u00e4\u00e4ntymisen aiheuttamia muutoksia ihossasi. Huolellisesti valitut ainesosat ja hamppu\u00f6ljyn (CBD) voima vaikuttavat varmasti t\u00e4h\u00e4n. Kaikki n\u00e4m\u00e4 ainesosat yhdess\u00e4 pehment\u00e4v\u00e4t ja hoitavat ihoa.<\/p>\n<p>Esimerkiksi verkkokaupassamme myyt\u00e4v\u00e4 <strong>CBD<\/strong> <strong>anti-ageing-voide <\/strong>sis\u00e4lt\u00e4\u00e4 A-vitamiinia, joka on t\u00e4rke\u00e4 ja hy\u00f6dyllinen ihon juonteiden ja ryppyjen muodostumisen ehk\u00e4isemisess\u00e4, kun taas C-vitamiini suojaa ihoa. Lis\u00e4ksi n\u00e4it\u00e4 kahta ainesosaa tukevat sheavoin ja hyaluronihapon kosteuttavat ominaisuudet, joita t\u00e4ydent\u00e4v\u00e4t CBD:n uudistavat ominaisuudet. T\u00e4m\u00e4 eritt\u00e4in monimutkainen koostumus toimii ihosi hyv\u00e4ksi. Miksi et k\u00e4visi <strong>BuyCBD-verkkokaupassa<\/strong> juuri nyt ja tilaisi <strong>CBD-vanhenemisvoidetta<\/strong>?<\/p>\n","protected":false},"excerpt":{"rendered":"<p>Anna k\u00e4ytt\u00e4ytymisesi heijastaa el\u00e4m\u00e4si saavutuksia ja haasteita, ei ihonv\u00e4ri\u00e4si. <strong>CBD<\/strong> <strong>anti-ageing-voiteeseen<\/strong> on sekoitettu erilaisia ihoa hy\u00f6dytt\u00e4vi\u00e4 sekoituksia ja elementtej\u00e4, kuten A- ja C-vitamiineja, CBD:t\u00e4, hyaluronihappoa ja karitevoita. <strong>CBD<\/strong> <strong>anti-ageing-voide<\/strong> rauhoittaa ihoa ja ehk\u00e4isee tai v\u00e4hent\u00e4\u00e4 ihon juonteita ja ryppyj\u00e4. <strong>CBD<\/strong> <strong>anti-ageing-voiteemme<\/strong> ansiosta ihosi ik\u00e4 pysyy ratkaisemattomana mysteerin\u00e4.<\/p>\n","protected":false},"featured_media":2683,"template":"","meta":[],"product_cat":[71],"product_tag":[],"class_list":["post-3226","product","type-product","status-publish","has-post-thumbnail","hentry","product_cat-cbd-kosmetiikka"],"acf":[],"yoast_head":"<!-- This site is optimized with the Yoast SEO plugin v21.2 - https:\/\/yoast.com\/wordpress\/plugins\/seo\/ -->\n<title>CBD anti-ageing-voide &#8226; OstaCBD<\/title>\n<meta name=\"robots\" content=\"index, follow, max-snippet:-1, max-image-preview:large, max-video-preview:-1\" \/>\n<link rel=\"canonical\" href=\"https:\/\/ostacbd.ee\/fi\/toode\/cbd-anti-ageing-voide\/\" \/>\n<meta property=\"og:locale\" content=\"fi_FI\" \/>\n<meta property=\"og:type\" content=\"article\" \/>\n<meta property=\"og:title\" content=\"CBD anti-ageing-voide &#8226; OstaCBD\" \/>\n<meta property=\"og:description\" content=\"Anna k\u00e4ytt\u00e4ytymisesi heijastaa el\u00e4m\u00e4si saavutuksia ja haasteita, ei ihonv\u00e4ri\u00e4si. CBD anti-ageing-voiteeseen on sekoitettu erilaisia ihoa hy\u00f6dytt\u00e4vi\u00e4 sekoituksia ja elementtej\u00e4, kuten A- ja C-vitamiineja, CBD:t\u00e4, hyaluronihappoa ja karitevoita. CBD anti-ageing-voide rauhoittaa ihoa ja ehk\u00e4isee tai v\u00e4hent\u00e4\u00e4 ihon juonteita ja ryppyj\u00e4. CBD anti-ageing-voiteemme ansiosta ihosi ik\u00e4 pysyy ratkaisemattomana mysteerin\u00e4.\" \/>\n<meta property=\"og:url\" content=\"https:\/\/ostacbd.ee\/fi\/toode\/cbd-anti-ageing-voide\/\" \/>\n<meta property=\"og:site_name\" content=\"OstaCBD\" \/>\n<meta property=\"article:modified_time\" content=\"2023-03-28T10:28:08+00:00\" \/>\n<meta property=\"og:image\" content=\"https:\/\/ostacbd.ee\/wp-content\/uploads\/2023\/03\/cbd-vananemisvastane-kreem.png\" \/>\n\t<meta property=\"og:image:width\" content=\"825\" \/>\n\t<meta property=\"og:image:height\" content=\"825\" \/>\n\t<meta property=\"og:image:type\" content=\"image\/png\" \/>\n<meta name=\"twitter:card\" content=\"summary_large_image\" \/>\n<meta name=\"twitter:label1\" content=\"Arvioitu lukuaika\" \/>\n\t<meta name=\"twitter:data1\" content=\"1 minuutti\" \/>\n<!-- \/ Yoast SEO plugin. -->","yoast_head_json":{"title":"CBD anti-ageing-voide &#8226; OstaCBD","robots":{"index":"index","follow":"follow","max-snippet":"max-snippet:-1","max-image-preview":"max-image-preview:large","max-video-preview":"max-video-preview:-1"},"canonical":"https:\/\/ostacbd.ee\/fi\/toode\/cbd-anti-ageing-voide\/","og_locale":"fi_FI","og_type":"article","og_title":"CBD anti-ageing-voide &#8226; OstaCBD","og_description":"Anna k\u00e4ytt\u00e4ytymisesi heijastaa el\u00e4m\u00e4si saavutuksia ja haasteita, ei ihonv\u00e4ri\u00e4si. CBD anti-ageing-voiteeseen on sekoitettu erilaisia ihoa hy\u00f6dytt\u00e4vi\u00e4 sekoituksia ja elementtej\u00e4, kuten A- ja C-vitamiineja, CBD:t\u00e4, hyaluronihappoa ja karitevoita. CBD anti-ageing-voide rauhoittaa ihoa ja ehk\u00e4isee tai v\u00e4hent\u00e4\u00e4 ihon juonteita ja ryppyj\u00e4. CBD anti-ageing-voiteemme ansiosta ihosi ik\u00e4 pysyy ratkaisemattomana mysteerin\u00e4.","og_url":"https:\/\/ostacbd.ee\/fi\/toode\/cbd-anti-ageing-voide\/","og_site_name":"OstaCBD","article_modified_time":"2023-03-28T10:28:08+00:00","og_image":[{"width":825,"height":825,"url":"https:\/\/ostacbd.ee\/wp-content\/uploads\/2023\/03\/cbd-vananemisvastane-kreem.png","type":"image\/png"}],"twitter_card":"summary_large_image","twitter_misc":{"Arvioitu lukuaika":"1 minuutti"},"schema":{"@context":"https:\/\/schema.org","@graph":[{"@type":"WebPage","@id":"https:\/\/ostacbd.ee\/fi\/toode\/cbd-anti-ageing-voide\/","url":"https:\/\/ostacbd.ee\/fi\/toode\/cbd-anti-ageing-voide\/","name":"CBD anti-ageing-voide &#8226; OstaCBD","isPartOf":{"@id":"https:\/\/ostacbd.ee\/fi\/#website"},"datePublished":"2023-03-08T22:31:35+00:00","dateModified":"2023-03-28T10:28:08+00:00","breadcrumb":{"@id":"https:\/\/ostacbd.ee\/fi\/toode\/cbd-anti-ageing-voide\/#breadcrumb"},"inLanguage":"fi","potentialAction":[{"@type":"ReadAction","target":["https:\/\/ostacbd.ee\/fi\/toode\/cbd-anti-ageing-voide\/"]}]},{"@type":"BreadcrumbList","@id":"https:\/\/ostacbd.ee\/fi\/toode\/cbd-anti-ageing-voide\/#breadcrumb","itemListElement":[{"@type":"ListItem","position":1,"name":"Home","item":"https:\/\/ostacbd.ee\/fi\/"},{"@type":"ListItem","position":2,"name":"Shop","item":"https:\/\/ostacbd.ee\/fi\/shop\/"},{"@type":"ListItem","position":3,"name":"CBD anti-ageing-voide"}]},{"@type":"WebSite","@id":"https:\/\/ostacbd.ee\/fi\/#website","url":"https:\/\/ostacbd.ee\/fi\/","name":"OstaCBD","description":"","publisher":{"@id":"https:\/\/ostacbd.ee\/fi\/#organization"},"potentialAction":[{"@type":"SearchAction","target":{"@type":"EntryPoint","urlTemplate":"https:\/\/ostacbd.ee\/fi\/?s={search_term_string}"},"query-input":"required name=search_term_string"}],"inLanguage":"fi"},{"@type":"Organization","@id":"https:\/\/ostacbd.ee\/fi\/#organization","name":"OstaCBD.ee \u2022 Parim CBD Eestis","url":"https:\/\/ostacbd.ee\/fi\/","logo":{"@type":"ImageObject","inLanguage":"fi","@id":"https:\/\/ostacbd.ee\/fi\/#\/schema\/logo\/image\/","url":"https:\/\/ostacbd.ee\/wp-content\/uploads\/2023\/03\/cbd-favicon.jpg","contentUrl":"https:\/\/ostacbd.ee\/wp-content\/uploads\/2023\/03\/cbd-favicon.jpg","width":512,"height":512,"caption":"OstaCBD.ee \u2022 Parim CBD Eestis"},"image":{"@id":"https:\/\/ostacbd.ee\/fi\/#\/schema\/logo\/image\/"}}]}},"_links":{"self":[{"href":"https:\/\/ostacbd.ee\/fi\/wp-json\/wp\/v2\/product\/3226","targetHints":{"allow":["GET"]}}],"collection":[{"href":"https:\/\/ostacbd.ee\/fi\/wp-json\/wp\/v2\/product"}],"about":[{"href":"https:\/\/ostacbd.ee\/fi\/wp-json\/wp\/v2\/types\/product"}],"version-history":[{"count":1,"href":"https:\/\/ostacbd.ee\/fi\/wp-json\/wp\/v2\/product\/3226\/revisions"}],"predecessor-version":[{"id":3236,"href":"https:\/\/ostacbd.ee\/fi\/wp-json\/wp\/v2\/product\/3226\/revisions\/3236"}],"wp:featuredmedia":[{"embeddable":true,"href":"https:\/\/ostacbd.ee\/fi\/wp-json\/wp\/v2\/media\/2683"}],"wp:attachment":[{"href":"https:\/\/ostacbd.ee\/fi\/wp-json\/wp\/v2\/media?parent=3226"}],"wp:term":[{"taxonomy":"product_cat","embeddable":true,"href":"https:\/\/ostacbd.ee\/fi\/wp-json\/wp\/v2\/product_cat?post=3226"},{"taxonomy":"product_tag","embeddable":true,"href":"https:\/\/ostacbd.ee\/fi\/wp-json\/wp\/v2\/product_tag?post=3226"}],"curies":[{"name":"wp","href":"https:\/\/api.w.org\/{rel}","templated":true}]}}