{"id":3281,"date":"2023-03-08T23:20:55","date_gmt":"2023-03-08T21:20:55","guid":{"rendered":"https:\/\/ostacbd.ee\/toode\/cbd-suklaat-nallekarhut\/"},"modified":"2023-03-28T12:28:13","modified_gmt":"2023-03-28T10:28:13","slug":"cbd-suklaat-nallekarhut","status":"publish","type":"product","link":"https:\/\/ostacbd.ee\/fi\/toode\/cbd-suklaat-nallekarhut\/","title":{"rendered":"CBD-suklaat (nallekarhut)"},"content":{"rendered":"<p><strong>CBD-purukarhujen<\/strong> kulutus t\u00e4ytt\u00e4\u00e4 suositellun annoksen tai standardin. Karhut voivat sis\u00e4lt\u00e4\u00e4 jopa 10 mg CBD:t\u00e4 per nallekarhu. Yhden p\u00e4iv\u00e4n aikana tulisi nauttia enint\u00e4\u00e4n 200 mg. Pid\u00e4 siksi kumikarhut aina lasten, lemmikkiel\u00e4inten ja makeanhampaisten ulottumattomissa.<\/p>\n<p>Kaikki <strong>CBD-purukarhumme<\/strong> t\u00e4ytt\u00e4v\u00e4t kulutusvaatimukset. Kumitikut voivat kuitenkin vaikuttaa eri ihmisiin eri tavoin. Siksi suosittelemme allergisten reaktioiden ja herkkyyksien tarkistamista ennen CBD-purukarhujen nauttimista. Kaikki CBD-tuotteemme ovat alle 0,2 % THC:n lakis\u00e4\u00e4teisen rajan. N\u00e4m\u00e4 CBD-purukumit eiv\u00e4t sis\u00e4ll\u00e4 THC:t\u00e4, ainoastaan CBD:t\u00e4!<\/p>\n<p><strong>BuyCBD<\/strong> tarjoaa <strong>CBD-purukumikarhuja<\/strong> yksitt\u00e4is- tai irtotavarapakkauksissa. Mit\u00e4 enemm\u00e4n kappaleita tilaat, sit\u00e4 enemm\u00e4n alennusta saat! Kumimukeja on saatavilla kuudessa eri makuvaihtoehdossa: omena, mustaherukka, kirsikka, cola, appelsiini ja ananas. Etk\u00f6 osaa p\u00e4\u00e4tt\u00e4\u00e4, mist\u00e4 mausta pid\u00e4t eniten? Ei h\u00e4t\u00e4\u00e4, meill\u00e4 on my\u00f6s sekoituspakkaus, jotta voit kokeilla kaikkia herkullisia makujamme!<\/p>\n","protected":false},"excerpt":{"rendered":"<p><strong>CBD-purukumit<\/strong> sopivat t\u00e4ydellisesti kannabiksen harrastajille, jotka haluavat kokeilla CBD-tuotteita. Kumisilmut on infusoitu CBD:ll\u00e4, ja ne sis\u00e4lt\u00e4v\u00e4t CBD:t\u00e4 annoksen, joka on t\u00e4ydellinen p\u00e4ivitt\u00e4iseen k\u00e4ytt\u00f6\u00f6n. Kun kulutat <strong>CBD-kumikarhuja<\/strong>, et tunne CBD:n makua. T\u00e4m\u00e4n vuoksi n\u00e4m\u00e4 nallekarhut sopivat erinomaisesti k\u00e4ytt\u00e4jille, jotka eiv\u00e4t pid\u00e4 muiden voimakkaiden CBD-maustettujen tuotteiden mausta.<\/p>\n","protected":false},"featured_media":2647,"template":"","meta":[],"product_cat":[55],"product_tag":[],"class_list":["post-3281","product","type-product","status-publish","has-post-thumbnail","hentry","product_cat-cbd-ruoka"],"acf":[],"yoast_head":"<!-- This site is optimized with the Yoast SEO plugin v21.2 - https:\/\/yoast.com\/wordpress\/plugins\/seo\/ -->\n<title>CBD-suklaat (nallekarhut) &#8226; OstaCBD<\/title>\n<meta name=\"robots\" content=\"index, follow, max-snippet:-1, max-image-preview:large, max-video-preview:-1\" \/>\n<link rel=\"canonical\" href=\"https:\/\/ostacbd.ee\/fi\/toode\/cbd-suklaat-nallekarhut\/\" \/>\n<meta property=\"og:locale\" content=\"fi_FI\" \/>\n<meta property=\"og:type\" content=\"article\" \/>\n<meta property=\"og:title\" content=\"CBD-suklaat (nallekarhut) &#8226; OstaCBD\" \/>\n<meta property=\"og:description\" content=\"CBD-purukumit sopivat t\u00e4ydellisesti kannabiksen harrastajille, jotka haluavat kokeilla CBD-tuotteita. Kumisilmut on infusoitu CBD:ll\u00e4, ja ne sis\u00e4lt\u00e4v\u00e4t CBD:t\u00e4 annoksen, joka on t\u00e4ydellinen p\u00e4ivitt\u00e4iseen k\u00e4ytt\u00f6\u00f6n. Kun kulutat CBD-kumikarhuja, et tunne CBD:n makua. T\u00e4m\u00e4n vuoksi n\u00e4m\u00e4 nallekarhut sopivat erinomaisesti k\u00e4ytt\u00e4jille, jotka eiv\u00e4t pid\u00e4 muiden voimakkaiden CBD-maustettujen tuotteiden mausta.\" \/>\n<meta property=\"og:url\" content=\"https:\/\/ostacbd.ee\/fi\/toode\/cbd-suklaat-nallekarhut\/\" \/>\n<meta property=\"og:site_name\" content=\"OstaCBD\" \/>\n<meta property=\"article:modified_time\" content=\"2023-03-28T10:28:13+00:00\" \/>\n<meta property=\"og:image\" content=\"https:\/\/ostacbd.ee\/wp-content\/uploads\/2023\/03\/cbd-kommid-mix-1.png\" \/>\n\t<meta property=\"og:image:width\" content=\"875\" \/>\n\t<meta property=\"og:image:height\" content=\"875\" \/>\n\t<meta property=\"og:image:type\" content=\"image\/png\" \/>\n<meta name=\"twitter:card\" content=\"summary_large_image\" \/>\n<meta name=\"twitter:label1\" content=\"Arvioitu lukuaika\" \/>\n\t<meta name=\"twitter:data1\" content=\"1 minuutti\" \/>\n<!-- \/ Yoast SEO plugin. -->","yoast_head_json":{"title":"CBD-suklaat (nallekarhut) &#8226; OstaCBD","robots":{"index":"index","follow":"follow","max-snippet":"max-snippet:-1","max-image-preview":"max-image-preview:large","max-video-preview":"max-video-preview:-1"},"canonical":"https:\/\/ostacbd.ee\/fi\/toode\/cbd-suklaat-nallekarhut\/","og_locale":"fi_FI","og_type":"article","og_title":"CBD-suklaat (nallekarhut) &#8226; OstaCBD","og_description":"CBD-purukumit sopivat t\u00e4ydellisesti kannabiksen harrastajille, jotka haluavat kokeilla CBD-tuotteita. Kumisilmut on infusoitu CBD:ll\u00e4, ja ne sis\u00e4lt\u00e4v\u00e4t CBD:t\u00e4 annoksen, joka on t\u00e4ydellinen p\u00e4ivitt\u00e4iseen k\u00e4ytt\u00f6\u00f6n. Kun kulutat CBD-kumikarhuja, et tunne CBD:n makua. T\u00e4m\u00e4n vuoksi n\u00e4m\u00e4 nallekarhut sopivat erinomaisesti k\u00e4ytt\u00e4jille, jotka eiv\u00e4t pid\u00e4 muiden voimakkaiden CBD-maustettujen tuotteiden mausta.","og_url":"https:\/\/ostacbd.ee\/fi\/toode\/cbd-suklaat-nallekarhut\/","og_site_name":"OstaCBD","article_modified_time":"2023-03-28T10:28:13+00:00","og_image":[{"width":875,"height":875,"url":"https:\/\/ostacbd.ee\/wp-content\/uploads\/2023\/03\/cbd-kommid-mix-1.png","type":"image\/png"}],"twitter_card":"summary_large_image","twitter_misc":{"Arvioitu lukuaika":"1 minuutti"},"schema":{"@context":"https:\/\/schema.org","@graph":[{"@type":"WebPage","@id":"https:\/\/ostacbd.ee\/fi\/toode\/cbd-suklaat-nallekarhut\/","url":"https:\/\/ostacbd.ee\/fi\/toode\/cbd-suklaat-nallekarhut\/","name":"CBD-suklaat (nallekarhut) &#8226; OstaCBD","isPartOf":{"@id":"https:\/\/ostacbd.ee\/fi\/#website"},"datePublished":"2023-03-08T21:20:55+00:00","dateModified":"2023-03-28T10:28:13+00:00","breadcrumb":{"@id":"https:\/\/ostacbd.ee\/fi\/toode\/cbd-suklaat-nallekarhut\/#breadcrumb"},"inLanguage":"fi","potentialAction":[{"@type":"ReadAction","target":["https:\/\/ostacbd.ee\/fi\/toode\/cbd-suklaat-nallekarhut\/"]}]},{"@type":"BreadcrumbList","@id":"https:\/\/ostacbd.ee\/fi\/toode\/cbd-suklaat-nallekarhut\/#breadcrumb","itemListElement":[{"@type":"ListItem","position":1,"name":"Home","item":"https:\/\/ostacbd.ee\/fi\/"},{"@type":"ListItem","position":2,"name":"Shop","item":"https:\/\/ostacbd.ee\/fi\/shop\/"},{"@type":"ListItem","position":3,"name":"CBD-suklaat (nallekarhut)"}]},{"@type":"WebSite","@id":"https:\/\/ostacbd.ee\/fi\/#website","url":"https:\/\/ostacbd.ee\/fi\/","name":"OstaCBD","description":"","publisher":{"@id":"https:\/\/ostacbd.ee\/fi\/#organization"},"potentialAction":[{"@type":"SearchAction","target":{"@type":"EntryPoint","urlTemplate":"https:\/\/ostacbd.ee\/fi\/?s={search_term_string}"},"query-input":"required name=search_term_string"}],"inLanguage":"fi"},{"@type":"Organization","@id":"https:\/\/ostacbd.ee\/fi\/#organization","name":"OstaCBD.ee \u2022 Parim CBD Eestis","url":"https:\/\/ostacbd.ee\/fi\/","logo":{"@type":"ImageObject","inLanguage":"fi","@id":"https:\/\/ostacbd.ee\/fi\/#\/schema\/logo\/image\/","url":"https:\/\/ostacbd.ee\/wp-content\/uploads\/2023\/03\/cbd-favicon.jpg","contentUrl":"https:\/\/ostacbd.ee\/wp-content\/uploads\/2023\/03\/cbd-favicon.jpg","width":512,"height":512,"caption":"OstaCBD.ee \u2022 Parim CBD Eestis"},"image":{"@id":"https:\/\/ostacbd.ee\/fi\/#\/schema\/logo\/image\/"}}]}},"_links":{"self":[{"href":"https:\/\/ostacbd.ee\/fi\/wp-json\/wp\/v2\/product\/3281","targetHints":{"allow":["GET"]}}],"collection":[{"href":"https:\/\/ostacbd.ee\/fi\/wp-json\/wp\/v2\/product"}],"about":[{"href":"https:\/\/ostacbd.ee\/fi\/wp-json\/wp\/v2\/types\/product"}],"version-history":[{"count":1,"href":"https:\/\/ostacbd.ee\/fi\/wp-json\/wp\/v2\/product\/3281\/revisions"}],"predecessor-version":[{"id":3289,"href":"https:\/\/ostacbd.ee\/fi\/wp-json\/wp\/v2\/product\/3281\/revisions\/3289"}],"wp:featuredmedia":[{"embeddable":true,"href":"https:\/\/ostacbd.ee\/fi\/wp-json\/wp\/v2\/media\/2647"}],"wp:attachment":[{"href":"https:\/\/ostacbd.ee\/fi\/wp-json\/wp\/v2\/media?parent=3281"}],"wp:term":[{"taxonomy":"product_cat","embeddable":true,"href":"https:\/\/ostacbd.ee\/fi\/wp-json\/wp\/v2\/product_cat?post=3281"},{"taxonomy":"product_tag","embeddable":true,"href":"https:\/\/ostacbd.ee\/fi\/wp-json\/wp\/v2\/product_tag?post=3281"}],"curies":[{"name":"wp","href":"https:\/\/api.w.org\/{rel}","templated":true}]}}